{"id":54053,"date":"2021-01-16T14:12:58","date_gmt":"2021-01-16T11:12:58","guid":{"rendered":"http:\/\/perfectvenue.es\/?post_type=product&#038;p=54053"},"modified":"2026-02-16T22:11:56","modified_gmt":"2026-02-16T19:11:56","slug":"deposito-arpa-deposito-decoracion-floral-en-son-marroig","status":"publish","type":"product","link":"https:\/\/perfectvenue.es\/ru\/product\/deposito-arpa-deposito-decoracion-floral-en-son-marroig\/","title":{"rendered":"Dep\u00f3sito arpa + dep\u00f3sito decoraci\u00f3n floral en Son Marroig"},"content":{"rendered":"<p class=\"qtranxs-available-languages-message qtranxs-available-languages-message-ru\">\u0418\u0437\u0432\u0438\u043d\u0438\u0442\u0435, \u044d\u0442\u043e\u0442 \u0442\u0435\u0445\u0442 \u0434\u043e\u0441\u0442\u0443\u043f\u0435\u043d \u0442\u043e\u043b\u044c\u043a\u043e \u0432 &ldquo;<a href=\"https:\/\/perfectvenue.es\/es\/wp-json\/wp\/v2\/product\/54053\" class=\"qtranxs-available-language-link qtranxs-available-language-link-es\" title=\"Espa\u00f1ol\">Espa\u00f1ol<\/a>&rdquo;.<\/p>","protected":false},"excerpt":{"rendered":"<p class=\"qtranxs-available-languages-message qtranxs-available-languages-message-ru\">\u0418\u0437\u0432\u0438\u043d\u0438\u0442\u0435, \u044d\u0442\u043e\u0442 \u0442\u0435\u0445\u0442 \u0434\u043e\u0441\u0442\u0443\u043f\u0435\u043d \u0442\u043e\u043b\u044c\u043a\u043e \u0432 &ldquo;<a href=\"https:\/\/perfectvenue.es\/es\/wp-json\/wp\/v2\/product\/54053\" class=\"qtranxs-available-language-link qtranxs-available-language-link-es\" title=\"Espa\u00f1ol\">Espa\u00f1ol<\/a>&rdquo;.<\/p>\n","protected":false},"featured_media":54117,"comment_status":"closed","ping_status":"closed","template":"","meta":[],"class_list":["post-54053","product","type-product","status-publish","has-post-thumbnail","hentry","product_cat-marriage-proposal-packages","product_tag-son-marroig"],"jetpack_sharing_enabled":true,"_links":{"self":[{"href":"https:\/\/perfectvenue.es\/ru\/wp-json\/wp\/v2\/product\/54053","targetHints":{"allow":["GET"]}}],"collection":[{"href":"https:\/\/perfectvenue.es\/ru\/wp-json\/wp\/v2\/product"}],"about":[{"href":"https:\/\/perfectvenue.es\/ru\/wp-json\/wp\/v2\/types\/product"}],"replies":[{"embeddable":true,"href":"https:\/\/perfectvenue.es\/ru\/wp-json\/wp\/v2\/comments?post=54053"}],"wp:featuredmedia":[{"embeddable":true,"href":"https:\/\/perfectvenue.es\/ru\/wp-json\/wp\/v2\/media\/54117"}],"wp:attachment":[{"href":"https:\/\/perfectvenue.es\/ru\/wp-json\/wp\/v2\/media?parent=54053"}],"curies":[{"name":"wp","href":"https:\/\/api.w.org\/{rel}","templated":true}]}}