{"id":975,"date":"2015-11-09T14:18:49","date_gmt":"2015-11-09T14:18:49","guid":{"rendered":"https:\/\/pixelgrade.com\/demos\/listable-stock\/?post_type=product&#038;p=975"},"modified":"2022-12-09T13:31:44","modified_gmt":"2022-12-09T10:31:44","slug":"la-magia-de-volver-a-otra-epoca","status":"publish","type":"product","link":"https:\/\/perfectvenue.es\/es\/product\/la-magia-de-volver-a-otra-epoca\/","title":{"rendered":"La magia de volver a otra \u00e9poca"},"content":{"rendered":"<p><\/p>\n<p style=\"text-align: justify;\">Qu\u00e9 mejor manera de sorprender a tu pareja que siendo recogidos por un elegante y lujoso veh\u00edculo de \u00e9poca en el cual, un atento y discreto conductor, os conducir\u00e1 por las calles m\u00e1s emblem\u00e1ticas y bellas de Madrid mientras os ofrece todo tipo de servicios, como, por ejemplo, una exquisita copa de champ\u00e1n; aquella m\u00fasica de vuestra elecci\u00f3n que os traiga los recuerdos m\u00e1s bonitos de vuestra relaci\u00f3n; o cualquier otro detalle que os parezca interesante incluir en vuestro paseo rom\u00e1ntico por la capital, paseo de la mano de una de las mejores y m\u00e1s cercanas y cualificadas empresas de veh\u00edculos de alta gama con conductor,<a href=\"https:\/\/perfectvenue.es\/2019\/10\/03\/luxe-and-professionalism-on-wheels-iberocab\/\"> <u>Iberocab.<\/u><\/a><\/p>\n<p style=\"text-align: justify;\">Tras un paseo inolvidable, un destino no menos sorprendente, el restaurante <a href=\"https:\/\/perfectvenue.es\/listings\/restaurant-sinsombrero\/\"><u>Sinsombrero<\/u><\/a>, en pleno Paseo de la Castellana. Descendemos de nuestro lujoso coche de \u00e9poca para adentrarnos en un espacio gastron\u00f3mico \u00fanico dise\u00f1ado al m\u00e1s puro estilo Art Dec\u00f3 de los a\u00f1os 20. Aqu\u00ed podremos disfrutar de un men\u00fa perfectamente ejecutado y presentado seg\u00fan vuestras preferencias gastron\u00f3micas y bajo un exquisito trato personal.<\/p>\n<p style=\"text-align: justify;\">Nuestra sugerencia es cenar en The Chapel, el \u00edntimo jard\u00edn que alberga Sinsombrero. Entre frondosa vegetaci\u00f3n y la belleza y romanticismo de una preciosa iglesia evang\u00e9lica luterana de 1909, este espacio nos ofrece, bajo sus balcones, p\u00f3rticos y claustro, el lugar ideal para una pedida de mano inolvidable o, simplemente, recordar a esa persona especial lo mucho que la queremos.<\/p>\n<p style=\"text-align: justify;\">Si pensabais que nuestra propuesta acababa aqu\u00ed, estabais muy equivocados. Como guinda del pastel a vuestra velada, \u00bfqu\u00e9 os parece una versi\u00f3n personalizada de vuestra canci\u00f3n preferida, o que pongan m\u00fasica y voz a una letra que vosotros mismos hay\u00e1is creado, especialmente, para la otra persona o para esa ocasi\u00f3n singular? En este caso, es <a href=\"https:\/\/perfectvenue.es\/2019\/08\/06\/memorable-experience-with-viva-voz-friends\/\"><u>Viva Voz &amp; Friends<\/u><\/a> quien se encarga de acompa\u00f1aros en vuestra velada, poniendo banda sonora a vuestro inigualable plan. Nada mas sorprendente que el escuchar en directo una composici\u00f3n musical que recree vuestra historia, que impregne de emoci\u00f3n, a\u00fan m\u00e1s si cabe, vuestro momento. Un detalle tan personal y \u00fanico que quedar\u00e1 para siempre grabado en vuestra retina, y en vuestro coraz\u00f3n\u2026<\/p>\n<p style=\"text-align: justify;\">Y, tras una gran velada, una gran noche. Vuestro veh\u00edculo os estar\u00e1 esperando para trasladaros a <a href=\"https:\/\/perfectvenue.es\/listings\/gran-melia-palacio-de-los-duques\/\"><u>Gran Meli\u00e1 Palacio de los Duques<\/u><\/a>. Nada m\u00e1s llegar, ya podr\u00e9is disfrutar de su incre\u00edble fachada isabelina, tras ella, suelos de m\u00e1rmol, altos techos y un precioso patio central os recibir\u00e1n y dar\u00e1n acceso a este prestigioso hotel de lujo ubicado en un antiguo palacio del S XIX. Su estilo cl\u00e1sico y se\u00f1orial nos har\u00e1n sentir parte de la historia en un entorno verdaderamente confortable. Vuestra habitaci\u00f3n o suite os esperar\u00e1 ascendiendo por las bonitas escalinatas que nos dirigen al piso superior, \u00bfUna copa de champan en el jacuzzi? \u00bfUna visita a su azotea para disfrutar de las mejores vistas del centro hist\u00f3rico de la ciudad acompa\u00f1adas de un delicioso coctel? \u00bfQu\u00e9 os apetece para acabar el d\u00eda en este monumental espacio? Cualquier opci\u00f3n es buena si se trata de disfrutar de la mejor compa\u00f1\u00eda, la vuestra. Hacednos llegar vuestras apetencias e ideas y dejad en nuestras manos la organizaci\u00f3n del mejor plan.<\/p>\n<p><\/p>","protected":false},"excerpt":{"rendered":"<p><strong>THE PERFECT PLAN EN MADRID<\/strong><\/p>\n","protected":false},"featured_media":23131,"comment_status":"open","ping_status":"closed","template":"","meta":[],"class_list":["post-975","product","type-product","status-publish","has-post-thumbnail","hentry","product_cat-things-to-do","product_tag-experiencia-madrid","product_tag-experiencia-romantica","product_tag-experiencia-unica"],"_links":{"self":[{"href":"https:\/\/perfectvenue.es\/es\/wp-json\/wp\/v2\/product\/975","targetHints":{"allow":["GET"]}}],"collection":[{"href":"https:\/\/perfectvenue.es\/es\/wp-json\/wp\/v2\/product"}],"about":[{"href":"https:\/\/perfectvenue.es\/es\/wp-json\/wp\/v2\/types\/product"}],"replies":[{"embeddable":true,"href":"https:\/\/perfectvenue.es\/es\/wp-json\/wp\/v2\/comments?post=975"}],"wp:featuredmedia":[{"embeddable":true,"href":"https:\/\/perfectvenue.es\/es\/wp-json\/wp\/v2\/media\/23131"}],"wp:attachment":[{"href":"https:\/\/perfectvenue.es\/es\/wp-json\/wp\/v2\/media?parent=975"}],"curies":[{"name":"wp","href":"https:\/\/api.w.org\/{rel}","templated":true}]}}