{"id":56178,"date":"2026-05-05T14:28:38","date_gmt":"2026-05-05T11:28:38","guid":{"rendered":"https:\/\/perfectvenue.es\/?post_type=product&#038;p=56178"},"modified":"2026-05-05T14:28:40","modified_gmt":"2026-05-05T11:28:40","slug":"inflatable-castle-for-first-communion-in-madrid","status":"publish","type":"product","link":"https:\/\/perfectvenue.es\/es\/product\/inflatable-castle-for-first-communion-in-madrid\/","title":{"rendered":"Castillo hinchable para comuni\u00f3n en Madrid: Bubble Home para fiestas infantiles y celebraciones con estilo"},"content":{"rendered":"<p><\/p>\n<p style=\"text-align: justify;\">El castillo hinchable para comuni\u00f3n en Madrid o Bubble Home es una manera original y divertida de ambientar cualquier celebraci\u00f3n. Se trata de un castillo de bolas que puedes personalizar a tu gusto. Desde el tama\u00f1o hasta la tem\u00e1tica, que va desde princesas hasta superh\u00e9roes.<\/p>\n<p style=\"text-align: justify;\"><span style=\"font-weight: 400;\">Cada montaje incluye un castillo con bolas de colores, lona de protecci\u00f3n, bomba de aire, montaje y desmontaje. Adem\u00e1s, siempre puedes a\u00f1adir a un monitor o responsable para que supervise a los ni\u00f1os durante su uso.<\/span><\/p>\n<p style=\"text-align: justify;\"><span style=\"font-weight: 400;\">El castillo hinchable es c\u00f3modo y se adapta f\u00e1cilmente a cualquier rinc\u00f3n de tu fiesta. Tambi\u00e9n es seguro para los ni\u00f1os. Por eso, nuestro servicio convierte una simple sala o jard\u00edn en un mundo m\u00e1gico, donde los m\u00e1s peque\u00f1os se lo pasan en grande.<\/span><\/p>\n<p style=\"text-align: justify;\"><span style=\"font-weight: 400;\">No solo es ideal para fiestas infantiles y comuniones, sino tambi\u00e9n para bodas. Mientras los mayores disfrutan y se relajan en el evento, los ni\u00f1os se distraen en el castillo hinchable sin molestar a nadie. Adem\u00e1s, puedes complementarlo con una zona de dibujo, cuentos o actividades tranquilas. \u00bfA qu\u00e9 esperas?<\/span><\/p>\n<h3 style=\"text-align: justify;\">Lo que incluye tu alquiler de castillo hinchable para comuni\u00f3n en Madrid:<\/h3>\n<ul>\n<li><span style=\"font-weight: 400;\">Un castillo y muchas bolas con colores a elegir<\/span><\/li>\n<li><span style=\"font-weight: 400;\">Bomba de aire<\/span><\/li>\n<li><span style=\"font-weight: 400;\">Lona de protecci\u00f3n<\/span><\/li>\n<li><span style=\"font-weight: 400;\">Montaje y desmontaje\u00a0<\/span><\/li>\n<\/ul>\n<p>Precio: a consultar<\/p>\n<h3 style=\"text-align: justify;\"><span style=\"font-weight: 400;\">Se puede a\u00f1adir:<\/span><\/h3>\n<ul style=\"text-align: justify;\">\n<li style=\"font-weight: 400;\" aria-level=\"1\"><span style=\"font-weight: 400;\">Animadores infantiles<\/span><\/li>\n<li style=\"font-weight: 400;\" aria-level=\"1\"><span style=\"font-weight: 400;\">Merienda personalizada<\/span><\/li>\n<li style=\"font-weight: 400;\" aria-level=\"1\"><span style=\"font-weight: 400;\">Juegos o rinc\u00f3n art\u00edstico<\/span><\/li>\n<li style=\"font-weight: 400;\" aria-level=\"1\"><span style=\"font-weight: 400;\">Fot\u00f3grafo<\/span><\/li>\n<li style=\"font-weight: 400;\" aria-level=\"1\"><span style=\"font-weight: 400;\">Mago<\/span><\/li>\n<li style=\"font-weight: 400;\" aria-level=\"1\"><span style=\"font-weight: 400;\">\u00a1Config\u00faralo como t\u00fa quieras!<\/span><\/li>\n<\/ul>\n<h3 style=\"text-align: justify;\"><span style=\"font-weight: 400;\">Facilidad de pago<\/span><\/h3>\n<p style=\"text-align: justify;\"><span style=\"font-weight: 400;\">Nuestro servicio de alquiler de castillo hinchable para comuni\u00f3n en Madrid es divertido a la vez que pr\u00e1ctico. Tambi\u00e9n es adaptable a cada tipo de evento. Creamos espacios \u00fanicos donde los ni\u00f1os pueden jugar y vivir su propia aventura mientras t\u00fa disfrutas del momento.<\/span><\/p>\n<p style=\"text-align: justify;\"><span style=\"font-weight: 400;\">Haz de tu celebraci\u00f3n algo especial con nuestro alquiler de castillo hinchable. \u00a1D\u00e9jalos divertirse a lo grande!<\/span><\/p>\n<p style=\"text-align: justify;\"><span style=\"font-weight: 400;\">Nota importante: Las tarifas no son reembolsables en caso de cancelaci\u00f3n del evento por cualquier motivo. Puedes reservar con un adelanto y el resto pagarlo el d\u00eda del evento.<\/span><\/p>\n<p><\/p>","protected":false},"excerpt":{"rendered":"<p style=\"text-align: justify;\">Convierte tu fiesta en una experiencia \u00fanica con nuestro castillo hinchable para comuni\u00f3n en Madrid o Bubble Home. Es ideal para fiestas infantiles, cumplea\u00f1os, comuniones, bodas o pijamadas. <strong>Precio a consultar. Puedes reservar con un adelanto y personalizar todos los detalles.<\/strong><\/p>\n","protected":false},"featured_media":56179,"comment_status":"closed","ping_status":"closed","template":"","meta":[],"class_list":["post-56178","product","type-product","status-publish","has-post-thumbnail","hentry","product_cat-organizamos-tu-comunion"],"_links":{"self":[{"href":"https:\/\/perfectvenue.es\/es\/wp-json\/wp\/v2\/product\/56178","targetHints":{"allow":["GET"]}}],"collection":[{"href":"https:\/\/perfectvenue.es\/es\/wp-json\/wp\/v2\/product"}],"about":[{"href":"https:\/\/perfectvenue.es\/es\/wp-json\/wp\/v2\/types\/product"}],"replies":[{"embeddable":true,"href":"https:\/\/perfectvenue.es\/es\/wp-json\/wp\/v2\/comments?post=56178"}],"wp:featuredmedia":[{"embeddable":true,"href":"https:\/\/perfectvenue.es\/es\/wp-json\/wp\/v2\/media\/56179"}],"wp:attachment":[{"href":"https:\/\/perfectvenue.es\/es\/wp-json\/wp\/v2\/media?parent=56178"}],"curies":[{"name":"wp","href":"https:\/\/api.w.org\/{rel}","templated":true}]}}