{"id":56155,"date":"2026-05-05T12:38:32","date_gmt":"2026-05-05T09:38:32","guid":{"rendered":"https:\/\/perfectvenue.es\/?post_type=product&#038;p=56155"},"modified":"2026-05-05T12:38:34","modified_gmt":"2026-05-05T09:38:34","slug":"communion-with-workshops-in-madrid","status":"publish","type":"product","link":"https:\/\/perfectvenue.es\/es\/product\/communion-with-workshops-in-madrid\/","title":{"rendered":"Comuni\u00f3n con talleres en Madrid: taller de dise\u00f1o de gorras, \u00a1un \u00e9xito!"},"content":{"rendered":"<p><\/p>\n<p style=\"text-align: justify;\"><span style=\"font-weight: 400;\">\u00bfBuscas una actividad original y divertida? Una comuni\u00f3n con talleres en Madrid es para ti! El taller de dise\u00f1o de gorras es la opci\u00f3n ideal para que los ni\u00f1os se expresen, se diviertan y se lleven un recuerdo \u00fanico a casa.<\/span><\/p>\n<p style=\"text-align: justify;\"><span style=\"font-weight: 400;\">En este taller, cada ni\u00f1o podr\u00e1 dise\u00f1ar, pintar y decorar su propia gorra, eligiendo colores, dibujos y adornos que reflejen su personalidad. Contamos con materiales variados y seguros para ni\u00f1os: rotuladores textiles, pegatinas, purpurina, lentejuelas, cintas, abalorios y mucho m\u00e1s. Todo est\u00e1 pensado para que la actividad sea creativa, entretenida y completamente segura (recomendado para mayores de 3 a\u00f1os debido al uso de piezas peque\u00f1as).<\/span><\/p>\n<p style=\"text-align: justify;\"><span style=\"font-weight: 400;\">Adem\u00e1s, el taller se puede personalizar seg\u00fan la tem\u00e1tica de la fiesta: superh\u00e9roes, princesas, animales, personajes favoritos&#8230; \u00a1T\u00fa eliges! Tambi\u00e9n podemos sumar m\u00fasica divertida, premios o diplomas para todos los participantes, haciendo que cada ni\u00f1o se sienta protagonista y orgulloso de su creaci\u00f3n.<\/span><\/p>\n<p style=\"text-align: justify;\"><span style=\"font-weight: 400;\">Sin duda, incluir este taller de dise\u00f1o de gorras en tu evento ser\u00e1 lo m\u00e1s comentado de tu comuni\u00f3n con talleres en Madrid. Y es que es una manera original y emocionante de fomentar la creatividad infantil, asegurar la diversi\u00f3n y dejar un recuerdo inolvidable. \u00a1Tu evento ser\u00e1 todo un \u00e9xito!<\/span><\/p>\n<h3 style=\"text-align: justify;\"><span style=\"font-weight: 400;\">Lo que incluye tu taller de dise\u00f1o de gorras en tu comuni\u00f3n con talleres en Madrid:<\/span><\/h3>\n<ul>\n<li><span style=\"font-weight: 400;\">Materiales<\/span><\/li>\n<li><span style=\"font-weight: 400;\">Gorras<\/span><\/li>\n<li><span style=\"font-weight: 400;\">Parches<\/span><\/li>\n<li><span style=\"font-weight: 400;\">Abalorios<\/span><\/li>\n<li><span style=\"font-weight: 400;\">Rotuladores<\/span><\/li>\n<li><span style=\"font-weight: 400;\">Pegamento<\/span><\/li>\n<li><span style=\"font-weight: 400;\">Tijeras<\/span><\/li>\n<li><span style=\"font-weight: 400;\">Llaveros<\/span><\/li>\n<li><span style=\"font-weight: 400;\">Purpurina<\/span><\/li>\n<li><span style=\"font-weight: 400;\">Montaje y desmontaje\u00a0<\/span><\/li>\n<\/ul>\n<p style=\"text-align: justify;\"><b>Precio a consultar:<\/b><\/p>\n<h3 style=\"text-align: justify;\"><span style=\"font-weight: 400;\">Se puede a\u00f1adir:<\/span><\/h3>\n<ul style=\"text-align: justify;\">\n<li style=\"font-weight: 400;\" aria-level=\"1\"><span style=\"font-weight: 400;\">Animadores infantiles<\/span><\/li>\n<li style=\"font-weight: 400;\" aria-level=\"1\"><span style=\"font-weight: 400;\">Merienda personalizada<\/span><\/li>\n<li style=\"font-weight: 400;\" aria-level=\"1\"><span style=\"font-weight: 400;\">Juegos o rinc\u00f3n art\u00edstico<\/span><\/li>\n<li style=\"font-weight: 400;\" aria-level=\"1\"><span style=\"font-weight: 400;\">Fot\u00f3grafo<\/span><\/li>\n<li style=\"font-weight: 400;\" aria-level=\"1\"><span style=\"font-weight: 400;\">Mago<\/span><\/li>\n<li style=\"font-weight: 400;\" aria-level=\"1\"><span style=\"font-weight: 400;\">\u00a1Config\u00faralo como t\u00fa quieras!<\/span><\/li>\n<\/ul>\n<h3 style=\"text-align: justify;\"><span style=\"font-weight: 400;\">Facilidad de pago<\/span><\/h3>\n<p style=\"text-align: justify;\"><span style=\"font-weight: 400;\">Nuestro alquiler de taller de dise\u00f1o de gorras es divertido a la vez que pr\u00e1ctico. Se adapta a cada rinc\u00f3n que desees. Por eso, creamos espacios \u00fanicos donde los ni\u00f1os pueden crear e inspirarse mientras t\u00fa tambi\u00e9n disfrutas de la comuni\u00f3n con talleres en Madrid.<\/span><\/p>\n<p style=\"text-align: justify;\"><span style=\"font-weight: 400;\">Haz de tu celebraci\u00f3n algo especial con nuestro taller. \u00a1D\u00e9jalos imaginar a lo grande!<\/span><\/p>\n<p style=\"text-align: justify;\"><span style=\"font-weight: 400;\">Nota importante: Las tarifas no son reembolsables en caso de cancelaci\u00f3n del evento por cualquier motivo. Puede reservar con un adelanto y el resto pagarlo el d\u00eda del evento.<\/span><\/p>\n<p><\/p>","protected":false},"excerpt":{"rendered":"<p style=\"text-align: justify;\"><span style=\"font-weight: 400;\">Convierte tu fiesta en una experiencia \u00fanica con nuestro taller de dise\u00f1o de gorras. Es ideal para fiestas infantiles, cumplea\u00f1os, comuniones, bodas o pijamadas. <\/span><b>Precio a consultar. Puedes reservar con un adelanto y personalizar todos los detalles.<\/b><\/p>\n","protected":false},"featured_media":56165,"comment_status":"closed","ping_status":"closed","template":"","meta":[],"class_list":["post-56155","product","type-product","status-publish","has-post-thumbnail","hentry","product_cat-organizamos-tu-comunion"],"_links":{"self":[{"href":"https:\/\/perfectvenue.es\/es\/wp-json\/wp\/v2\/product\/56155","targetHints":{"allow":["GET"]}}],"collection":[{"href":"https:\/\/perfectvenue.es\/es\/wp-json\/wp\/v2\/product"}],"about":[{"href":"https:\/\/perfectvenue.es\/es\/wp-json\/wp\/v2\/types\/product"}],"replies":[{"embeddable":true,"href":"https:\/\/perfectvenue.es\/es\/wp-json\/wp\/v2\/comments?post=56155"}],"wp:featuredmedia":[{"embeddable":true,"href":"https:\/\/perfectvenue.es\/es\/wp-json\/wp\/v2\/media\/56165"}],"wp:attachment":[{"href":"https:\/\/perfectvenue.es\/es\/wp-json\/wp\/v2\/media?parent=56155"}],"curies":[{"name":"wp","href":"https:\/\/api.w.org\/{rel}","templated":true}]}}