{"id":56118,"date":"2026-05-04T15:36:27","date_gmt":"2026-05-04T12:36:27","guid":{"rendered":"https:\/\/perfectvenue.es\/?post_type=product&#038;p=56118"},"modified":"2026-05-04T15:37:25","modified_gmt":"2026-05-04T12:37:25","slug":"photocall-para-eventos-en-madrid","status":"publish","type":"product","link":"https:\/\/perfectvenue.es\/es\/product\/photocall-para-eventos-en-madrid\/","title":{"rendered":"Fotomat\u00f3n con fotos ilimitadas: photocall para eventos en Madrid"},"content":{"rendered":"<p><\/p>\n<p style=\"text-align: justify;\"><span style=\"font-weight: 400;\">Si quieres animar tu evento y crear recuerdos al instante, este photocall es la opci\u00f3n ideal. Nuestro fotomat\u00f3n permite a los invitados hacerse fotos de forma ilimitada, llev\u00e1ndose cada imagen impresa al momento.<\/span><\/p>\n<p style=\"text-align: justify;\"><span style=\"font-weight: 400;\">Es una experiencia din\u00e1mica y muy participativa, donde los invitados disfrutan posando, riendo y creando recuerdos \u00fanicos. Gracias al atrezzo variado y a la lona de fondo con diferentes dise\u00f1os, cada foto es distinta y personalizada.<\/span><\/p>\n<p style=\"text-align: justify;\"><span style=\"font-weight: 400;\">Adem\u00e1s, puedes incluir tu logo o dise\u00f1o en cada impresi\u00f3n, lo que lo convierte tambi\u00e9n en una herramienta perfecta para eventos de marca o empresa.<\/span><\/p>\n<p style=\"text-align: justify;\"><span style=\"font-weight: 400;\">El servicio est\u00e1 atendido por personal especializado que se encarga de que todo funcione perfectamente durante el evento.<\/span><\/p>\n<p style=\"text-align: justify;\"><span style=\"font-weight: 400;\">Al finalizar, recibir\u00e1s todas las fotos en formato digital para conservar cada momento.<\/span><\/p>\n<h2 style=\"text-align: justify;\">Lo que incluye<\/h2>\n<ul style=\"text-align: justify;\">\n<li style=\"text-align: justify;\"><span style=\"font-weight: 400;\">Montaje previo, desmontaje y transporte<\/span><span style=\"font-weight: 400;\"><br \/>\n<\/span><\/li>\n<li style=\"text-align: justify;\"><span style=\"font-weight: 400;\">Personal especializado<\/span><span style=\"font-weight: 400;\"><br \/>\n<\/span><\/li>\n<li style=\"text-align: justify;\"><span style=\"font-weight: 400;\">Toma de fotos ilimitadas impresas al momento<\/span><span style=\"font-weight: 400;\"><br \/>\n<\/span><\/li>\n<li style=\"text-align: justify;\"><span style=\"font-weight: 400;\">Copias ilimitadas para todos los invitados<\/span><span style=\"font-weight: 400;\"><br \/>\n<\/span><\/li>\n<li style=\"text-align: justify;\"><span style=\"font-weight: 400;\">Personalizaci\u00f3n de las fotos con logo en cada impresi\u00f3n (con dise\u00f1ador gr\u00e1fico a vuestra dis <\/span><span style=\"font-weight: 400;\">posici\u00f3n)<\/span><\/li>\n<li style=\"text-align: justify;\"><span style=\"font-weight: 400;\">Atrezzo variado<\/span><span style=\"font-weight: 400;\"><br \/>\n<\/span><\/li>\n<li style=\"text-align: justify;\"><span style=\"font-weight: 400;\">Lona gigante con 20 modelos a elegir<\/span><span style=\"font-weight: 400;\"><br \/>\n<\/span><\/li>\n<li style=\"text-align: justify;\"><span style=\"font-weight: 400;\">Entrega de las fotos por email (WeTransfer)<\/span><\/li>\n<\/ul>\n<h2 style=\"text-align: justify;\">Duraci\u00f3n<\/h2>\n<p style=\"text-align: justify;\"><span style=\"font-weight: 400;\">4 horas<\/span><\/p>\n<h2 style=\"text-align: justify;\">Precio<\/h2>\n<p style=\"text-align: justify;\"><strong>Precio: 450 \u20ac + IVA<\/strong><\/p>\n<p style=\"text-align: justify;\"><span style=\"font-weight: 400;\">Dep\u00f3sito: 73,81 \u20ac<\/span><span style=\"font-weight: 400;\"><br \/>\n<\/span><span style=\"font-weight: 400;\">Resto: 470,69 \u20ac (se puede abonar el mismo d\u00eda del evento)<\/span><\/p>\n<h2 style=\"text-align: justify;\">Se puede a\u00f1adir<\/h2>\n<ul style=\"text-align: justify;\">\n<li style=\"text-align: justify;\"><span style=\"font-weight: 400;\">V\u00eddeo del evento<\/span><span style=\"font-weight: 400;\"><br \/>\n<\/span><\/li>\n<li style=\"text-align: justify;\"><span style=\"font-weight: 400;\">Fot\u00f3grafo<\/span><span style=\"font-weight: 400;\"><br \/>\n<\/span><\/li>\n<li style=\"text-align: justify;\"><span style=\"font-weight: 400;\">Decoraci\u00f3n personalizada<\/span><span style=\"font-weight: 400;\"><br \/>\n<\/span><\/li>\n<li style=\"text-align: justify;\"><span style=\"font-weight: 400;\">Fuente de chocolate<\/span><span style=\"font-weight: 400;\"><br \/>\n<\/span><\/li>\n<li style=\"text-align: justify;\"><span style=\"font-weight: 400;\">Algod\u00f3n de az\u00facar<\/span><span style=\"font-weight: 400;\"><br \/>\n<\/span><\/li>\n<li style=\"text-align: justify;\"><span style=\"font-weight: 400;\">Todo lo que necesites para tu evento<\/span><\/li>\n<\/ul>\n<p style=\"text-align: justify;\"><span style=\"font-weight: 400;\">\u00a1Config\u00faralo como quieras!<\/span><\/p>\n<h2 style=\"text-align: justify;\">Facilidad de pago<\/h2>\n<p style=\"text-align: justify;\"><span style=\"font-weight: 400;\">Puedes reservar con un dep\u00f3sito y abonar el resto c\u00f3modamente el mismo d\u00eda del evento.<\/span><\/p>\n<p style=\"text-align: justify;\">Nota importante: <span style=\"font-weight: 400;\">Las tarifas no son reembolsables en caso de cancelaci\u00f3n del evento por cualquier motivo<\/span><\/p>\n<p><\/p>","protected":false},"excerpt":{"rendered":"<p style=\"text-align: justify;\"><span style=\"font-weight: 400;\">A\u00f1ade un toque divertido y memorable a tu evento con nuestro servicio de fotomat\u00f3n con fotos ilimitadas. Perfecto para bodas, cumplea\u00f1os, eventos corporativos y celebraciones privadas en Madrid. <strong>Precio: 450 \u20ac + IVA. Puedes reservar con un dep\u00f3sito y pagar el resto el mismo d\u00eda del evento.<\/strong><\/span><\/p>\n","protected":false},"featured_media":56120,"comment_status":"closed","ping_status":"closed","template":"","meta":[],"class_list":["post-56118","product","type-product","status-publish","has-post-thumbnail","hentry","product_cat-corners-for-events-and-weddings"],"_links":{"self":[{"href":"https:\/\/perfectvenue.es\/es\/wp-json\/wp\/v2\/product\/56118","targetHints":{"allow":["GET"]}}],"collection":[{"href":"https:\/\/perfectvenue.es\/es\/wp-json\/wp\/v2\/product"}],"about":[{"href":"https:\/\/perfectvenue.es\/es\/wp-json\/wp\/v2\/types\/product"}],"replies":[{"embeddable":true,"href":"https:\/\/perfectvenue.es\/es\/wp-json\/wp\/v2\/comments?post=56118"}],"wp:featuredmedia":[{"embeddable":true,"href":"https:\/\/perfectvenue.es\/es\/wp-json\/wp\/v2\/media\/56120"}],"wp:attachment":[{"href":"https:\/\/perfectvenue.es\/es\/wp-json\/wp\/v2\/media?parent=56118"}],"curies":[{"name":"wp","href":"https:\/\/api.w.org\/{rel}","templated":true}]}}