{"id":55405,"date":"2019-04-10T19:05:21","date_gmt":"2019-04-10T16:05:21","guid":{"rendered":"http:\/\/perfectvenue.es\/?post_type=product&#038;p=55405"},"modified":"2026-04-10T19:09:24","modified_gmt":"2026-04-10T16:09:24","slug":"pedida-mano-hotel-jumeirah-port-soller-spa-mallorca-segundo-pago","status":"publish","type":"product","link":"https:\/\/perfectvenue.es\/es\/product\/pedida-mano-hotel-jumeirah-port-soller-spa-mallorca-segundo-pago\/","title":{"rendered":"Pedida de mano en el Hotel Jumeirah Port S\u00f3ller &#038; Spa de Mallorca. Segundo pago"},"content":{"rendered":"<p><\/p>\n<p style=\"text-align: justify;\"><span style=\"font-weight: 400;\">Ubicado en un entorno natural impresionante, el Hotel Jumeirah Port S\u00f3ller &amp; Spa es el lugar ideal para celebrar vuestra historia de amor. Las vistas al mar desde el hotel son espectaculares, proporcionando el tel\u00f3n de fondo perfecto para este momento tan especial: el de una pedida de mano en el Hotel Jumeirah.<\/span><\/p>\n<p style=\"text-align: justify;\"><span style=\"font-weight: 400;\">La experiencia incluye una cena \u00edntima y exquisita para dos personas. La mesa estar\u00e1 decorada con elegancia y sencillez, creando un ambiente acogedor y rom\u00e1ntico para disfrutar de la compa\u00f1\u00eda del otro y para hacer la gran pregunta. Cada detalle, desde la vajilla hasta la iluminaci\u00f3n, est\u00e1 dise\u00f1ado para realzar la belleza natural que os rodea.<\/span><\/p>\n<p style=\"text-align: justify;\"><span style=\"font-weight: 400;\">Como parte de la sorpresa, la mesa estar\u00e1 decorada con flores frescas que a\u00f1aden un toque de color y fragancia al entorno. Despu\u00e9s de recibir el tan esperado \u00abs\u00ed quiero\u00bb, tendr\u00e1s listo un hermoso ramo de flores para regalarle a tu pareja, simbolizando vuestro amor y compromiso.<\/span><\/p>\n<p style=\"text-align: justify;\"><span style=\"font-weight: 400;\">Un fot\u00f3grafo profesional estar\u00e1 presente para capturar cada momento de vuestra pedida de mano en el Hotel Jumeirah Port S\u00f3ller &amp; Spa. Desde el momento en que te arrodillas hasta la alegr\u00eda y emoci\u00f3n en los ojos de tu pareja, cada fotograf\u00eda ser\u00e1 un tesoro que podr\u00e9is atesorar y revivir una y otra vez.<\/span><\/p>\n<p style=\"text-align: justify;\"><span style=\"font-weight: 400;\">Despu\u00e9s de la propuesta, podr\u00e9is celebrar con un brindis especial, disfrutando de la vista panor\u00e1mica y del ambiente tranquilo y elegante del hotel. Este momento \u00edntimo ser\u00e1 el comienzo de una nueva etapa en vuestras vidas, marcada por el amor, la emoci\u00f3n y la belleza de Mallorca.<\/span><\/p>\n<h3 style=\"text-align: justify;\"><span style=\"font-weight: 400;\">Lo que incluye tu pedida de mano en el Hotel Jumeirah:<\/span><\/h3>\n<ul>\n<li>Cena rom\u00e1ntica para 2 personas (men\u00fa degustaci\u00f3n de 7 platos personalizado seg\u00fan sus preferencias (vino excluido)<\/li>\n<li><span style=\"font-weight: 400;\">Fot\u00f3grafo<\/span><\/li>\n<li><span style=\"font-weight: 400;\">Decoraci\u00f3n de la mesa<\/span><\/li>\n<li><b><span style=\"font-weight: 400;\">Organizaci\u00f3n y planificaci\u00f3n de la pedida de mano<\/span><\/b><\/li>\n<\/ul>\n<p style=\"text-align: justify;\"><b>Precio: 1250\u20ac + IVA<\/b><\/p>\n<h3 style=\"text-align: justify;\"><span style=\"font-weight: 400;\">Se puede a\u00f1adir:<\/span><\/h3>\n<ul style=\"text-align: justify;\">\n<li style=\"font-weight: 400;\"><span style=\"font-weight: 400;\">V\u00eddeo (consultar precio)<\/span><\/li>\n<li>Ramo de flores<\/li>\n<li style=\"font-weight: 400;\"><span style=\"font-weight: 400;\">M\u00fasica en directo (consultar precio)<\/span><\/li>\n<li style=\"font-weight: 400;\"><span style=\"font-weight: 400;\">Transporte (consultar precio)<\/span><\/li>\n<li style=\"font-weight: 400;\"><span style=\"font-weight: 400;\">\u00a1Configuralo como t\u00fa quieras!<\/span><\/li>\n<\/ul>\n<h3 style=\"text-align: justify;\"><span style=\"font-weight: 400;\">Facilidad de pago<\/span><\/h3>\n<p style=\"text-align: justify;\"><span style=\"font-weight: 400;\">\u00a1S\u00ed! Y es que no es necesario pagar \u00edntegramente el importe de la experiencia. Simplemente es necesario reservar con un adelanto el resto darla en el d\u00eda del evento.<\/span><\/p>\n<p style=\"text-align: justify;\"><span style=\"font-weight: 400;\">\u00a1Comodidad para ti!<\/span><\/p>\n<p style=\"text-align: justify;\"><span style=\"font-weight: 400;\">*Las tarifas no son reembolsables si el evento se cancela por cualquier motivo.<\/span><\/p>\n<p><\/p>","protected":false},"excerpt":{"rendered":"<p><b>Precio: 1250\u20ac + IVA<\/b><\/p>\n<p>Framae printed photos + 100<b>\u20ac. Segundo pago: 414\u20ac<\/b><\/p>\n","protected":false},"featured_media":50899,"comment_status":"closed","ping_status":"closed","template":"","meta":[],"class_list":["post-55405","product","type-product","status-publish","has-post-thumbnail","hentry","product_cat-marriage-proposal-packages","product_tag-pedida-de-mano-en-el-hotel-jumeirah-port-soller-spa-de-mallorca"],"jetpack_sharing_enabled":true,"_links":{"self":[{"href":"https:\/\/perfectvenue.es\/es\/wp-json\/wp\/v2\/product\/55405","targetHints":{"allow":["GET"]}}],"collection":[{"href":"https:\/\/perfectvenue.es\/es\/wp-json\/wp\/v2\/product"}],"about":[{"href":"https:\/\/perfectvenue.es\/es\/wp-json\/wp\/v2\/types\/product"}],"replies":[{"embeddable":true,"href":"https:\/\/perfectvenue.es\/es\/wp-json\/wp\/v2\/comments?post=55405"}],"wp:featuredmedia":[{"embeddable":true,"href":"https:\/\/perfectvenue.es\/es\/wp-json\/wp\/v2\/media\/50899"}],"wp:attachment":[{"href":"https:\/\/perfectvenue.es\/es\/wp-json\/wp\/v2\/media?parent=55405"}],"curies":[{"name":"wp","href":"https:\/\/api.w.org\/{rel}","templated":true}]}}