{"id":55121,"date":"2021-04-02T19:09:02","date_gmt":"2021-04-02T16:09:02","guid":{"rendered":"https:\/\/perfectvenue.es\/?post_type=product&#038;p=55121"},"modified":"2026-04-02T19:15:48","modified_gmt":"2026-04-02T16:15:48","slug":"segundo-pago-pedida-mano-parque-del-laberint-dhorta-barcelona","status":"publish","type":"product","link":"https:\/\/perfectvenue.es\/es\/product\/segundo-pago-pedida-mano-parque-del-laberint-dhorta-barcelona\/","title":{"rendered":"Segundo pago pedida de mano en el parque del Laberint d&#8217;Horta de Barcelona"},"content":{"rendered":"<p><\/p>\n<p style=\"text-align: justify;\"><span style=\"font-weight: 400;\">Realiza tu pedida de mano en el parque del Laberint d&#8217;Horta de Barcelona y vive un momento m\u00e1gico en uno de los lugares m\u00e1s encantadores de la ciudad. Este parque, conocido por su laberinto hist\u00f3rico y jardines rom\u00e1nticos, es el escenario perfecto para una propuesta inolvidable. Cada rinc\u00f3n del parque ofrece un ambiente \u00fanico y lleno de encanto para ese momento tan especial.<\/span><\/p>\n<p style=\"text-align: justify;\"><span style=\"font-weight: 400;\">Nuestro paquete para una pedida de mano en el parque del Laberint d&#8217;Horta de Barcelona est\u00e1 pensado para que todo salga a la perfecci\u00f3n. Contar\u00e1s con un fot\u00f3grafo profesional que capturar\u00e1 cada detalle y emoci\u00f3n de tu propuesta. Adem\u00e1s, la decoraci\u00f3n con p\u00e9talos de rosa a\u00f1adir\u00e1 un toque extra de romanticismo, haciendo que el ambiente sea a\u00fan m\u00e1s especial.<\/span><\/p>\n<p style=\"text-align: justify;\"><span style=\"font-weight: 400;\">Nos ocupamos de toda la organizaci\u00f3n y planificaci\u00f3n de la pedida de mano en el parque del Laberint d&#8217;Horta de Barcelona, para que solo te concentres en disfrutar del momento. Y para darle un toque extra de magia, tambi\u00e9n te ofrecemos una sesi\u00f3n de fotos de compromiso para que sigas sorprendiendo a tu pareja despu\u00e9s de la propuesta.\u00a0<\/span><\/p>\n<p style=\"text-align: justify;\"><span style=\"font-weight: 400;\">Con este paquete, tu pedida de mano en el parque del Laberint d&#8217;Horta de Barcelona ser\u00e1 una experiencia realmente memorable. Disfruta de un entorno espectacular, una propuesta perfectamente organizada y un recuerdo para toda la vida con la sesi\u00f3n de fotos. \u00a1Haz que tu pedida de mano sea tan encantadora como el lugar en el que la hagas!<\/span><\/p>\n<h3 style=\"text-align: justify;\"><span style=\"font-weight: 400;\">Lo que incluye tu pedida de mano en el parque del Laberint d&#8217;Horta de Barcelona:<\/span><\/h3>\n<ul style=\"text-align: justify;\">\n<li><b><span style=\"font-weight: 400;\">Fot\u00f3grafo<\/span><\/b><\/li>\n<li><span style=\"font-weight: 400;\">Decoraci\u00f3n con p\u00e9talos de rosa\u00a0<\/span><\/li>\n<li>Letras Marry Me<\/li>\n<li><span style=\"font-weight: 400;\">Organizaci\u00f3n y planificaci\u00f3n de la pedida de mano<\/span><\/li>\n<\/ul>\n<p style=\"text-align: justify;\"><b>Precio: 790\u20ac + IVA<\/b><\/p>\n<h3 style=\"text-align: justify;\"><span style=\"font-weight: 400;\">Se puede a\u00f1adir:<\/span><\/h3>\n<ul style=\"text-align: justify;\">\n<li style=\"font-weight: 400;\"><span style=\"font-weight: 400;\">V\u00eddeo (consultar precio)<\/span><\/li>\n<li style=\"font-weight: 400;\"><span style=\"font-weight: 400;\">M\u00fasica en directo (consultar precio)<\/span><\/li>\n<li style=\"font-weight: 400;\"><span style=\"font-weight: 400;\">Ramo de flores (consultar precio)<\/span><\/li>\n<li style=\"font-weight: 400;\"><span style=\"font-weight: 400;\">Botella de cava\u00a0 (consultar precio)<\/span><\/li>\n<li style=\"font-weight: 400;\"><span style=\"font-weight: 400;\">Transporte (consultar precio)<\/span><\/li>\n<li style=\"font-weight: 400;\"><span style=\"font-weight: 400;\">\u00a1Configuralo como t\u00fa quieras!<\/span><\/li>\n<\/ul>\n<h3 style=\"text-align: justify;\"><span style=\"font-weight: 400;\">Facilidad de pago<\/span><\/h3>\n<p style=\"text-align: justify;\"><span style=\"font-weight: 400;\">\u00a1S\u00ed! Y es que no es necesario pagar \u00edntegramente el importe de la experiencia. Simplemente es necesario reservar con un adelanto, segundo pago (256 euros) a 2 semanas de la pedida de mano y el resto darla en el d\u00eda del evento.<\/span><\/p>\n<p style=\"text-align: justify;\"><span style=\"font-weight: 400;\">\u00a1Comodidad para ti!<\/span><\/p>\n<p style=\"text-align: justify;\"><span style=\"font-weight: 400;\">*Las tarifas no son reembolsables si el evento se cancela por cualquier motivo.<\/span><\/p>\n<p><\/p>","protected":false},"excerpt":{"rendered":"<p><span style=\"font-weight: 400;\">Realiza tu pedida de mano en el parque del Laberint d&#8217;Horta de Barcelona con un paquete que incluye fot\u00f3grafo, p\u00e9talos de rosa y una sesi\u00f3n de fotos. \u00a1Crea un momento inolvidable en este ic\u00f3nico parque! <\/span><b>Precio: 790\u20ac + IVA. <span style=\"font-weight: 400;\"><strong>Es necesario formalizar la reserva con un adelanto (540\u20ac), segundo pago a 2 semanas de la pedida de mano (256\u20ac) y el resto el mismo dia de la pedida de mano.<\/strong><\/span><\/b><\/p>\n","protected":false},"featured_media":51384,"comment_status":"closed","ping_status":"closed","template":"","meta":[],"class_list":["post-55121","product","type-product","status-publish","has-post-thumbnail","hentry","product_cat-marriage-proposal-packages","product_tag-barceloa-pedida-de-mano","product_tag-pedida-de-mano"],"_links":{"self":[{"href":"https:\/\/perfectvenue.es\/es\/wp-json\/wp\/v2\/product\/55121","targetHints":{"allow":["GET"]}}],"collection":[{"href":"https:\/\/perfectvenue.es\/es\/wp-json\/wp\/v2\/product"}],"about":[{"href":"https:\/\/perfectvenue.es\/es\/wp-json\/wp\/v2\/types\/product"}],"replies":[{"embeddable":true,"href":"https:\/\/perfectvenue.es\/es\/wp-json\/wp\/v2\/comments?post=55121"}],"wp:featuredmedia":[{"embeddable":true,"href":"https:\/\/perfectvenue.es\/es\/wp-json\/wp\/v2\/media\/51384"}],"wp:attachment":[{"href":"https:\/\/perfectvenue.es\/es\/wp-json\/wp\/v2\/media?parent=55121"}],"curies":[{"name":"wp","href":"https:\/\/api.w.org\/{rel}","templated":true}]}}