{"id":55075,"date":"2026-04-01T13:52:26","date_gmt":"2026-04-01T10:52:26","guid":{"rendered":"https:\/\/perfectvenue.es\/?post_type=product&#038;p=55075"},"modified":"2026-04-01T13:52:31","modified_gmt":"2026-04-01T10:52:31","slug":"spanish-elopement","status":"publish","type":"product","link":"https:\/\/perfectvenue.es\/es\/product\/spanish-elopement\/","title":{"rendered":"Elopement en Espa\u00f1a en olivar: una boda \u00edntima entre olivos en Santa Teresa"},"content":{"rendered":"<p><\/p>\n<p style=\"text-align: justify;\"><span style=\"font-weight: 400;\">Si est\u00e1s buscando una boda \u00edntima en un entorno natural y con esencia mediterr\u00e1nea, este elopement en Espa\u00f1a en Olivar Santa Teresa es una opci\u00f3n realmente especial. Celebrar una ceremonia rodeados de olivos, naturaleza y tranquilidad crea una atm\u00f3sfera muy rom\u00e1ntica y diferente.<\/span><\/p>\n<p style=\"text-align: justify;\"><span style=\"font-weight: 400;\">La luz natural filtr\u00e1ndose entre los olivos, el aroma del campo y la calma del entorno crean una experiencia sensorial \u00fanica que convierte cada instante en algo irrepetible. Este tipo de elopement permite conectar de una forma m\u00e1s aut\u00e9ntica con el momento, dejando que la naturaleza sea parte protagonista de la celebraci\u00f3n. Es la opci\u00f3n perfecta para parejas que buscan una boda sencilla, elegante y profundamente emocional en un entorno mediterr\u00e1neo incomparable.<\/span><\/p>\n<p style=\"text-align: justify;\"><span style=\"font-weight: 400;\">Este elopement en Espa\u00f1a est\u00e1 pensado para parejas que quieren casarse en un entorno natural, privado y con mucho encanto. La privatizaci\u00f3n del olivar permite celebrar la ceremonia con total tranquilidad, en un paisaje t\u00edpico mediterr\u00e1neo y con una est\u00e9tica muy cuidada.<\/span><\/p>\n<p style=\"text-align: justify;\"><span style=\"font-weight: 400;\">Organizar un elopement en Espa\u00f1a en un olivar es una forma muy especial de celebrar una boda, en contacto con la naturaleza y en un lugar aut\u00e9ntico. La decoraci\u00f3n floral, el ramo de novia, el fot\u00f3grafo profesional y la organizaci\u00f3n del evento est\u00e1n incluidos para que la experiencia sea completa.<\/span><\/p>\n<p style=\"text-align: justify;\"><span style=\"font-weight: 400;\">Durante el elopement en Espa\u00f1a, todo estar\u00e1 preparado para que la pareja pueda disfrutar de la ceremonia, del paisaje y de una boda \u00edntima en plena naturaleza.<\/span><\/p>\n<p style=\"text-align: justify;\"><span style=\"font-weight: 400;\">\u00bfTe lo vas a perder?<\/span><\/p>\n<h2 style=\"text-align: justify;\">Lo que incluye tu elopement en Espa\u00f1a<\/h2>\n<ul>\n<li style=\"text-align: justify;\"><span style=\"font-weight: 400;\">Privatizaci\u00f3n del lugar<\/span><span style=\"font-weight: 400;\"><br \/>\n<\/span><\/li>\n<li style=\"text-align: justify;\"><span style=\"font-weight: 400;\">Fot\u00f3grafo profesional<\/span><span style=\"font-weight: 400;\"><br \/>\n<\/span><\/li>\n<li style=\"text-align: justify;\"><span style=\"font-weight: 400;\">Decoraci\u00f3n floral (pack a elegir)<\/span><span style=\"font-weight: 400;\"><br \/>\n<\/span><\/li>\n<li style=\"text-align: justify;\"><span style=\"font-weight: 400;\">Ramo de novia<\/span><span style=\"font-weight: 400;\"><br \/>\n<\/span><\/li>\n<li style=\"text-align: justify;\"><span style=\"font-weight: 400;\">Organizaci\u00f3n del elopement<\/span><\/li>\n<\/ul>\n<p style=\"text-align: justify;\"><strong>Precio: a consultar<\/strong><\/p>\n<h2 style=\"text-align: justify;\">Se puede a\u00f1adir<\/h2>\n<ul>\n<li style=\"text-align: justify;\"><span style=\"font-weight: 400;\">Vide\u00f3grafo<\/span><span style=\"font-weight: 400;\"><br \/>\n<\/span><\/li>\n<li style=\"text-align: justify;\"><span style=\"font-weight: 400;\">Cena rom\u00e1ntica<\/span><span style=\"font-weight: 400;\"><br \/>\n<\/span><\/li>\n<li style=\"text-align: justify;\"><span style=\"font-weight: 400;\">Decoraci\u00f3n premium<\/span><span style=\"font-weight: 400;\"><br \/>\n<\/span><\/li>\n<li style=\"text-align: justify;\"><span style=\"font-weight: 400;\">M\u00fasica en directo (guitarra o viol\u00edn)<\/span><span style=\"font-weight: 400;\"><br \/>\n<\/span><\/li>\n<li style=\"text-align: justify;\"><span style=\"font-weight: 400;\">Transporte<\/span><span style=\"font-weight: 400;\"><br \/>\n<\/span><\/li>\n<li style=\"text-align: justify;\"><span style=\"font-weight: 400;\">Otros elementos personalizados<\/span><\/li>\n<\/ul>\n<p style=\"text-align: justify;\"><span style=\"font-weight: 400;\">\u00a1Config\u00faralo como t\u00fa quieras!<\/span><\/p>\n<h2 style=\"text-align: justify;\">Facilidad de pago<\/h2>\n<p style=\"text-align: justify;\"><span style=\"font-weight: 400;\">Sabemos que organizar un elopement es un momento muy especial y queremos pon\u00e9rtelo f\u00e1cil. <strong>Para reservar tu fecha, es suficiente con un dep\u00f3sito inicial, y el resto del pago se puede realizar m\u00e1s adelante, unos d\u00edas antes del evento.<\/strong><\/span><\/p>\n<p style=\"text-align: justify;\"><span style=\"font-weight: 400;\">No es necesario pagar todo desde el principio. Nuestro objetivo es que puedas organizar tu elopement con tranquilidad y comodidad, por eso ofrecemos facilidades de pago y opciones flexibles.<\/span><\/p>\n<p style=\"text-align: justify;\"><span style=\"font-weight: 400;\">Si lo prefieres, puedes consultarnos y te explicaremos qu\u00e9 forma de pago es la que mejor se adapta a ti y a tu planificaci\u00f3n.<\/span><\/p>\n<h2 style=\"text-align: justify;\">Condiciones<\/h2>\n<p style=\"text-align: justify;\"><strong>Las tarifas no son reembolsables si el evento se cancela por cualquier motivo.<\/strong><\/p>\n<p><\/p>","protected":false},"excerpt":{"rendered":"<p style=\"text-align: justify;\"><span style=\"font-weight: 400;\">Elopement en Espa\u00f1a en olivar con decoraci\u00f3n floral, fot\u00f3grafo y organizaci\u00f3n. Boda \u00edntima en plena naturaleza. Precio: a consultar.<\/span><\/p>\n","protected":false},"featured_media":55080,"comment_status":"closed","ping_status":"closed","template":"","meta":[],"class_list":["post-55075","product","type-product","status-publish","has-post-thumbnail","hentry","product_cat-elopement-planner"],"_links":{"self":[{"href":"https:\/\/perfectvenue.es\/es\/wp-json\/wp\/v2\/product\/55075","targetHints":{"allow":["GET"]}}],"collection":[{"href":"https:\/\/perfectvenue.es\/es\/wp-json\/wp\/v2\/product"}],"about":[{"href":"https:\/\/perfectvenue.es\/es\/wp-json\/wp\/v2\/types\/product"}],"replies":[{"embeddable":true,"href":"https:\/\/perfectvenue.es\/es\/wp-json\/wp\/v2\/comments?post=55075"}],"wp:featuredmedia":[{"embeddable":true,"href":"https:\/\/perfectvenue.es\/es\/wp-json\/wp\/v2\/media\/55080"}],"wp:attachment":[{"href":"https:\/\/perfectvenue.es\/es\/wp-json\/wp\/v2\/media?parent=55075"}],"curies":[{"name":"wp","href":"https:\/\/api.w.org\/{rel}","templated":true}]}}