{"id":55069,"date":"2026-04-01T13:22:23","date_gmt":"2026-04-01T10:22:23","guid":{"rendered":"https:\/\/perfectvenue.es\/?post_type=product&#038;p=55069"},"modified":"2026-04-01T13:22:28","modified_gmt":"2026-04-01T10:22:28","slug":"elegant-elopement-in-spain","status":"publish","type":"product","link":"https:\/\/perfectvenue.es\/es\/product\/elegant-elopement-in-spain\/","title":{"rendered":"Elegante elopement en Espa\u00f1a en Monte de Cutamilla en un lugar hist\u00f3rico"},"content":{"rendered":"<p><\/p>\n<p style=\"text-align: justify;\"><span style=\"font-weight: 400;\">Si est\u00e1s buscando una boda \u00edntima en un lugar hist\u00f3rico y con encanto, este elegante elopement en Espa\u00f1a en Monte de Cutamilla es una opci\u00f3n \u00fanica. Este espacio hist\u00f3rico ofrece un entorno natural, elegante y con mucha personalidad, perfecto para una ceremonia \u00edntima.<\/span><\/p>\n<p style=\"text-align: justify;\"><span style=\"font-weight: 400;\">Este elegante elopement en Espa\u00f1a est\u00e1 pensado para parejas que desean una boda \u00edntima en un lugar con historia, privacidad y un entorno natural espectacular. La privatizaci\u00f3n del espacio permite celebrar la ceremonia en un ambiente tranquilo y exclusivo.<\/span><\/p>\n<p style=\"text-align: justify;\"><span style=\"font-weight: 400;\">La combinaci\u00f3n entre historia, naturaleza y exclusividad convierte este lugar en una experiencia verdaderamente \u00fanica. Cada rinc\u00f3n de Monte de Cutamilla aporta car\u00e1cter y autenticidad, creando el escenario perfecto para una celebraci\u00f3n \u00edntima y llena de significado. Es el lugar ideal para parejas que buscan una boda diferente, donde la elegancia se fusiona con el entorno natural para crear recuerdos inolvidables.<\/span><\/p>\n<p style=\"text-align: justify;\"><span style=\"font-weight: 400;\">Organizar un elegante elopement en Espa\u00f1a en un lugar hist\u00f3rico como Monte de Cutamilla permite disfrutar de una boda \u00edntima en un entorno \u00fanico. La decoraci\u00f3n floral, el ramo de novia, el fot\u00f3grafo profesional y la organizaci\u00f3n del evento est\u00e1n incluidos para que la experiencia sea completa y sin preocupaciones.<\/span><\/p>\n<p style=\"text-align: justify;\"><span style=\"font-weight: 400;\">Durante el elegante elopement en Espa\u00f1a, todo estar\u00e1 preparado para que la pareja pueda disfrutar del entorno, la ceremonia y un momento inolvidable en un lugar hist\u00f3rico.<\/span><\/p>\n<p style=\"text-align: justify;\"><span style=\"font-weight: 400;\">\u00bfTe lo vas a perder?<\/span><\/p>\n<h2 style=\"text-align: justify;\">Lo que incluye tu elegante elopement en Espa\u00f1a<\/h2>\n<ul>\n<li style=\"text-align: justify;\"><span style=\"font-weight: 400;\">Privatizaci\u00f3n del lugar<\/span><span style=\"font-weight: 400;\"><br \/>\n<\/span><\/li>\n<li style=\"text-align: justify;\"><span style=\"font-weight: 400;\">Fot\u00f3grafo profesional<\/span><span style=\"font-weight: 400;\"><br \/>\n<\/span><\/li>\n<li style=\"text-align: justify;\"><span style=\"font-weight: 400;\">Decoraci\u00f3n floral (pack a elegir)<\/span><span style=\"font-weight: 400;\"><br \/>\n<\/span><\/li>\n<li style=\"text-align: justify;\"><span style=\"font-weight: 400;\">Ramo de novia<\/span><span style=\"font-weight: 400;\"><br \/>\n<\/span><\/li>\n<li style=\"text-align: justify;\"><span style=\"font-weight: 400;\">Organizaci\u00f3n del elopement<\/span><\/li>\n<\/ul>\n<p style=\"text-align: justify;\"><strong>Precio: a consultar<\/strong><\/p>\n<h2 style=\"text-align: justify;\">Se puede a\u00f1adir<\/h2>\n<ul>\n<li style=\"text-align: justify;\"><span style=\"font-weight: 400;\">Vide\u00f3grafo<\/span><span style=\"font-weight: 400;\"><br \/>\n<\/span><\/li>\n<li style=\"text-align: justify;\"><span style=\"font-weight: 400;\">Cena rom\u00e1ntica<\/span><span style=\"font-weight: 400;\"><br \/>\n<\/span><\/li>\n<li style=\"text-align: justify;\"><span style=\"font-weight: 400;\">Decoraci\u00f3n premium<\/span><span style=\"font-weight: 400;\"><br \/>\n<\/span><\/li>\n<li style=\"text-align: justify;\"><span style=\"font-weight: 400;\">M\u00fasica en directo (guitarra o viol\u00edn)<\/span><span style=\"font-weight: 400;\"><br \/>\n<\/span><\/li>\n<li style=\"text-align: justify;\"><span style=\"font-weight: 400;\">Transporte<\/span><span style=\"font-weight: 400;\"><br \/>\n<\/span><\/li>\n<li style=\"text-align: justify;\"><span style=\"font-weight: 400;\">Otros elementos personalizados<\/span><\/li>\n<\/ul>\n<p style=\"text-align: justify;\"><span style=\"font-weight: 400;\">\u00a1Config\u00faralo como t\u00fa quieras!<\/span><\/p>\n<h2 style=\"text-align: justify;\">Facilidad de pago<\/h2>\n<p style=\"text-align: justify;\"><span style=\"font-weight: 400;\">Sabemos que organizar un elopement es un momento muy especial y queremos pon\u00e9rtelo f\u00e1cil. <strong>Para reservar tu fecha, es suficiente con un dep\u00f3sito inicial, y el resto del pago se puede realizar m\u00e1s adelante, unos d\u00edas antes del evento.<\/strong><\/span><\/p>\n<p style=\"text-align: justify;\"><span style=\"font-weight: 400;\">No es necesario pagar todo desde el principio. Nuestro objetivo es que puedas organizar tu elopement con tranquilidad y comodidad, por eso ofrecemos facilidades de pago y opciones flexibles.<\/span><\/p>\n<p style=\"text-align: justify;\"><span style=\"font-weight: 400;\">Si lo prefieres, puedes consultarnos y te explicaremos qu\u00e9 forma de pago es la que mejor se adapta a ti y a tu planificaci\u00f3n.<\/span><\/p>\n<h2 style=\"text-align: justify;\">Condiciones<\/h2>\n<p style=\"text-align: justify;\"><strong>Las tarifas no son reembolsables si el evento se cancela por cualquier motivo.<\/strong><\/p>\n<p><\/p>","protected":false},"excerpt":{"rendered":"<p style=\"text-align: justify;\"><span style=\"font-weight: 400;\">Elegante elopement en Espa\u00f1a en Monte de Cutamilla con decoraci\u00f3n floral, fot\u00f3grafo y organizaci\u00f3n. Boda \u00edntima en lugar hist\u00f3rico. Precio: a consultar.<\/span><\/p>\n","protected":false},"featured_media":55071,"comment_status":"closed","ping_status":"closed","template":"","meta":[],"class_list":["post-55069","product","type-product","status-publish","has-post-thumbnail","hentry","product_cat-elopement-planner"],"_links":{"self":[{"href":"https:\/\/perfectvenue.es\/es\/wp-json\/wp\/v2\/product\/55069","targetHints":{"allow":["GET"]}}],"collection":[{"href":"https:\/\/perfectvenue.es\/es\/wp-json\/wp\/v2\/product"}],"about":[{"href":"https:\/\/perfectvenue.es\/es\/wp-json\/wp\/v2\/types\/product"}],"replies":[{"embeddable":true,"href":"https:\/\/perfectvenue.es\/es\/wp-json\/wp\/v2\/comments?post=55069"}],"wp:featuredmedia":[{"embeddable":true,"href":"https:\/\/perfectvenue.es\/es\/wp-json\/wp\/v2\/media\/55071"}],"wp:attachment":[{"href":"https:\/\/perfectvenue.es\/es\/wp-json\/wp\/v2\/media?parent=55069"}],"curies":[{"name":"wp","href":"https:\/\/api.w.org\/{rel}","templated":true}]}}