{"id":55050,"date":"2026-04-01T13:20:35","date_gmt":"2026-04-01T10:20:35","guid":{"rendered":"https:\/\/perfectvenue.es\/?post_type=product&#038;p=55050"},"modified":"2026-04-01T13:20:39","modified_gmt":"2026-04-01T10:20:39","slug":"courtyard-elopement-in-spain","status":"publish","type":"product","link":"https:\/\/perfectvenue.es\/es\/product\/courtyard-elopement-in-spain\/","title":{"rendered":"Elopement en patio andaluz en Espa\u00f1a en Fain Viejo: una boda \u00edntima con encanto"},"content":{"rendered":"<p><\/p>\n<p style=\"text-align: justify;\"><span style=\"font-weight: 400;\">Si est\u00e1s buscando una boda \u00edntima en un lugar con encanto, este elopement en patio andaluz en Espa\u00f1a en Fain Viejo es una opci\u00f3n \u00fanica. Los patios andaluces son conocidos por su arquitectura tradicional, sus flores y su ambiente rom\u00e1ntico, creando el escenario perfecto para una ceremonia \u00edntima.<\/span><\/p>\n<p style=\"text-align: justify;\"><span style=\"font-weight: 400;\">Este elopement en patio andaluz en Espa\u00f1a est\u00e1 pensado para parejas que desean una boda \u00edntima en un entorno con historia y car\u00e1cter. La privatizaci\u00f3n del espacio permite celebrar la ceremonia con total tranquilidad, en un patio lleno de encanto y rodeado de arquitectura tradicional andaluza.<\/span><\/p>\n<p style=\"text-align: justify;\"><span style=\"font-weight: 400;\">Organizar un elopement en patio andaluz en Espa\u00f1a es una forma muy especial de celebrar una boda en un entorno aut\u00e9ntico y rom\u00e1ntico. La decoraci\u00f3n floral, el ramo de novia, el fot\u00f3grafo profesional y la organizaci\u00f3n del evento est\u00e1n incluidos para que la experiencia sea completa.<\/span><\/p>\n<p style=\"text-align: justify;\"><span style=\"font-weight: 400;\">Durante el elopement en patio andaluz en Espa\u00f1a, todo estar\u00e1 preparado para que la pareja pueda disfrutar de una ceremonia \u00edntima en un lugar con una atm\u00f3sfera muy especial.<\/span><\/p>\n<p style=\"text-align: justify;\"><span style=\"font-weight: 400;\">Este tipo de elopement tambi\u00e9n permite una mayor personalizaci\u00f3n, adaptando cada detalle al estilo y la esencia de la pareja. Desde la elecci\u00f3n de la decoraci\u00f3n hasta peque\u00f1os gestos durante la ceremonia, todo puede dise\u00f1arse para reflejar una historia \u00fanica. As\u00ed, el entorno del patio andaluz se convierte no solo en el escenario, sino en parte de una experiencia inolvidable, donde tradici\u00f3n y emoci\u00f3n se unen de forma natural.<\/span><\/p>\n<p style=\"text-align: justify;\"><span style=\"font-weight: 400;\">\u00bfTe lo vas a perder?<\/span><\/p>\n<h2 style=\"text-align: justify;\">Lo que incluye tu elopement en patio andaluz en Espa\u00f1a<\/h2>\n<ul>\n<li style=\"text-align: justify;\"><span style=\"font-weight: 400;\">Privatizaci\u00f3n del lugar<\/span><span style=\"font-weight: 400;\"><br \/>\n<\/span><\/li>\n<li style=\"text-align: justify;\"><span style=\"font-weight: 400;\">Fot\u00f3grafo profesional<\/span><span style=\"font-weight: 400;\"><br \/>\n<\/span><\/li>\n<li style=\"text-align: justify;\"><span style=\"font-weight: 400;\">Decoraci\u00f3n floral (pack a elegir)<\/span><span style=\"font-weight: 400;\"><br \/>\n<\/span><\/li>\n<li style=\"text-align: justify;\"><span style=\"font-weight: 400;\">Ramo de novia<\/span><span style=\"font-weight: 400;\"><br \/>\n<\/span><\/li>\n<li style=\"text-align: justify;\"><span style=\"font-weight: 400;\">Organizaci\u00f3n del elopement<\/span><\/li>\n<\/ul>\n<p style=\"text-align: justify;\"><strong>Precio: a consultar<\/strong><\/p>\n<h2 style=\"text-align: justify;\">Se puede a\u00f1adir<\/h2>\n<ul>\n<li style=\"text-align: justify;\"><span style=\"font-weight: 400;\">Vide\u00f3grafo<\/span><span style=\"font-weight: 400;\"><br \/>\n<\/span><\/li>\n<li style=\"text-align: justify;\"><span style=\"font-weight: 400;\">Cena rom\u00e1ntica<\/span><span style=\"font-weight: 400;\"><br \/>\n<\/span><\/li>\n<li style=\"text-align: justify;\"><span style=\"font-weight: 400;\">Decoraci\u00f3n premium<\/span><span style=\"font-weight: 400;\"><br \/>\n<\/span><\/li>\n<li style=\"text-align: justify;\"><span style=\"font-weight: 400;\">M\u00fasica en directo (guitarra o viol\u00edn)<\/span><span style=\"font-weight: 400;\"><br \/>\n<\/span><\/li>\n<li style=\"text-align: justify;\"><span style=\"font-weight: 400;\">Transporte<\/span><span style=\"font-weight: 400;\"><br \/>\n<\/span><\/li>\n<li style=\"text-align: justify;\"><span style=\"font-weight: 400;\">Otros elementos personalizados<\/span><\/li>\n<\/ul>\n<p style=\"text-align: justify;\"><span style=\"font-weight: 400;\">\u00a1Config\u00faralo como t\u00fa quieras!<\/span><\/p>\n<h2 style=\"text-align: justify;\">Facilidad de pago<\/h2>\n<p style=\"text-align: justify;\"><span style=\"font-weight: 400;\">Sabemos que organizar un elopement es un momento muy especial y queremos pon\u00e9rtelo f\u00e1cil. <strong>Para reservar tu fecha, es suficiente con un dep\u00f3sito inicial, y el resto del pago se puede realizar m\u00e1s adelante, unos d\u00edas antes del evento.<\/strong><\/span><\/p>\n<p style=\"text-align: justify;\"><span style=\"font-weight: 400;\">No es necesario pagar todo desde el principio. Nuestro objetivo es que puedas organizar tu elopement con tranquilidad y comodidad, por eso ofrecemos facilidades de pago y opciones flexibles.<\/span><\/p>\n<p style=\"text-align: justify;\"><span style=\"font-weight: 400;\">Si lo prefieres, puedes consultarnos y te explicaremos qu\u00e9 forma de pago es la que mejor se adapta a ti y a tu planificaci\u00f3n.<\/span><\/p>\n<h2 style=\"text-align: justify;\">Condiciones<\/h2>\n<p style=\"text-align: justify;\"><strong>Las tarifas no son reembolsables si el evento se cancela por cualquier motivo.<\/strong><\/p>\n<p><\/p>","protected":false},"excerpt":{"rendered":"<p style=\"text-align: justify;\"><span style=\"font-weight: 400;\">Elopement en patio andaluz en Espa\u00f1a en Fain Viejo con decoraci\u00f3n floral, fot\u00f3grafo y organizaci\u00f3n. Boda \u00edntima en patio andaluz. Precio: a consultar.<\/span><\/p>\n","protected":false},"featured_media":55058,"comment_status":"closed","ping_status":"closed","template":"","meta":[],"class_list":["post-55050","product","type-product","status-publish","has-post-thumbnail","hentry","product_cat-elopement-planner"],"_links":{"self":[{"href":"https:\/\/perfectvenue.es\/es\/wp-json\/wp\/v2\/product\/55050","targetHints":{"allow":["GET"]}}],"collection":[{"href":"https:\/\/perfectvenue.es\/es\/wp-json\/wp\/v2\/product"}],"about":[{"href":"https:\/\/perfectvenue.es\/es\/wp-json\/wp\/v2\/types\/product"}],"replies":[{"embeddable":true,"href":"https:\/\/perfectvenue.es\/es\/wp-json\/wp\/v2\/comments?post=55050"}],"wp:featuredmedia":[{"embeddable":true,"href":"https:\/\/perfectvenue.es\/es\/wp-json\/wp\/v2\/media\/55058"}],"wp:attachment":[{"href":"https:\/\/perfectvenue.es\/es\/wp-json\/wp\/v2\/media?parent=55050"}],"curies":[{"name":"wp","href":"https:\/\/api.w.org\/{rel}","templated":true}]}}