{"id":55016,"date":"2026-03-31T14:55:47","date_gmt":"2026-03-31T11:55:47","guid":{"rendered":"https:\/\/perfectvenue.es\/?post_type=product&#038;p=55016"},"modified":"2026-03-31T14:55:51","modified_gmt":"2026-03-31T11:55:51","slug":"elopement-near-madrid","status":"publish","type":"product","link":"https:\/\/perfectvenue.es\/es\/product\/elopement-near-madrid\/","title":{"rendered":"Elegante elopement cerca de Madrid en un jard\u00edn de un molino hist\u00f3rico"},"content":{"rendered":"<p><\/p>\n<p style=\"text-align: justify;\"><span style=\"font-weight: 400;\">Si est\u00e1s buscando un lugar especial para celebrar una boda \u00edntima, este elopement cerca de Madrid en un molino hist\u00f3rico con jard\u00edn es una opci\u00f3n \u00fanica. A tan solo unos kil\u00f3metros de la ciudad, este espacio combina naturaleza, historia y exclusividad, creando el entorno perfecto para una ceremonia rom\u00e1ntica.<\/span><\/p>\n<p style=\"text-align: justify;\"><span style=\"font-weight: 400;\">Este elopement cerca de Madrid est\u00e1 pensado para parejas que quieren una boda \u00edntima, elegante y en un lugar privado. La privatizaci\u00f3n del espacio permite disfrutar de la ceremonia con total tranquilidad, rodeados de jardines y arquitectura hist\u00f3rica.<\/span><\/p>\n<p style=\"text-align: justify;\"><span style=\"font-weight: 400;\">Organizar un elopement cerca de Madrid es la opci\u00f3n perfecta para quienes desean una boda \u00edntima sin viajar lejos, pero en un entorno con encanto y totalmente diferente. El espacio, la decoraci\u00f3n floral, el ramo de novia y la coordinaci\u00f3n del evento est\u00e1n cuidados al detalle para que la experiencia sea perfecta.<\/span><\/p>\n<p style=\"text-align: justify;\"><span style=\"font-weight: 400;\">Durante el elopement cerca de Madrid, todo estar\u00e1 organizado para vosotros, desde la preparaci\u00f3n del espacio hasta la coordinaci\u00f3n del momento, para que solo teng\u00e1is que disfrutar de vuestra boda.<\/span><\/p>\n<p style=\"text-align: justify;\"><span style=\"font-weight: 400;\">\u00bfTe lo vas a perder?<\/span><\/p>\n<h2 style=\"text-align: justify;\"><b>Lo que incluye tu elopement cerca de Madrid<\/b><\/h2>\n<p style=\"text-align: justify;\"><span style=\"font-weight: 400;\">Privatizaci\u00f3n del lugar<\/span><span style=\"font-weight: 400;\"><br \/>\n<\/span><span style=\"font-weight: 400;\">Fot\u00f3grafo profesional<\/span><span style=\"font-weight: 400;\"><br \/>\n<\/span><span style=\"font-weight: 400;\">Decoraci\u00f3n floral (pack a elegir)<\/span><span style=\"font-weight: 400;\"><br \/>\n<\/span><span style=\"font-weight: 400;\">Ramo de novia<\/span><span style=\"font-weight: 400;\"><br \/>\n<\/span><span style=\"font-weight: 400;\">Organizaci\u00f3n del elopement<\/span><\/p>\n<p style=\"text-align: justify;\"><span style=\"font-weight: 400;\">Precio: a consultar<\/span><\/p>\n<h2 style=\"text-align: justify;\"><b>Se puede a\u00f1adir<\/b><\/h2>\n<p style=\"text-align: justify;\"><span style=\"font-weight: 400;\">Vide\u00f3grafo<\/span><span style=\"font-weight: 400;\"><br \/>\n<\/span><span style=\"font-weight: 400;\">Ramo de novia adicional<\/span><span style=\"font-weight: 400;\"><br \/>\n<\/span><span style=\"font-weight: 400;\">Decoraci\u00f3n premium<\/span><span style=\"font-weight: 400;\"><br \/>\n<\/span><span style=\"font-weight: 400;\">M\u00fasica en directo (guitarra o viol\u00edn)<\/span><span style=\"font-weight: 400;\"><br \/>\n<\/span><span style=\"font-weight: 400;\">Transporte<\/span><span style=\"font-weight: 400;\"><br \/>\n<\/span><span style=\"font-weight: 400;\">Otros elementos personalizados<\/span><\/p>\n<p style=\"text-align: justify;\"><span style=\"font-weight: 400;\">\u00a1Config\u00faralo como t\u00fa quieras!<\/span><\/p>\n<h2 style=\"text-align: justify;\"><b>Facilidad de pago<\/b><\/h2>\n<p style=\"text-align: justify;\"><span style=\"font-weight: 400;\">Para reservar tu elopement cerca de Madrid, es necesario pagar un adelanto y el resto el d\u00eda del evento.<\/span><\/p>\n<h2 style=\"text-align: justify;\"><b>Condiciones<\/b><\/h2>\n<p style=\"text-align: justify;\"><span style=\"font-weight: 400;\">Las tarifas no son reembolsables si el evento se cancela por cualquier motivo.<\/span><\/p>\n<p><\/p>","protected":false},"excerpt":{"rendered":"<p style=\"text-align: justify;\"><span style=\"font-weight: 400;\">Elopement cerca de Madrid en un molino hist\u00f3rico con jard\u00edn, decoraci\u00f3n floral y fot\u00f3grafo. Celebra una boda \u00edntima cerca de Madrid. Precio: a consultar.<\/span><\/p>\n","protected":false},"featured_media":55018,"comment_status":"closed","ping_status":"closed","template":"","meta":[],"class_list":["post-55016","product","type-product","status-publish","has-post-thumbnail","hentry","product_cat-elopement-planner"],"_links":{"self":[{"href":"https:\/\/perfectvenue.es\/es\/wp-json\/wp\/v2\/product\/55016","targetHints":{"allow":["GET"]}}],"collection":[{"href":"https:\/\/perfectvenue.es\/es\/wp-json\/wp\/v2\/product"}],"about":[{"href":"https:\/\/perfectvenue.es\/es\/wp-json\/wp\/v2\/types\/product"}],"replies":[{"embeddable":true,"href":"https:\/\/perfectvenue.es\/es\/wp-json\/wp\/v2\/comments?post=55016"}],"wp:featuredmedia":[{"embeddable":true,"href":"https:\/\/perfectvenue.es\/es\/wp-json\/wp\/v2\/media\/55018"}],"wp:attachment":[{"href":"https:\/\/perfectvenue.es\/es\/wp-json\/wp\/v2\/media?parent=55016"}],"curies":[{"name":"wp","href":"https:\/\/api.w.org\/{rel}","templated":true}]}}