{"id":54985,"date":"2026-03-31T13:07:03","date_gmt":"2026-03-31T10:07:03","guid":{"rendered":"https:\/\/perfectvenue.es\/?post_type=product&#038;p=54985"},"modified":"2026-03-31T13:18:44","modified_gmt":"2026-03-31T10:18:44","slug":"elopement-in-mallorca","status":"publish","type":"product","link":"https:\/\/perfectvenue.es\/es\/product\/elopement-in-mallorca\/","title":{"rendered":"Elopement en Mallorca boho y rom\u00e1ntica en las dunas: una boda \u00edntima frente al mar"},"content":{"rendered":"<p><\/p>\n<p style=\"text-align: justify;\"><span style=\"font-weight: 400;\">Si est\u00e1s pensando en celebrar una boda \u00edntima en plena naturaleza, este <\/span>elopement en Mallorca en las dunas es una de las opciones m\u00e1s especiales y rom\u00e1nticas. Rodeados de arena, naturaleza salvaje y con el mar como tel\u00f3n de fondo, este elopement crea un ambiente \u00fanico para una ceremonia \u00edntima.<\/p>\n<p style=\"text-align: justify;\">Este elopement en Mallorca est\u00e1 pensado para parejas que quieren una boda peque\u00f1a, rom\u00e1ntica y con una est\u00e9tica boho muy cuidada. La decoraci\u00f3n se integra perfectamente en el paisaje de las dunas, creando un escenario natural pero elegante para celebrar vuestra ceremonia.<\/p>\n<p style=\"text-align: justify;\">Organizar un elopement en Mallorca significa disfrutar de una boda sin estr\u00e9s, en un entorno espectacular y con cada detalle preparado. Nos encargamos de la organizaci\u00f3n, la decoraci\u00f3n y la coordinaci\u00f3n para que vosotros solo teng\u00e1is que disfrutar del momento.<\/p>\n<p style=\"text-align: justify;\">Despu\u00e9s de la ceremonia, podr\u00e9is brindar con cava y disfrutar del entorno natural, haciendo que este elopement en Mallorca sea una experiencia inolvidable.<\/p>\n<p style=\"text-align: justify;\">Este elopement en Mallorca es perfecto para parejas que buscan algo \u00edntimo, rom\u00e1ntico y diferente en un entorno natural \u00fanico.<\/p>\n<p style=\"text-align: justify;\">\u00bfTe lo vas a perder?<\/p>\n<h2 style=\"text-align: justify;\"><b>Lo que incluye tu elopement en Mallorca<\/b><\/h2>\n<p style=\"text-align: justify;\"><span style=\"font-weight: 400;\">Fot\u00f3grafo profesional<\/span><span style=\"font-weight: 400;\"><br \/>\n<\/span><span style=\"font-weight: 400;\"> Decoraci\u00f3n boho como en las fotos<\/span><span style=\"font-weight: 400;\"><br \/>\n<\/span><span style=\"font-weight: 400;\"> Cava para 2 para brindar<\/span><span style=\"font-weight: 400;\"><br \/>\n<\/span><span style=\"font-weight: 400;\"> Organizaci\u00f3n del elopement<\/span><\/p>\n<p style=\"text-align: justify;\"><span style=\"font-weight: 400;\">Precio: a consultar<\/span><\/p>\n<h2 style=\"text-align: justify;\"><b>Se puede a\u00f1adir<\/b><\/h2>\n<p style=\"text-align: justify;\"><span style=\"font-weight: 400;\">Vide\u00f3grafo<\/span><span style=\"font-weight: 400;\"><br \/>\n<\/span><span style=\"font-weight: 400;\"> Ramo de novia<\/span><span style=\"font-weight: 400;\"><br \/>\n<\/span><span style=\"font-weight: 400;\"> Decoraci\u00f3n premium<\/span><span style=\"font-weight: 400;\"><br \/>\n<\/span><span style=\"font-weight: 400;\"> M\u00fasica en directo (guitarra o viol\u00edn)<\/span><span style=\"font-weight: 400;\"><br \/>\n<\/span><span style=\"font-weight: 400;\"> Transporte<\/span><span style=\"font-weight: 400;\"><br \/>\n<\/span><span style=\"font-weight: 400;\"> Picnic<\/span><span style=\"font-weight: 400;\"><br \/>\n<\/span><span style=\"font-weight: 400;\"> Otros elementos personalizados<\/span><\/p>\n<p style=\"text-align: justify;\"><span style=\"font-weight: 400;\">\u00a1Config\u00faralo como t\u00fa quieras!<\/span><\/p>\n<h2 style=\"text-align: justify;\"><b>Facilidad de pago<\/b><\/h2>\n<p style=\"text-align: justify;\"><span style=\"font-weight: 400;\">Para reservar tu <\/span><b>elopement en Mallorca<\/b><span style=\"font-weight: 400;\">, es necesario pagar un adelanto y el resto el d\u00eda del evento.<\/span><\/p>\n<h2 style=\"text-align: justify;\"><b>Condiciones<\/b><\/h2>\n<p style=\"text-align: justify;\"><span style=\"font-weight: 400;\">Las tarifas no son reembolsables si el evento se cancela por cualquier motivo.<\/span><\/p>\n<p><\/p>","protected":false},"excerpt":{"rendered":"<p style=\"text-align: justify;\"><span style=\"font-weight: 400;\">Elopement en Mallorca en las dunas con decoraci\u00f3n boho, fot\u00f3grafo y cava. Celebra una boda \u00edntima en Mallorca. Precio: a consultar.<\/span><\/p>\n","protected":false},"featured_media":54989,"comment_status":"closed","ping_status":"closed","template":"","meta":[],"class_list":["post-54985","product","type-product","status-publish","has-post-thumbnail","hentry","product_cat-elopement-planner"],"_links":{"self":[{"href":"https:\/\/perfectvenue.es\/es\/wp-json\/wp\/v2\/product\/54985","targetHints":{"allow":["GET"]}}],"collection":[{"href":"https:\/\/perfectvenue.es\/es\/wp-json\/wp\/v2\/product"}],"about":[{"href":"https:\/\/perfectvenue.es\/es\/wp-json\/wp\/v2\/types\/product"}],"replies":[{"embeddable":true,"href":"https:\/\/perfectvenue.es\/es\/wp-json\/wp\/v2\/comments?post=54985"}],"wp:featuredmedia":[{"embeddable":true,"href":"https:\/\/perfectvenue.es\/es\/wp-json\/wp\/v2\/media\/54989"}],"wp:attachment":[{"href":"https:\/\/perfectvenue.es\/es\/wp-json\/wp\/v2\/media?parent=54985"}],"curies":[{"name":"wp","href":"https:\/\/api.w.org\/{rel}","templated":true}]}}