{"id":54969,"date":"2026-03-30T19:11:01","date_gmt":"2026-03-30T16:11:01","guid":{"rendered":"https:\/\/perfectvenue.es\/?post_type=product&#038;p=54969"},"modified":"2026-03-30T19:11:05","modified_gmt":"2026-03-30T16:11:05","slug":"marriage-proposal-in-barcelona-sea-views","status":"publish","type":"product","link":"https:\/\/perfectvenue.es\/es\/product\/marriage-proposal-in-barcelona-sea-views\/","title":{"rendered":"Pedida de mano en espacio privado en Barcelona con vistas al mar"},"content":{"rendered":"<p><\/p>\n<p style=\"text-align: justify;\" data-start=\"85\" data-end=\"361\">Si est\u00e1s buscando un lugar exclusivo y privado para un momento tan importante, esta <strong data-start=\"169\" data-end=\"237\">pedida de mano en espacio privado en Barcelona con vistas al mar<\/strong> es la opci\u00f3n perfecta. Un entorno \u00edntimo, cuidado y con el Mediterr\u00e1neo como tel\u00f3n de fondo para una propuesta inolvidable.<\/p>\n<p style=\"text-align: justify;\" data-start=\"363\" data-end=\"664\">La experiencia se realiza en un espacio privado en Barcelona con vistas al mar, lo que garantiza privacidad, tranquilidad y un ambiente rom\u00e1ntico para el gran momento. Este tipo de pedida de mano es ideal para quienes quieren evitar espacios p\u00fablicos y prefieren un lugar reservado solo para vosotros.<\/p>\n<p style=\"text-align: justify;\" data-start=\"666\" data-end=\"913\">El espacio estar\u00e1 preparado con una alfombra roja, velas, rosas rojas y las letras luminosas \u201cMarry Me\u201d, creando un escenario impactante y muy rom\u00e1ntico. Todo estar\u00e1 listo para que, al llegar, solo tengas que preocuparte de hacer la gran pregunta.<\/p>\n<p style=\"text-align: justify;\" data-start=\"915\" data-end=\"1144\">La combinaci\u00f3n de la decoraci\u00f3n, las vistas al mar y la privacidad del espacio hacen que esta <strong data-start=\"1009\" data-end=\"1059\">pedida de mano en espacio privado en Barcelona<\/strong> sea una de las opciones m\u00e1s especiales y completas para una propuesta de matrimonio.<\/p>\n<p style=\"text-align: justify;\" data-start=\"1146\" data-end=\"1248\">Es una experiencia pensada para quienes quieren un momento \u00edntimo, elegante y perfectamente preparado.<\/p>\n<p style=\"text-align: justify;\" data-start=\"1250\" data-end=\"1270\">\u00bfTe lo vas a perder?<\/p>\n<h2 style=\"text-align: justify;\" data-start=\"1272\" data-end=\"1339\" data-section-id=\"1hj2ph4\">Lo que incluye tu pedida de mano en espacio privado en Barcelona<\/h2>\n<ul>\n<li style=\"text-align: justify;\" data-start=\"1341\" data-end=\"1501\">Alquiler de espacio privado con vistas al mar<\/li>\n<li style=\"text-align: justify;\" data-start=\"1341\" data-end=\"1501\">Alfombra roja<\/li>\n<li style=\"text-align: justify;\" data-start=\"1341\" data-end=\"1501\">Velas<\/li>\n<li style=\"text-align: justify;\" data-start=\"1341\" data-end=\"1501\">Rosas rojas<\/li>\n<li style=\"text-align: justify;\" data-start=\"1341\" data-end=\"1501\">Letras luminosas \u201cMarry Me\u201d<\/li>\n<li style=\"text-align: justify;\" data-start=\"1341\" data-end=\"1501\">Organizaci\u00f3n de la propuesta de matrimonio<\/li>\n<\/ul>\n<p style=\"text-align: justify;\" data-start=\"1503\" data-end=\"1521\"><strong data-start=\"1503\" data-end=\"1521\">Precio: 1.500\u20ac + IVA<\/strong><\/p>\n<h2 style=\"text-align: justify;\" data-start=\"1523\" data-end=\"1541\" data-section-id=\"xkw09o\">Se puede a\u00f1adir<\/h2>\n<ul>\n<li style=\"text-align: justify;\" data-start=\"1543\" data-end=\"1683\">Fot\u00f3grafo<\/li>\n<li style=\"text-align: justify;\" data-start=\"1543\" data-end=\"1683\">Vide\u00f3grafo<\/li>\n<li style=\"text-align: justify;\" data-start=\"1543\" data-end=\"1683\">M\u00fasica en directo<\/li>\n<li style=\"text-align: justify;\" data-start=\"1543\" data-end=\"1683\">Champagne o catering<\/li>\n<li style=\"text-align: justify;\" data-start=\"1543\" data-end=\"1683\">Decoraci\u00f3n personalizada<\/li>\n<li style=\"text-align: justify;\" data-start=\"1543\" data-end=\"1683\">Transporte<\/li>\n<li style=\"text-align: justify;\" data-start=\"1543\" data-end=\"1683\">Otros elementos personalizados<\/li>\n<\/ul>\n<p style=\"text-align: justify;\" data-start=\"1685\" data-end=\"1714\">\u00a1Config\u00faralo como t\u00fa quieras!<\/p>\n<h2 style=\"text-align: justify;\" data-start=\"1716\" data-end=\"1736\" data-section-id=\"142ilec\">Facilidad de pago<\/h2>\n<p style=\"text-align: justify;\" data-start=\"1738\" data-end=\"1883\">Para reservar la <strong data-start=\"1755\" data-end=\"1823\">pedida de mano en espacio privado en Barcelona con vistas al mar<\/strong> es necesario pagar un adelanto y el resto antes del evento.<\/p>\n<h2 style=\"text-align: justify;\" data-start=\"1885\" data-end=\"1899\" data-section-id=\"pyjfkn\">Condiciones<\/h2>\n<p style=\"text-align: justify;\" data-start=\"1901\" data-end=\"1979\">Las tarifas no son reembolsables si el evento se cancela por cualquier motivo.<\/p>\n<p><\/p>","protected":false},"excerpt":{"rendered":"<p style=\"text-align: justify;\">Pedida de mano en espacio privado en Barcelona con vistas al mar, alfombra roja, velas, rosas y letras Marry Me. Experiencia exclusiva. <strong>Precio: 1.500\u20ac + IVA.<\/strong><\/p>\n","protected":false},"featured_media":54974,"comment_status":"closed","ping_status":"closed","template":"","meta":[],"class_list":["post-54969","product","type-product","status-publish","has-post-thumbnail","hentry","product_cat-marriage-proposal-packages"],"_links":{"self":[{"href":"https:\/\/perfectvenue.es\/es\/wp-json\/wp\/v2\/product\/54969","targetHints":{"allow":["GET"]}}],"collection":[{"href":"https:\/\/perfectvenue.es\/es\/wp-json\/wp\/v2\/product"}],"about":[{"href":"https:\/\/perfectvenue.es\/es\/wp-json\/wp\/v2\/types\/product"}],"replies":[{"embeddable":true,"href":"https:\/\/perfectvenue.es\/es\/wp-json\/wp\/v2\/comments?post=54969"}],"wp:featuredmedia":[{"embeddable":true,"href":"https:\/\/perfectvenue.es\/es\/wp-json\/wp\/v2\/media\/54974"}],"wp:attachment":[{"href":"https:\/\/perfectvenue.es\/es\/wp-json\/wp\/v2\/media?parent=54969"}],"curies":[{"name":"wp","href":"https:\/\/api.w.org\/{rel}","templated":true}]}}