{"id":54924,"date":"2026-03-27T16:07:58","date_gmt":"2026-03-27T13:07:58","guid":{"rendered":"https:\/\/perfectvenue.es\/?post_type=product&#038;p=54924"},"modified":"2026-03-27T16:35:05","modified_gmt":"2026-03-27T13:35:05","slug":"marriage-proposal-in-donostia","status":"publish","type":"product","link":"https:\/\/perfectvenue.es\/es\/product\/marriage-proposal-in-donostia\/","title":{"rendered":"Pedida de mano en velero en Donostia: una propuesta entre acantilados y mar"},"content":{"rendered":"<p><\/p>\n<p style=\"text-align: justify;\"><span style=\"font-weight: 400;\">Si est\u00e1s buscando una forma diferente y realmente especial de pedir matrimonio, esta <\/span><b>pedida de mano en velero en Donostia<\/b><span style=\"font-weight: 400;\"> es una experiencia \u00fanica. El mar, la navegaci\u00f3n y el paisaje entre acantilados crean el escenario perfecto para un momento que recordar\u00e9is toda la vida.<\/span><\/p>\n<p style=\"text-align: justify;\"><span style=\"font-weight: 400;\">La experiencia comienza en el puerto deportivo de Donostia, donde embarcar\u00e9is por la ma\u00f1ana para comenzar una salida en velero. Durante la navegaci\u00f3n, disfrutar\u00e9is del paisaje de la costa vasca mientras el barco se dirige hacia Pasaia, entrando entre acantilados y rincones naturales espectaculares.<\/span><\/p>\n<p style=\"text-align: justify;\"><span style=\"font-weight: 400;\">El momento m\u00e1s especial de esta <\/span><b>pedida de mano en velero en Donostia<\/b><span style=\"font-weight: 400;\"> tendr\u00e1 lugar al fondear en una cala tranquila en la zona de Pasaia. All\u00ed, rodeados de mar y acantilados, podr\u00e9is realizar la pedida de mano en un entorno \u00edntimo, discreto y realmente impresionante.<\/span><\/p>\n<p style=\"text-align: justify;\"><span style=\"font-weight: 400;\">El velero estar\u00e1 decorado de forma sencilla y elegante con una guirnalda floral en las barandillas, creando un ambiente rom\u00e1ntico sin perder la esencia de la experiencia de navegaci\u00f3n.<\/span><\/p>\n<p style=\"text-align: justify;\"><span style=\"font-weight: 400;\">Adem\u00e1s, durante la salida disfrutar\u00e9is de un peque\u00f1o catering con cava, fruta, chocolate y snacks para brindar despu\u00e9s del gran momento y celebrar la pedida.<\/span><\/p>\n<p style=\"text-align: justify;\"><span style=\"font-weight: 400;\">Despu\u00e9s, volver\u00e9is navegando tranquilamente hacia Donostia, disfrutando del mar y del momento vivido, llegando al puerto alrededor de las 13:30.<\/span><\/p>\n<p style=\"text-align: justify;\"><span style=\"font-weight: 400;\">Esta <\/span><b>pedida de mano en velero en Donostia<\/b><span style=\"font-weight: 400;\"> es perfecta para quienes buscan algo \u00edntimo, diferente y en un entorno natural espectacular.<\/span><\/p>\n<p style=\"text-align: justify;\"><span style=\"font-weight: 400;\">\u00bfTe lo vas a perder?<\/span><\/p>\n<h2 style=\"text-align: justify;\"><b>Lo que incluye tu pedida de mano en velero en Donostia<\/b><\/h2>\n<ul>\n<li style=\"text-align: justify;\"><span style=\"font-weight: 400;\">Fot\u00f3grafo<\/span><\/li>\n<li style=\"text-align: justify;\"><span style=\"font-weight: 400;\">Salida en velero de medio d\u00eda<\/span><span style=\"font-weight: 400;\"><br \/>\n<\/span><\/li>\n<li style=\"text-align: justify;\"><span style=\"font-weight: 400;\">Decoraci\u00f3n sencilla con guirnalda floral en barandillas<\/span><\/li>\n<li style=\"text-align: justify;\"><span style=\"font-weight: 400;\">Catering (cava, fruta, chocolate y snacks)<\/span><span style=\"font-weight: 400;\"><br \/>\n<\/span><\/li>\n<li style=\"text-align: justify;\"><span style=\"font-weight: 400;\">Organizaci\u00f3n de la propuesta de matrimonio<\/span><\/li>\n<\/ul>\n<p style=\"text-align: justify;\"><strong>Precio: 1470\u20ac + IVA<\/strong><\/p>\n<h2 style=\"text-align: justify;\"><b>Se puede a\u00f1adir<\/b><\/h2>\n<ul>\n<li style=\"text-align: justify;\"><span style=\"font-weight: 400;\">Fot\u00f3grafo<\/span><span style=\"font-weight: 400;\"><br \/>\n<\/span><\/li>\n<li style=\"text-align: justify;\"><span style=\"font-weight: 400;\">Vide\u00f3grafo<\/span><span style=\"font-weight: 400;\"><br \/>\n<\/span><\/li>\n<li style=\"text-align: justify;\"><span style=\"font-weight: 400;\">M\u00fasica<\/span><span style=\"font-weight: 400;\"><br \/>\n<\/span><\/li>\n<li style=\"text-align: justify;\"><span style=\"font-weight: 400;\">Decoraci\u00f3n personalizada<\/span><span style=\"font-weight: 400;\"><br \/>\n<\/span><\/li>\n<li style=\"text-align: justify;\"><span style=\"font-weight: 400;\">Transporte<\/span><span style=\"font-weight: 400;\"><br \/>\n<\/span><\/li>\n<li style=\"text-align: justify;\"><span style=\"font-weight: 400;\">Otros elementos personalizados<\/span><\/li>\n<\/ul>\n<p style=\"text-align: justify;\"><span style=\"font-weight: 400;\">\u00a1Config\u00faralo como t\u00fa quieras!<\/span><\/p>\n<h2 style=\"text-align: justify;\"><b>Facilidad de pago<\/b><\/h2>\n<p style=\"text-align: justify;\"><span style=\"font-weight: 400;\">Para reservar la <\/span><b>pedida de mano en velero en Donostia<\/b><span style=\"font-weight: 400;\"> es necesario pagar un adelanto y el resto antes del evento.<\/span><\/p>\n<h2 style=\"text-align: justify;\"><b>Condiciones<\/b><\/h2>\n<p style=\"text-align: justify;\"><span style=\"font-weight: 400;\">Las tarifas no son reembolsables si el evento se cancela por cualquier motivo.<\/span><\/p>\n<p><\/p>","protected":false},"excerpt":{"rendered":"<p style=\"text-align: justify;\"><span style=\"font-weight: 400;\">Vive una pedida de mano en velero en Donostia con navegaci\u00f3n hasta Pasaia, decoraci\u00f3n floral y catering a bordo. Una experiencia \u00fanica. <strong>Precio 1470\u20ac + IVA.<\/strong><\/span><\/p>\n","protected":false},"featured_media":54928,"comment_status":"closed","ping_status":"closed","template":"","meta":[],"class_list":["post-54924","product","type-product","status-publish","has-post-thumbnail","hentry","product_cat-marriage-proposal-packages"],"_links":{"self":[{"href":"https:\/\/perfectvenue.es\/es\/wp-json\/wp\/v2\/product\/54924","targetHints":{"allow":["GET"]}}],"collection":[{"href":"https:\/\/perfectvenue.es\/es\/wp-json\/wp\/v2\/product"}],"about":[{"href":"https:\/\/perfectvenue.es\/es\/wp-json\/wp\/v2\/types\/product"}],"replies":[{"embeddable":true,"href":"https:\/\/perfectvenue.es\/es\/wp-json\/wp\/v2\/comments?post=54924"}],"wp:featuredmedia":[{"embeddable":true,"href":"https:\/\/perfectvenue.es\/es\/wp-json\/wp\/v2\/media\/54928"}],"wp:attachment":[{"href":"https:\/\/perfectvenue.es\/es\/wp-json\/wp\/v2\/media?parent=54924"}],"curies":[{"name":"wp","href":"https:\/\/api.w.org\/{rel}","templated":true}]}}