{"id":54892,"date":"2026-03-27T14:37:43","date_gmt":"2026-03-27T11:37:43","guid":{"rendered":"https:\/\/perfectvenue.es\/?post_type=product&#038;p=54892"},"modified":"2026-03-27T14:37:47","modified_gmt":"2026-03-27T11:37:47","slug":"marriage-proposal-in-tenerife-beach","status":"publish","type":"product","link":"https:\/\/perfectvenue.es\/es\/product\/marriage-proposal-in-tenerife-beach\/","title":{"rendered":"Pedida de mano sencilla en la playa en Tenerife: un momento \u00fanico frente al oc\u00e9ano"},"content":{"rendered":"<p><\/p>\n<p style=\"text-align: justify;\"><span style=\"font-weight: 400;\">Tenerife es un destino donde el mar, la naturaleza y la luz crean una atm\u00f3sfera especial. Sus playas volc\u00e1nicas y el oc\u00e9ano Atl\u00e1ntico ofrecen un escenario diferente y lleno de personalidad. Una <\/span><b>pedida de mano sencilla en la playa en Tenerife<\/b><span style=\"font-weight: 400;\"> es perfecta para quienes buscan algo \u00fanico.<\/span><\/p>\n<p style=\"text-align: justify;\"><span style=\"font-weight: 400;\">Aqu\u00ed, cada momento se vive de forma m\u00e1s intensa. El entorno, el sonido del mar y la amplitud del paisaje crean una experiencia dif\u00edcil de igualar.<\/span><\/p>\n<p style=\"text-align: justify;\"><span style=\"font-weight: 400;\">El espacio se prepara con p\u00e9talos de rosa sobre la arena, creando un punto \u00edntimo donde tendr\u00e1 lugar la gran pregunta.<\/span><\/p>\n<p style=\"text-align: justify;\"><span style=\"font-weight: 400;\">Un fot\u00f3grafo profesional capturar\u00e1 cada instante, asegurando que ese momento quede para siempre.<\/span><\/p>\n<p style=\"text-align: justify;\"><span style=\"font-weight: 400;\">Esta <\/span><b>pedida de mano sencilla en Tenerife<\/b><span style=\"font-weight: 400;\"> es una forma diferente y muy especial de dar el \u201cs\u00ed, quiero\u201d.<\/span><\/p>\n<p style=\"text-align: justify;\"><span style=\"font-weight: 400;\">\u00bfTe lo vas a perder?<\/span><\/p>\n<h2 style=\"text-align: justify;\"><b>Lo que incluye tu pedida de mano sencilla en la playa en Tenerife:<\/b><\/h2>\n<ul style=\"text-align: justify;\">\n<li><span style=\"font-weight: 400;\">Fot\u00f3grafo<\/span><span style=\"font-weight: 400;\"><br \/>\n<\/span><\/li>\n<li><span style=\"font-weight: 400;\">P\u00e9talos de rosa<\/span><span style=\"font-weight: 400;\"><br \/>\n<\/span><\/li>\n<li><span style=\"font-weight: 400;\">Organizaci\u00f3n de la propuesta de matrimonio<\/span><\/li>\n<\/ul>\n<p style=\"text-align: justify;\"><span style=\"font-weight: 400;\">Precio: a consultar<\/span><\/p>\n<h2 style=\"text-align: justify;\"><b>Se puede a\u00f1adir:<\/b><\/h2>\n<ul style=\"text-align: justify;\">\n<li><span style=\"font-weight: 400;\">Vide\u00f3grafo<\/span><span style=\"font-weight: 400;\"><br \/>\n<\/span><\/li>\n<li><span style=\"font-weight: 400;\">Letras \u201cMarry Me\u201d<\/span><span style=\"font-weight: 400;\"><br \/>\n<\/span><\/li>\n<li><span style=\"font-weight: 400;\">Decoraci\u00f3n premium<\/span><span style=\"font-weight: 400;\"><br \/>\n<\/span><\/li>\n<li><span style=\"font-weight: 400;\">M\u00fasica en directo (guitarra o viol\u00edn)<\/span><span style=\"font-weight: 400;\"><br \/>\n<\/span><\/li>\n<li><span style=\"font-weight: 400;\">Transporte<\/span><span style=\"font-weight: 400;\"><br \/>\n<\/span><\/li>\n<li><span style=\"font-weight: 400;\">Otros elementos personalizados<\/span><\/li>\n<\/ul>\n<p style=\"text-align: justify;\"><span style=\"font-weight: 400;\">\u00a1Config\u00faralo como t\u00fa quieras!<\/span><\/p>\n<h2 style=\"text-align: justify;\"><b>Facilidad de pago<\/b><\/h2>\n<p style=\"text-align: justify;\"><span style=\"font-weight: 400;\">\u00a1S\u00ed! Y es que no es necesario pagar \u00edntegramente el importe de la <\/span><b>pedida de mano sencilla en la playa en Tenerife<\/b><span style=\"font-weight: 400;\">. Para reservar es necesario pagar un adelanto y el resto el d\u00eda de la experiencia.<\/span><\/p>\n<p style=\"text-align: justify;\"><span style=\"font-weight: 400;\">\u00a1Comodidad para ti!<\/span><\/p>\n<p style=\"text-align: justify;\"><span style=\"font-weight: 400;\">*Las tarifas no son reembolsables si el evento se cancela por cualquier motivo<\/span><\/p>\n<p><\/p>","protected":false},"excerpt":{"rendered":"<p style=\"text-align: justify;\"><span style=\"font-weight: 400;\">Vive una pedida de mano sencilla en la playa en Tenerife con p\u00e9talos de rosa y fot\u00f3grafo frente al mar. <strong>Precio: a consultar.<\/strong><\/span><\/p>\n","protected":false},"featured_media":54893,"comment_status":"closed","ping_status":"closed","template":"","meta":[],"class_list":["post-54892","product","type-product","status-publish","has-post-thumbnail","hentry","product_cat-marriage-proposal-packages"],"_links":{"self":[{"href":"https:\/\/perfectvenue.es\/es\/wp-json\/wp\/v2\/product\/54892","targetHints":{"allow":["GET"]}}],"collection":[{"href":"https:\/\/perfectvenue.es\/es\/wp-json\/wp\/v2\/product"}],"about":[{"href":"https:\/\/perfectvenue.es\/es\/wp-json\/wp\/v2\/types\/product"}],"replies":[{"embeddable":true,"href":"https:\/\/perfectvenue.es\/es\/wp-json\/wp\/v2\/comments?post=54892"}],"wp:featuredmedia":[{"embeddable":true,"href":"https:\/\/perfectvenue.es\/es\/wp-json\/wp\/v2\/media\/54893"}],"wp:attachment":[{"href":"https:\/\/perfectvenue.es\/es\/wp-json\/wp\/v2\/media?parent=54892"}],"curies":[{"name":"wp","href":"https:\/\/api.w.org\/{rel}","templated":true}]}}