{"id":54419,"date":"2026-02-16T12:58:49","date_gmt":"2026-02-16T09:58:49","guid":{"rendered":"https:\/\/perfectvenue.es\/?post_type=product&#038;p=54419"},"modified":"2026-02-16T15:28:30","modified_gmt":"2026-02-16T12:28:30","slug":"marriage-proposal-in-cap-rocat","status":"publish","type":"product","link":"https:\/\/perfectvenue.es\/es\/product\/marriage-proposal-in-cap-rocat\/","title":{"rendered":"Pedida de mano en Cap Rocat: amor en un lugar con encanto"},"content":{"rendered":"<p><\/p>\n<p style=\"text-align: justify;\"><span style=\"font-weight: 400;\">La pedida de mano en Cap Rocat es una experiencia exclusiva dise\u00f1ada para quienes desean vivir un momento inolvidable en un entorno m\u00e1gico. Este antiguo fuerte militar restaurado, situado sobre los acantilados de la bah\u00eda de Palma, ofrece un escenario \u00fanico donde la historia, el mar y la exclusividad se combinan para crear el ambiente perfecto para pedir matrimonio.<\/span><\/p>\n<p style=\"text-align: justify;\"><span style=\"font-weight: 400;\">Desde el primer momento, nos encargamos de la planificaci\u00f3n completa de la pedida de mano en Cap Rocat. Dise\u00f1amos la experiencia a medida, adapt\u00e1ndola a vuestra historia y estilo como pareja. Coordinamos cada detalle con el hotel, seleccionamos el espacio m\u00e1s rom\u00e1ntico, ya sea una terraza privada al atardecer o un rinc\u00f3n \u00edntimo con vistas al mar, y organizamos toda la log\u00edstica para que la sorpresa sea impecable. Nuestro equipo supervisa el montaje y el desarrollo del evento, garantizando que todo fluya con naturalidad y discreci\u00f3n.<\/span><\/p>\n<p style=\"text-align: justify;\"><span style=\"font-weight: 400;\">Adem\u00e1s, la pedida de mano en Cap Rocat incluye un fot\u00f3grafo profesional especializado en propuestas de matrimonio. Durante la pedida, se mantiene en segundo plano para capturar la sorpresa y la emoci\u00f3n real sin interferir en el momento. Despu\u00e9s, realizamos una peque\u00f1a sesi\u00f3n de pareja aprovechando los rincones m\u00e1s emblem\u00e1ticos del hotel, creando un reportaje elegante y natural que refleje vuestra felicidad.<\/span><\/p>\n<p style=\"text-align: justify;\"><span style=\"font-weight: 400;\">Del mismo modo, tambi\u00e9n se puede a\u00f1adir suplementos para crear una atm\u00f3sfera a\u00fan m\u00e1s m\u00e1gica con velas, p\u00e9talos de rosa y arreglos florales elegantes que se integran perfectamente con el entorno sofisticado de Cap Rocat.\u00a0<\/span><\/p>\n<p style=\"text-align: justify;\"><span style=\"font-weight: 400;\">Por todo ello, esta pedida de mano en Cap Rocat no es solo un evento, sino una experiencia completa pensada para transformar una pregunta en uno de los recuerdos m\u00e1s importantes de vuestra vida. T\u00fa traes el anillo; nosotros nos encargamos de crear la magia en uno de los escenarios m\u00e1s exclusivos del Mediterr\u00e1neo.<\/span><\/p>\n<p style=\"text-align: justify;\"><span style=\"font-weight: 400;\">\u00bfTe lo vas a perder?<\/span><\/p>\n<h3 style=\"text-align: justify;\"><span style=\"font-weight: 400;\">Lo que incluye tu pedida de mano en Cap Rocat:<\/span><\/h3>\n<ul style=\"text-align: justify;\">\n<li aria-level=\"1\"><b><span style=\"font-weight: 400;\">Fot\u00f3grafo<\/span><\/b><\/li>\n<li aria-level=\"1\"><b><span style=\"font-weight: 400;\">Planificaci\u00f3n y coordinaci\u00f3n de la propuesta de matrimonio<\/span><\/b><\/li>\n<\/ul>\n<p><b style=\"font-family: inherit;\">Precio: 400\u20ac + IVA<\/b><\/p>\n<h3 style=\"text-align: justify;\"><span style=\"font-weight: 400;\">Se puede a\u00f1adir:<\/span><\/h3>\n<ul style=\"text-align: justify;\">\n<li style=\"font-weight: 400;\" aria-level=\"1\"><span style=\"font-weight: 400;\">Vide\u00f3grafo<\/span><\/li>\n<li style=\"font-weight: 400;\" aria-level=\"1\"><span style=\"font-weight: 400;\">Ramo de flores<\/span><\/li>\n<li style=\"font-weight: 400;\" aria-level=\"1\"><span style=\"font-weight: 400;\">M\u00fasica en directo<\/span><\/li>\n<li style=\"font-weight: 400;\" aria-level=\"1\"><span style=\"font-weight: 400;\">Decoraci\u00f3n personalizada<\/span><\/li>\n<li style=\"font-weight: 400;\" aria-level=\"1\"><span style=\"font-weight: 400;\">Cena en el hotel<\/span><\/li>\n<li style=\"font-weight: 400;\" aria-level=\"1\"><span style=\"font-weight: 400;\">Dos copas de cava o champagne<\/span><\/li>\n<li style=\"font-weight: 400;\" aria-level=\"1\"><span style=\"font-weight: 400;\">\u00a1Configuralo como t\u00fa quieras!<\/span><\/li>\n<\/ul>\n<h3 style=\"text-align: justify;\"><span style=\"font-weight: 400;\">Facilidad de pago<\/span><\/h3>\n<p style=\"text-align: justify;\"><span style=\"font-weight: 400;\">\u00a1S\u00ed! Y es que no es necesario pagar \u00edntegramente el importe de la pedida de mano en Cap Rocat. Para reservar es necesario pagar un adelanto de 200\u20ac y el resto el d\u00eda de la pedida.<\/span><\/p>\n<p style=\"text-align: justify;\"><span style=\"font-weight: 400;\">\u00a1Comodidad para ti!<\/span><\/p>\n<p style=\"text-align: justify;\"><span style=\"font-weight: 400;\">*Las tarifas no son reembolsables si el evento se cancela por cualquier motivo.<\/span><\/p>\n<p><\/p>","protected":false},"excerpt":{"rendered":"<p style=\"text-align: justify;\"><span style=\"font-weight: 400;\">Haz una pedida de mano en Cap Rocat y disfruta de una experiencia inolvidable. Disfrutar\u00e9is de un entorno con encanto para dar el gran paso. <\/span><b>Precio: 400\u20ac + IVA. Para reservar es necesario pagar un dep\u00f3sito de 200\u20ac, el resto el mismo d\u00eda de la pedida.<\/b><\/p>\n","protected":false},"featured_media":45049,"comment_status":"closed","ping_status":"closed","template":"","meta":[],"class_list":["post-54419","product","type-product","status-publish","has-post-thumbnail","hentry","product_cat-marriage-proposal-packages","product_tag-pedida-de-mano-en-cap-rocat","product_tag-pedida-de-mano-en-cap-rocat-2026","product_tag-pedida-de-mano-en-cap-rocat-romantica"],"_links":{"self":[{"href":"https:\/\/perfectvenue.es\/es\/wp-json\/wp\/v2\/product\/54419","targetHints":{"allow":["GET"]}}],"collection":[{"href":"https:\/\/perfectvenue.es\/es\/wp-json\/wp\/v2\/product"}],"about":[{"href":"https:\/\/perfectvenue.es\/es\/wp-json\/wp\/v2\/types\/product"}],"replies":[{"embeddable":true,"href":"https:\/\/perfectvenue.es\/es\/wp-json\/wp\/v2\/comments?post=54419"}],"wp:featuredmedia":[{"embeddable":true,"href":"https:\/\/perfectvenue.es\/es\/wp-json\/wp\/v2\/media\/45049"}],"wp:attachment":[{"href":"https:\/\/perfectvenue.es\/es\/wp-json\/wp\/v2\/media?parent=54419"}],"curies":[{"name":"wp","href":"https:\/\/api.w.org\/{rel}","templated":true}]}}