{"id":54395,"date":"2026-02-13T15:37:46","date_gmt":"2026-02-13T12:37:46","guid":{"rendered":"https:\/\/perfectvenue.es\/?post_type=product&#038;p=54395"},"modified":"2026-02-13T15:37:52","modified_gmt":"2026-02-13T12:37:52","slug":"marriage-proposal-at-the-bernabeu-stadium","status":"publish","type":"product","link":"https:\/\/perfectvenue.es\/es\/product\/marriage-proposal-at-the-bernabeu-stadium\/","title":{"rendered":"Pedida de mano en el estadio Bernab\u00e9u: amor y pasi\u00f3n compartida"},"content":{"rendered":"<p><\/p>\n<p style=\"text-align: justify;\"><span style=\"font-weight: 400;\">Una pedida de mano en el estadio Bernab\u00e9u es una experiencia inolvidable para los amantes del f\u00fatbol y, especialmente, para quienes sienten una conexi\u00f3n especial con el emblem\u00e1tico estadio del Real Madrid. Por eso, sorprender a tu pareja con esta propuesta convierte el momento en algo \u00fanico.<\/span><\/p>\n<p style=\"text-align: justify;\"><span style=\"font-weight: 400;\">De este modo, la pedida de mano en estadio Bernab\u00e9u puede realizarse de diferentes maneras, adapt\u00e1ndose al estilo y personalidad de cada pareja. La experiencia incluye el tour del estadio, fot\u00f3grafo profesional, decoraci\u00f3n b\u00e1sica con cartel y la coordinaci\u00f3n del evento. Todo se organiza estrat\u00e9gicamente para que la sorpresa sea natural, emotiva y perfectamente sincronizada.<\/span><\/p>\n<p style=\"text-align: justify;\"><span style=\"font-weight: 400;\">Adem\u00e1s, se pueden a\u00f1adir detalles extra para elevar a\u00fan m\u00e1s la experiencia, como decoraci\u00f3n especial, ramo de flores o elementos personalizados que reflejen vuestra historia. Otra alternativa es optar por el alquiler de un espacio privado dentro del estadio. Esta opci\u00f3n permite disfrutar de una comida o cena exclusiva con vistas al terreno de juego, en un ambiente \u00edntimo y elegante.\u00a0<\/span><\/p>\n<p style=\"text-align: justify;\"><span style=\"font-weight: 400;\">Por todo ello, realizar una pedida de mano en el estadio Bernab\u00e9u es ideal para aquellas parejas que comparten el amor por el f\u00fatbol y desean que su compromiso tenga un significado a\u00fan m\u00e1s profundo. No se trata solo de hacer una pregunta, sino de vivir un momento m\u00e1gico en uno de los estadios m\u00e1s emblem\u00e1ticos del mundo.<\/span><\/p>\n<p style=\"text-align: justify;\"><span style=\"font-weight: 400;\">\u00a1No esperes m\u00e1s!<\/span><\/p>\n<h3 style=\"text-align: justify;\"><span style=\"font-weight: 400;\">Lo que incluye tu pedida de mano en el estadio Bernab\u00e9u:<\/span><\/h3>\n<ul style=\"text-align: justify;\">\n<li aria-level=\"1\"><b><span style=\"font-weight: 400;\">Fot\u00f3grafo<\/span><\/b><\/li>\n<li aria-level=\"1\"><span style=\"font-weight: 400;\">Decoraci\u00f3n b\u00e1sica<\/span><\/li>\n<li aria-level=\"1\"><span style=\"font-weight: 400;\">Cartel\u00a0<\/span><\/li>\n<li aria-level=\"1\"><span style=\"font-weight: 400;\">Tour por el estadio<\/span><\/li>\n<li aria-level=\"1\"><b><span style=\"font-weight: 400;\">Planificaci\u00f3n y coordinaci\u00f3n de la propuesta de matrimonio<\/span><\/b><\/li>\n<\/ul>\n<p><b style=\"font-family: inherit;\">Precio: a consultar<\/b><\/p>\n<h3 style=\"text-align: justify;\"><span style=\"font-weight: 400;\">Se puede a\u00f1adir:<\/span><\/h3>\n<ul style=\"text-align: justify;\">\n<li style=\"font-weight: 400;\" aria-level=\"1\"><span style=\"font-weight: 400;\">Vide\u00f3grafo<\/span><\/li>\n<li style=\"font-weight: 400;\" aria-level=\"1\"><span style=\"font-weight: 400;\">Ramo de flores<\/span><\/li>\n<li style=\"font-weight: 400;\" aria-level=\"1\"><span style=\"font-weight: 400;\">M\u00fasica en directo<\/span><\/li>\n<li style=\"font-weight: 400;\" aria-level=\"1\"><span style=\"font-weight: 400;\">Decoraci\u00f3n personalizada<\/span><\/li>\n<li style=\"font-weight: 400;\" aria-level=\"1\"><span style=\"font-weight: 400;\">Cena en el estadio<\/span><\/li>\n<li style=\"font-weight: 400;\" aria-level=\"1\"><span style=\"font-weight: 400;\">Dos copas de cava o champagne<\/span><\/li>\n<li style=\"font-weight: 400;\" aria-level=\"1\"><span style=\"font-weight: 400;\">\u00a1Configuralo como t\u00fa quieras!<\/span><\/li>\n<\/ul>\n<h3 style=\"text-align: justify;\"><span style=\"font-weight: 400;\">Facilidad de pago<\/span><\/h3>\n<p style=\"text-align: justify;\"><span style=\"font-weight: 400;\">\u00a1S\u00ed! Y es que no es necesario pagar \u00edntegramente el importe de la pedida de mano en el estadio Bernab\u00e9u. Para reservar es necesario pagar un adelanto y el resto el d\u00eda de la pedida.<\/span><\/p>\n<p style=\"text-align: justify;\"><span style=\"font-weight: 400;\">\u00a1Comodidad para ti!<\/span><\/p>\n<p style=\"text-align: justify;\"><span style=\"font-weight: 400;\">*Las tarifas no son reembolsables si el evento se cancela por cualquier motivo.<\/span><\/p>\n<p><\/p>","protected":false},"excerpt":{"rendered":"<p style=\"text-align: justify;\"><span style=\"font-weight: 400;\">Haz una pedida de mano en el estadio Bernab\u00e9u y disfruta de una experiencia inolvidable. Disfrutar\u00e9is de un entorno con encanto para dar el gran paso. <\/span><b>Precio: a consultar. Para reservar es necesario pagar un adelanto.<\/b><\/p>\n","protected":false},"featured_media":54398,"comment_status":"closed","ping_status":"closed","template":"","meta":[],"class_list":["post-54395","product","type-product","status-publish","has-post-thumbnail","hentry","product_cat-marriage-proposal-packages","product_tag-pedida-de-mano-en-el-estadio-bernabeu","product_tag-pedida-de-mano-en-el-estadio-bernabeu-2026","product_tag-pedida-de-mano-en-el-estadio-bernabeu-elegante"],"_links":{"self":[{"href":"https:\/\/perfectvenue.es\/es\/wp-json\/wp\/v2\/product\/54395","targetHints":{"allow":["GET"]}}],"collection":[{"href":"https:\/\/perfectvenue.es\/es\/wp-json\/wp\/v2\/product"}],"about":[{"href":"https:\/\/perfectvenue.es\/es\/wp-json\/wp\/v2\/types\/product"}],"replies":[{"embeddable":true,"href":"https:\/\/perfectvenue.es\/es\/wp-json\/wp\/v2\/comments?post=54395"}],"wp:featuredmedia":[{"embeddable":true,"href":"https:\/\/perfectvenue.es\/es\/wp-json\/wp\/v2\/media\/54398"}],"wp:attachment":[{"href":"https:\/\/perfectvenue.es\/es\/wp-json\/wp\/v2\/media?parent=54395"}],"curies":[{"name":"wp","href":"https:\/\/api.w.org\/{rel}","templated":true}]}}