{"id":54392,"date":"2026-02-13T15:45:39","date_gmt":"2026-02-13T12:45:39","guid":{"rendered":"https:\/\/perfectvenue.es\/?post_type=product&#038;p=54392"},"modified":"2026-02-13T16:19:45","modified_gmt":"2026-02-13T13:19:45","slug":"marriage-proposal-with-a-horseback-ride-in-madrid","status":"publish","type":"product","link":"https:\/\/perfectvenue.es\/es\/product\/marriage-proposal-with-a-horseback-ride-in-madrid\/","title":{"rendered":"Pedida de mano con paseo a caballo en Madrid:\u00a0 \u00a1amor de cuento!"},"content":{"rendered":"<p><\/p>\n<p style=\"text-align: justify;\"><span style=\"font-weight: 400;\">Una pedida de mano con paseo a caballo en Madrid es una experiencia que combina romanticismo, naturaleza y elegancia. Por eso, si deseas que la gran pregunta sea inolvidable, esta propuesta une la belleza de los paisajes madrile\u00f1os con la serenidad de un recorrido ecuestre, creando un momento \u00edntimo, emotivo y lleno de significado.<\/span><\/p>\n<p style=\"text-align: justify;\"><span style=\"font-weight: 400;\">Madrid cuenta con escenarios naturales excepcionales que aportan el marco ideal para esta vivencia tan especial. Lugares como la Casa de Campo, la Sierra de Guadarrama o los alrededores de El Escorial ofrecen paisajes abiertos, tranquilidad y una atm\u00f3sfera m\u00e1gica que envuelve cada instante.\u00a0<\/span><\/p>\n<p style=\"text-align: justify;\"><span style=\"font-weight: 400;\">Adem\u00e1s, la experiencia incluye un picnic gourmet, decoraci\u00f3n b\u00e1sica y fot\u00f3grafo profesional. Este detalle es fundamental, ya que capturar\u00e1 cada emoci\u00f3n de manera natural y discreta. Por eso, tener estas im\u00e1genes permite revivir el recuerdo una y otra vez y compartirlo con familiares y amigos.<\/span><\/p>\n<p style=\"text-align: justify;\"><span style=\"font-weight: 400;\">Adem\u00e1s, se puede a\u00f1adir un ramo de flores, incorporar decoraci\u00f3n adicional, como letras luminosas, corazones, p\u00e9talos de rosa o incluso un peque\u00f1o arco floral que enmarque el lugar de la propuesta. \u00a1Cada detalle suma para crear una atm\u00f3sfera a\u00fan m\u00e1s m\u00e1gica y personalizada!<\/span><\/p>\n<p style=\"text-align: justify;\"><span style=\"font-weight: 400;\">Por todo ello, realizar una pedida de mano con paseo a caballo en Madrid combina aventura, romanticismo y exclusividad. Es ideal para parejas que aman la naturaleza, buscan algo diferente a lo tradicional y desean vivir una experiencia privada y significativa. Sin duda, es una forma espectacular de comenzar el camino hacia el \u201cs\u00ed, quiero\u201d.<\/span><\/p>\n<p style=\"text-align: justify;\"><span style=\"font-weight: 400;\">\u00bfTe lo vas a perder?<\/span><\/p>\n<h3 style=\"text-align: justify;\"><span style=\"font-weight: 400;\">Lo que incluye tu pedida de mano con paseo a caballo en Madrid:<\/span><\/h3>\n<ul style=\"text-align: justify;\">\n<li aria-level=\"1\"><b><span style=\"font-weight: 400;\">Fot\u00f3grafo<\/span><\/b><\/li>\n<li aria-level=\"1\"><span style=\"font-weight: 400;\">Decoraci\u00f3n b\u00e1sica<\/span><\/li>\n<li aria-level=\"1\"><span style=\"font-weight: 400;\">Picnic gourmet<\/span><\/li>\n<li aria-level=\"1\"><b><span style=\"font-weight: 400;\">Planificaci\u00f3n y coordinaci\u00f3n de la propuesta de matrimonio<\/span><\/b><\/li>\n<\/ul>\n<p><b style=\"font-family: inherit;\">Precio: desde 680\u20ac + IVA\u00a0<\/b><\/p>\n<h3 style=\"text-align: justify;\"><span style=\"font-weight: 400;\">Se puede a\u00f1adir:<\/span><\/h3>\n<ul style=\"text-align: justify;\">\n<li style=\"font-weight: 400;\" aria-level=\"1\"><span style=\"font-weight: 400;\">Vide\u00f3grafo<\/span><\/li>\n<li style=\"font-weight: 400;\" aria-level=\"1\"><span style=\"font-weight: 400;\">Ramo de flores<\/span><\/li>\n<li style=\"font-weight: 400;\" aria-level=\"1\"><span style=\"font-weight: 400;\">M\u00fasica en directo<\/span><\/li>\n<li style=\"font-weight: 400;\" aria-level=\"1\"><span style=\"font-weight: 400;\">Decoraci\u00f3n personalizada<\/span><\/li>\n<li style=\"font-weight: 400;\" aria-level=\"1\"><span style=\"font-weight: 400;\">Dos copas de cava o champagne<\/span><\/li>\n<li style=\"font-weight: 400;\" aria-level=\"1\"><span style=\"font-weight: 400;\">\u00a1Configuralo como t\u00fa quieras!<\/span><\/li>\n<\/ul>\n<h3 style=\"text-align: justify;\"><span style=\"font-weight: 400;\">Facilidad de pago<\/span><\/h3>\n<p style=\"text-align: justify;\"><span style=\"font-weight: 400;\">\u00a1S\u00ed! Y es que no es necesario pagar \u00edntegramente el importe de la pedida de mano con paseo a caballo en Madrid. Para reservar es necesario pagar 340\u20ac y el resto el d\u00eda de la pedida.<\/span><\/p>\n<p style=\"text-align: justify;\"><span style=\"font-weight: 400;\">\u00a1Comodidad para ti!<\/span><\/p>\n<p style=\"text-align: justify;\"><span style=\"font-weight: 400;\">*Las tarifas no son reembolsables si el evento se cancela por cualquier motivo.<\/span><\/p>\n<p><\/p>","protected":false},"excerpt":{"rendered":"<p style=\"text-align: justify;\"><span style=\"font-weight: 400;\">Vive una pedida de mano con paseo a caballo en Madrid inolvidable y disfruta de una experiencia m\u00e1gica. Disfrutar\u00e9is de un entorno con encanto y rom\u00e1ntico para dar el gran paso. <\/span><b>Precio desde 680\u20ac + IVA. Para reservar es necesario pagar el 50% y el resto el d\u00eda de la pedida.<\/b><\/p>\n","protected":false},"featured_media":54403,"comment_status":"closed","ping_status":"closed","template":"","meta":[],"class_list":["post-54392","product","type-product","status-publish","has-post-thumbnail","hentry","product_cat-marriage-proposal-packages","product_tag-pedida-de-mano-con-paseo-a-caballo-en-madrid","product_tag-pedida-de-mano-con-paseo-a-caballo-en-madrid-2026","product_tag-pedida-de-mano-con-paseo-a-caballo-en-madrid-romantico"],"_links":{"self":[{"href":"https:\/\/perfectvenue.es\/es\/wp-json\/wp\/v2\/product\/54392","targetHints":{"allow":["GET"]}}],"collection":[{"href":"https:\/\/perfectvenue.es\/es\/wp-json\/wp\/v2\/product"}],"about":[{"href":"https:\/\/perfectvenue.es\/es\/wp-json\/wp\/v2\/types\/product"}],"replies":[{"embeddable":true,"href":"https:\/\/perfectvenue.es\/es\/wp-json\/wp\/v2\/comments?post=54392"}],"wp:featuredmedia":[{"embeddable":true,"href":"https:\/\/perfectvenue.es\/es\/wp-json\/wp\/v2\/media\/54403"}],"wp:attachment":[{"href":"https:\/\/perfectvenue.es\/es\/wp-json\/wp\/v2\/media?parent=54392"}],"curies":[{"name":"wp","href":"https:\/\/api.w.org\/{rel}","templated":true}]}}