{"id":54354,"date":"2026-02-11T12:33:06","date_gmt":"2026-02-11T09:33:06","guid":{"rendered":"https:\/\/perfectvenue.es\/?post_type=product&#038;p=54354"},"modified":"2026-02-11T14:28:35","modified_gmt":"2026-02-11T11:28:35","slug":"marriage-proposal-in-segovia-with-a-view-of-the-aqueduct","status":"publish","type":"product","link":"https:\/\/perfectvenue.es\/es\/product\/marriage-proposal-in-segovia-with-a-view-of-the-aqueduct\/","title":{"rendered":"Pedida de mano en Segovia con vistas al acueducto en el Mirador del Postigo del Consuelo\u00a0"},"content":{"rendered":"<p><\/p>\n<p style=\"text-align: justify;\"><span style=\"font-weight: 400;\">La pedida de mano en Segovia con vistas al acueducto es una de las experiencias m\u00e1s rom\u00e1nticas que se pueden vivir en esta ciudad hist\u00f3rica. Segovia, con su encanto medieval y su impresionante patrimonio, se convierte en el escenario perfecto para dar uno de los pasos m\u00e1s importantes en una historia de amor. Y si hay un lugar que combina intimidad, belleza y simbolismo, ese es sin duda el Mirador del Postigo del Consuelo.<\/span><\/p>\n<p style=\"text-align: justify;\"><span style=\"font-weight: 400;\">Este mirador ofrece una vista privilegiada del Acueducto de Segovia, uno de los monumentos m\u00e1s emblem\u00e1ticos de Espa\u00f1a y Patrimonio de la Humanidad. Realizar una pedida de mano con el acueducto como tel\u00f3n de fondo aporta un significado especial al momento: solidez, historia y eternidad, valores que encajan a la perfecci\u00f3n con el compromiso que se est\u00e1 a punto de asumir. Por eso, esta pedida de mano en Segovia con vistas al acueducto es ideal para parejas que buscan un entorno rom\u00e1ntico, elegante y con un aire aut\u00e9ntico.<\/span><\/p>\n<p style=\"text-align: justify;\"><span style=\"font-weight: 400;\">El encanto del lugar se realza a\u00fan m\u00e1s con una cuidada decoraci\u00f3n b\u00e1sica, pensada para no restar protagonismo al paisaje, sino para complementarlo. Esta decoraci\u00f3n puede incluir p\u00e9talos de flores, velas, un peque\u00f1o arco decorativo o detalles personalizados que reflejen la esencia de la pareja. Todo est\u00e1 dise\u00f1ado para crear una atm\u00f3sfera \u00edntima y acogedora, perfecta para un \u201cs\u00ed\u201d inolvidable, sin caer en excesos y manteniendo la elegancia natural del entorno.<\/span><\/p>\n<p style=\"text-align: justify;\"><span style=\"font-weight: 400;\">Adem\u00e1s, la experiencia incluye un fot\u00f3grafo profesional que se encargar\u00e1 de capturar cada emoci\u00f3n, cada mirada y cada sonrisa del momento. Contar con un fot\u00f3grafo es fundamental para inmortalizar una ocasi\u00f3n tan especial, ya que permite revivir la pedida de mano una y otra vez a trav\u00e9s de im\u00e1genes llenas de sentimiento.\u00a0<\/span><\/p>\n<p style=\"text-align: justify;\"><span style=\"font-weight: 400;\">Por todo ello, la pedida de mano en Segovia con vistas al acueducto no es solo un gesto rom\u00e1ntico, sino una experiencia completa que combina paisaje, emoci\u00f3n y recuerdos para toda la vida.\u00a0<\/span><\/p>\n<h3 style=\"text-align: justify;\"><span style=\"font-weight: 400;\">Lo que incluye tu pedida de mano en Segovia con vistas al acueducto:<\/span><\/h3>\n<ul style=\"text-align: justify;\">\n<li aria-level=\"1\"><b><span style=\"font-weight: 400;\">Fot\u00f3grafo<\/span><\/b><\/li>\n<li aria-level=\"1\"><span style=\"font-weight: 400;\">Decoraci\u00f3n b\u00e1sica<\/span><\/li>\n<li aria-level=\"1\"><b><span style=\"font-weight: 400;\">Planificaci\u00f3n y coordinaci\u00f3n de la propuesta de matrimonio<\/span><\/b><\/li>\n<\/ul>\n<p><b style=\"font-family: inherit;\">Precio: a consultar<\/b><\/p>\n<h3 style=\"text-align: justify;\"><span style=\"font-weight: 400;\">Se puede a\u00f1adir:<\/span><\/h3>\n<ul style=\"text-align: justify;\">\n<li style=\"font-weight: 400;\" aria-level=\"1\"><span style=\"font-weight: 400;\">Vide\u00f3grafo<\/span><\/li>\n<li style=\"font-weight: 400;\" aria-level=\"1\"><span style=\"font-weight: 400;\">Ramo de flores<\/span><\/li>\n<li style=\"font-weight: 400;\" aria-level=\"1\"><span style=\"font-weight: 400;\">M\u00fasica en directo<\/span><\/li>\n<li style=\"font-weight: 400;\" aria-level=\"1\"><span style=\"font-weight: 400;\">Decoraci\u00f3n personalizada<\/span><\/li>\n<li style=\"font-weight: 400;\" aria-level=\"1\"><span style=\"font-weight: 400;\">Picnic<\/span><\/li>\n<li style=\"font-weight: 400;\" aria-level=\"1\"><span style=\"font-weight: 400;\">Dos copas de cava o champagne<\/span><\/li>\n<li style=\"font-weight: 400;\" aria-level=\"1\"><span style=\"font-weight: 400;\">\u00a1Configuralo como t\u00fa quieras!<\/span><\/li>\n<\/ul>\n<h3 style=\"text-align: justify;\"><span style=\"font-weight: 400;\">Facilidad de pago<\/span><\/h3>\n<p style=\"text-align: justify;\"><span style=\"font-weight: 400;\">\u00a1S\u00ed! Y es que no es necesario pagar \u00edntegramente el importe de la pedida de mano en Segovia con vistas al acueducto. Simplemente es necesario reservar con un adelanto y el resto darla en el d\u00eda del evento.<\/span><\/p>\n<p style=\"text-align: justify;\"><span style=\"font-weight: 400;\">\u00a1Comodidad para ti!<\/span><\/p>\n<p style=\"text-align: justify;\"><span style=\"font-weight: 400;\">*Las tarifas no son reembolsables si el evento se cancela por cualquier motivo.<\/span><\/p>\n<p><\/p>","protected":false},"excerpt":{"rendered":"<p style=\"text-align: justify;\"><span style=\"font-weight: 400;\">Convierte esta pedida de mano en Segovia con vistas al acueducto en una experiencia \u00fanica. Disfrutar\u00e9is de un entorno m\u00e1gico para dar el gran paso. <\/span><b>Precio: a consultar. Es necesario formalizar la reserva con un adelanto.<\/b><\/p>\n","protected":false},"featured_media":54355,"comment_status":"closed","ping_status":"closed","template":"","meta":[],"class_list":["post-54354","product","type-product","status-publish","has-post-thumbnail","hentry","product_cat-marriage-proposal-packages","product_tag-pedida-de-mano-en-segovia","product_tag-pedida-de-mano-en-segovia-con-vistas-al-acueducto","product_tag-pedida-de-mano-en-segovia-con-vistas-al-acueducto-2026"],"_links":{"self":[{"href":"https:\/\/perfectvenue.es\/es\/wp-json\/wp\/v2\/product\/54354","targetHints":{"allow":["GET"]}}],"collection":[{"href":"https:\/\/perfectvenue.es\/es\/wp-json\/wp\/v2\/product"}],"about":[{"href":"https:\/\/perfectvenue.es\/es\/wp-json\/wp\/v2\/types\/product"}],"replies":[{"embeddable":true,"href":"https:\/\/perfectvenue.es\/es\/wp-json\/wp\/v2\/comments?post=54354"}],"wp:featuredmedia":[{"embeddable":true,"href":"https:\/\/perfectvenue.es\/es\/wp-json\/wp\/v2\/media\/54355"}],"wp:attachment":[{"href":"https:\/\/perfectvenue.es\/es\/wp-json\/wp\/v2\/media?parent=54354"}],"curies":[{"name":"wp","href":"https:\/\/api.w.org\/{rel}","templated":true}]}}