{"id":54350,"date":"2026-02-11T12:33:43","date_gmt":"2026-02-11T09:33:43","guid":{"rendered":"https:\/\/perfectvenue.es\/?post_type=product&#038;p=54350"},"modified":"2026-02-11T14:31:05","modified_gmt":"2026-02-11T11:31:05","slug":"marriage-proposal-in-segovia-at-the-mirador-de-la-pradera-de-san-marcos","status":"publish","type":"product","link":"https:\/\/perfectvenue.es\/es\/product\/marriage-proposal-in-segovia-at-the-mirador-de-la-pradera-de-san-marcos\/","title":{"rendered":"Pedida de mano en Segovia en el Mirador de la Pradera de San Marcos"},"content":{"rendered":"<p><\/p>\n<p style=\"text-align: justify;\"><span style=\"font-weight: 400;\">Hacer una pedida de mano en Segovia en el Mirador de la Pradera de San Marcos es una de las opciones m\u00e1s rom\u00e1nticas y espectaculares para pedir matrimonio en la ciudad. Segovia, con su patrimonio hist\u00f3rico y su paisaje inconfundible, ofrece escenarios \u00fanicos, y pocos lugares resultan tan impresionantes como este mirador, desde el que se contempla una de las vistas m\u00e1s emblem\u00e1ticas del Alc\u00e1zar. La combinaci\u00f3n de naturaleza, historia y tranquilidad convierte este enclave en el marco perfecto para una propuesta inolvidable.<\/span><\/p>\n<p style=\"text-align: justify;\"><span style=\"font-weight: 400;\">El Mirador de la Pradera de San Marcos destaca por su ambiente abierto y su conexi\u00f3n directa con el paisaje segoviano. A los pies del Alc\u00e1zar, rodeado de zonas verdes y con una panor\u00e1mica privilegiada, este lugar ofrece una sensaci\u00f3n de intimidad y magia dif\u00edcil de igualar. Elegir una Pedida de mano en Segovia en el Mirador de la Pradera de San Marcos es apostar por un momento cargado de emoci\u00f3n, donde el entorno se convierte en protagonista junto a la pareja.<\/span><\/p>\n<p style=\"text-align: justify;\"><span style=\"font-weight: 400;\">La experiencia puede organizarse de forma totalmente personalizada. La pedida de mano suele prepararse con antelaci\u00f3n, cuidando cada detalle para que el momento sea perfecto. Desde una decoraci\u00f3n discreta y elegante hasta elementos simb\u00f3licos que representen la historia de la pareja, todo se adapta para crear una atm\u00f3sfera rom\u00e1ntica y especial. El sonido de la naturaleza y la imponente presencia del Alc\u00e1zar aportan un marco incomparable para el gran momento.<\/span><\/p>\n<p style=\"text-align: justify;\"><span style=\"font-weight: 400;\">Otro de los grandes atractivos de este lugar es la sensaci\u00f3n de exclusividad y tranquilidad. Aunque se trata de un espacio p\u00fablico, la elecci\u00f3n del momento adecuado permite disfrutar de una pedida de mano \u00edntima y sin prisas. La amplitud del entorno facilita crear una burbuja emocional en la que la pareja se siente sola, conectada y plenamente presente en ese instante tan significativo.<\/span><\/p>\n<p style=\"text-align: justify;\"><span style=\"font-weight: 400;\">Por todo ello, haz de tu pedida de mano en Segovia en el Mirador de la Pradera de San Marcos un momento inolvidable.<\/span><\/p>\n<h3 style=\"text-align: justify;\"><span style=\"font-weight: 400;\">Lo que incluye tu pedida de mano en Segovia en el Mirador de la Pradera de San Marcos:<\/span><\/h3>\n<ul style=\"text-align: justify;\">\n<li aria-level=\"1\"><b><span style=\"font-weight: 400;\">Fot\u00f3grafo<\/span><\/b><\/li>\n<li aria-level=\"1\"><span style=\"font-weight: 400;\">Decoraci\u00f3n b\u00e1sica<\/span><\/li>\n<li aria-level=\"1\"><b><span style=\"font-weight: 400;\">Planificaci\u00f3n y coordinaci\u00f3n de la propuesta de matrimonio<\/span><\/b><\/li>\n<\/ul>\n<p><b style=\"font-family: inherit;\">Precio: a consultar<\/b><\/p>\n<h3 style=\"text-align: justify;\"><span style=\"font-weight: 400;\">Se puede a\u00f1adir:<\/span><\/h3>\n<ul style=\"text-align: justify;\">\n<li style=\"font-weight: 400;\" aria-level=\"1\"><span style=\"font-weight: 400;\">Vide\u00f3grafo<\/span><\/li>\n<li style=\"font-weight: 400;\" aria-level=\"1\"><span style=\"font-weight: 400;\">Ramo de flores<\/span><\/li>\n<li style=\"font-weight: 400;\" aria-level=\"1\"><span style=\"font-weight: 400;\">M\u00fasica en directo<\/span><\/li>\n<li style=\"font-weight: 400;\" aria-level=\"1\"><span style=\"font-weight: 400;\">Decoraci\u00f3n personalizada<\/span><\/li>\n<li style=\"font-weight: 400;\" aria-level=\"1\"><span style=\"font-weight: 400;\">Picnic<\/span><\/li>\n<li style=\"font-weight: 400;\" aria-level=\"1\"><span style=\"font-weight: 400;\">\u00a1Configuralo como t\u00fa quieras!<\/span><\/li>\n<\/ul>\n<h3 style=\"text-align: justify;\"><span style=\"font-weight: 400;\">Facilidad de pago<\/span><\/h3>\n<p style=\"text-align: justify;\"><span style=\"font-weight: 400;\">\u00a1S\u00ed! Y es que no es necesario pagar \u00edntegramente el importe de la pedida de mano en Segovia en el Mirador de la Pradera de San Marcos. Simplemente es necesario reservar con un adelanto y el resto darla en el d\u00eda del evento.<\/span><\/p>\n<p style=\"text-align: justify;\"><span style=\"font-weight: 400;\">\u00a1Comodidad para ti!<\/span><\/p>\n<p style=\"text-align: justify;\"><span style=\"font-weight: 400;\">*Las tarifas no son reembolsables si el evento se cancela por cualquier motivo.<\/span><\/p>\n<p><\/p>","protected":false},"excerpt":{"rendered":"<p style=\"text-align: justify;\"><span style=\"font-weight: 400;\">Vive una pedida de mano en Segovia en el Mirador de la Pradera de San Marcos \u00fanica. Disfrutar\u00e9is de un entorno m\u00e1gico para dar el gran paso. <\/span><b>Precio: a consultar. Es necesario formalizar la reserva con un adelanto.<\/b><\/p>\n","protected":false},"featured_media":54351,"comment_status":"closed","ping_status":"closed","template":"","meta":[],"class_list":["post-54350","product","type-product","status-publish","has-post-thumbnail","hentry","product_cat-marriage-proposal-packages","product_tag-pedida-de-mano-en-segovia","product_tag-pedida-de-mano-en-segovia-en-el-mirador-de-la-pradera-de-san-marcos","product_tag-pedida-de-mano-en-segovia-en-el-mirador-de-la-pradera-de-san-marcos-2026"],"_links":{"self":[{"href":"https:\/\/perfectvenue.es\/es\/wp-json\/wp\/v2\/product\/54350","targetHints":{"allow":["GET"]}}],"collection":[{"href":"https:\/\/perfectvenue.es\/es\/wp-json\/wp\/v2\/product"}],"about":[{"href":"https:\/\/perfectvenue.es\/es\/wp-json\/wp\/v2\/types\/product"}],"replies":[{"embeddable":true,"href":"https:\/\/perfectvenue.es\/es\/wp-json\/wp\/v2\/comments?post=54350"}],"wp:featuredmedia":[{"embeddable":true,"href":"https:\/\/perfectvenue.es\/es\/wp-json\/wp\/v2\/media\/54351"}],"wp:attachment":[{"href":"https:\/\/perfectvenue.es\/es\/wp-json\/wp\/v2\/media?parent=54350"}],"curies":[{"name":"wp","href":"https:\/\/api.w.org\/{rel}","templated":true}]}}