{"id":54346,"date":"2026-02-11T12:39:48","date_gmt":"2026-02-11T09:39:48","guid":{"rendered":"https:\/\/perfectvenue.es\/?post_type=product&#038;p=54346"},"modified":"2026-02-11T14:32:17","modified_gmt":"2026-02-11T11:32:17","slug":"marriage-proposal-in-segovia-at-la-postal-restaurant","status":"publish","type":"product","link":"https:\/\/perfectvenue.es\/es\/product\/marriage-proposal-in-segovia-at-la-postal-restaurant\/","title":{"rendered":"Pedida de mano en Segovia en el restaurante La Postal: descubre su magia"},"content":{"rendered":"<p><\/p>\n<p style=\"text-align: justify;\"><span style=\"font-weight: 400;\">Realizar una pedida de mano en Segovia en el restaurante La Postal es una opci\u00f3n ideal para quienes buscan un momento rom\u00e1ntico y lleno de significado. Segovia, con su riqueza hist\u00f3rica, su ambiente tranquilo y su belleza monumental, ofrece el escenario perfecto para una propuesta de matrimonio inolvidable.<\/span><\/p>\n<p style=\"text-align: justify;\"><span style=\"font-weight: 400;\">Ubicado en un entorno privilegiado, el restaurante La Postal destaca por su ambiente \u00edntimo y su cuidada est\u00e9tica, donde cada detalle est\u00e1 pensado para crear una experiencia especial. Su decoraci\u00f3n elegante y su atm\u00f3sfera relajada convierten el espacio en el lugar perfecto para una pedida de mano en Segovia en el restaurante La Postal, permitiendo que la pareja disfrute del momento con calma y emoci\u00f3n, lejos del bullicio.<\/span><\/p>\n<p style=\"text-align: justify;\"><span style=\"font-weight: 400;\">Un elemento fundamental de esta experiencia es que el precio incluye una mesa \u00edntima y privada. Este detalle garantiza la discreci\u00f3n y la tranquilidad necesarias para un momento tan personal. La mesa se prepara especialmente para la ocasi\u00f3n, creando un ambiente exclusivo donde la pareja puede concentrarse \u00fanicamente en sus emociones y en el significado de la pedida de mano.<\/span><\/p>\n<p style=\"text-align: justify;\"><span style=\"font-weight: 400;\">Adem\u00e1s, el equipo del restaurante La Postal colabora de manera discreta y profesional en la organizaci\u00f3n del momento, respetando la sorpresa y cuidando los tiempos para que todo fluya de forma natural. Desde el ritmo de la cena hasta el instante exacto de la pregunta, cada detalle se coordina con sensibilidad y atenci\u00f3n.<\/span><\/p>\n<p style=\"text-align: justify;\"><span style=\"font-weight: 400;\">\u00bfTe lo vas a perder?<\/span><\/p>\n<h3 style=\"text-align: justify;\"><span style=\"font-weight: 400;\">Lo que incluye tu pedida de mano en Segovia en el restaurante La Postal:<\/span><\/h3>\n<ul style=\"text-align: justify;\">\n<li aria-level=\"1\"><b><span style=\"font-weight: 400;\">Mesa \u00edntima y privada<\/span><\/b><\/li>\n<li aria-level=\"1\"><span style=\"font-weight: 400;\">Fot\u00f3grafo<\/span><\/li>\n<li aria-level=\"1\"><span style=\"font-weight: 400;\">Decoraci\u00f3n b\u00e1sica<\/span><\/li>\n<li aria-level=\"1\"><b><span style=\"font-weight: 400;\">Planificaci\u00f3n y coordinaci\u00f3n de la propuesta de matrimonio<\/span><\/b><\/li>\n<\/ul>\n<p><b style=\"font-family: inherit;\">Precio: a consultar<\/b><\/p>\n<h3 style=\"text-align: justify;\"><span style=\"font-weight: 400;\">Se puede a\u00f1adir:<\/span><\/h3>\n<ul style=\"text-align: justify;\">\n<li style=\"font-weight: 400;\" aria-level=\"1\"><span style=\"font-weight: 400;\">Vide\u00f3grafo<\/span><\/li>\n<li style=\"font-weight: 400;\" aria-level=\"1\"><span style=\"font-weight: 400;\">Ramo de flores<\/span><\/li>\n<li style=\"font-weight: 400;\" aria-level=\"1\"><span style=\"font-weight: 400;\">M\u00fasica en directo<\/span><\/li>\n<li style=\"font-weight: 400;\" aria-level=\"1\"><span style=\"font-weight: 400;\">Decoraci\u00f3n personalizada<\/span><\/li>\n<li style=\"font-weight: 400;\" aria-level=\"1\"><span style=\"font-weight: 400;\">\u00a1Configuralo como t\u00fa quieras!<\/span><\/li>\n<\/ul>\n<h3 style=\"text-align: justify;\"><span style=\"font-weight: 400;\">Facilidad de pago<\/span><\/h3>\n<p style=\"text-align: justify;\"><span style=\"font-weight: 400;\">\u00a1S\u00ed! Y es que no es necesario pagar \u00edntegramente el importe de la pedida de mano en Segovia en el restaurante La Postal. Simplemente es necesario reservar con un adelanto y el resto darla en el d\u00eda del evento.<\/span><\/p>\n<p style=\"text-align: justify;\"><span style=\"font-weight: 400;\">\u00a1Comodidad para ti!<\/span><\/p>\n<p style=\"text-align: justify;\"><span style=\"font-weight: 400;\">*Las tarifas no son reembolsables si el evento se cancela por cualquier motivo.<\/span><\/p>\n<p><\/p>","protected":false},"excerpt":{"rendered":"<p style=\"text-align: justify;\"><span style=\"font-weight: 400;\">Vive una pedida de mano en Segovia en el restaurante La Postal con mucha clase. Disfrutar\u00e9is de un entorno \u00fanico para dar el gran paso. <\/span><b>Precio: a consultar. Es necesario formalizar la reserva con un adelanto.<\/b><\/p>\n","protected":false},"featured_media":54347,"comment_status":"closed","ping_status":"closed","template":"","meta":[],"class_list":["post-54346","product","type-product","status-publish","has-post-thumbnail","hentry","product_cat-marriage-proposal-packages","product_tag-pedida-de-mano-en-segovia","product_tag-pedida-de-mano-en-segovia-en-el-restaurante-la-postal","product_tag-pedida-de-mano-en-segovia-en-el-restaurante-la-postal-2026"],"_links":{"self":[{"href":"https:\/\/perfectvenue.es\/es\/wp-json\/wp\/v2\/product\/54346","targetHints":{"allow":["GET"]}}],"collection":[{"href":"https:\/\/perfectvenue.es\/es\/wp-json\/wp\/v2\/product"}],"about":[{"href":"https:\/\/perfectvenue.es\/es\/wp-json\/wp\/v2\/types\/product"}],"replies":[{"embeddable":true,"href":"https:\/\/perfectvenue.es\/es\/wp-json\/wp\/v2\/comments?post=54346"}],"wp:featuredmedia":[{"embeddable":true,"href":"https:\/\/perfectvenue.es\/es\/wp-json\/wp\/v2\/media\/54347"}],"wp:attachment":[{"href":"https:\/\/perfectvenue.es\/es\/wp-json\/wp\/v2\/media?parent=54346"}],"curies":[{"name":"wp","href":"https:\/\/api.w.org\/{rel}","templated":true}]}}