{"id":54342,"date":"2026-02-11T12:34:31","date_gmt":"2026-02-11T09:34:31","guid":{"rendered":"https:\/\/perfectvenue.es\/?post_type=product&#038;p=54342"},"modified":"2026-02-11T14:33:08","modified_gmt":"2026-02-11T11:33:08","slug":"marriage-proposal-in-segovia-at-the-villena-restaurant","status":"publish","type":"product","link":"https:\/\/perfectvenue.es\/es\/product\/marriage-proposal-in-segovia-at-the-villena-restaurant\/","title":{"rendered":"Pedida de mano en Segovia en el restaurante Villena, un lugar con encanto"},"content":{"rendered":"<p><\/p>\n<p style=\"text-align: justify;\"><span style=\"font-weight: 400;\">La pedida de mano en Segovia en el restaurante Villena es una experiencia que combina romanticismo, historia y alta gastronom\u00eda en uno de los enclaves m\u00e1s bellos de Castilla y Le\u00f3n. Segovia, con su acueducto milenario, sus calles empedradas y su atm\u00f3sfera \u00edntima, se convierte en el escenario perfecto para un momento tan trascendental como pedir matrimonio. Y dentro de esta ciudad \u00fanica, el restaurante Villena destaca como un lugar donde cada detalle suma emoci\u00f3n y elegancia.<\/span><\/p>\n<p style=\"text-align: justify;\"><span style=\"font-weight: 400;\">Ubicado en el coraz\u00f3n hist\u00f3rico de Segovia, a pocos pasos del Acueducto, el restaurante Villena ofrece un ambiente sofisticado y acogedor. Su cuidada decoraci\u00f3n, que mezcla tradici\u00f3n y modernidad, crea un espacio \u00edntimo ideal para una ocasi\u00f3n tan especial. Elegir este lugar para una pedida de mano no es casualidad: es apostar por una experiencia completa, donde el entorno, la cocina y el servicio trabajan en armon\u00eda para crear un recuerdo imborrable.<\/span><\/p>\n<p style=\"text-align: justify;\"><span style=\"font-weight: 400;\">Adem\u00e1s, optar por una pedida de mano en Segovia en el restaurante Villena permite personalizar el momento. El restaurante ofrece varios men\u00fas gastron\u00f3micos, cuidadosamente elaborados, con opciones de 6 platos o de 10 platos, pensados para adaptarse a diferentes gustos y niveles de experiencia culinaria. Cada men\u00fa destaca por el uso de productos de temporada y una cocina creativa que sorprende tanto en sabor como en presentaci\u00f3n.<\/span><\/p>\n<p style=\"text-align: justify;\"><span style=\"font-weight: 400;\">Tambi\u00e9n cuenta con una cuidada selecci\u00f3n de vinos, ideal para maridar cada plato y brindar por el futuro de la pareja. El personal asesora de forma cercana y profesional para elegir el vino perfecto, haciendo que la velada fluya con naturalidad y elegancia. \u00a1Todo est\u00e1 pensado para que la experiencia sea completa y memorable!<\/span><\/p>\n<p style=\"text-align: justify;\"><span style=\"font-weight: 400;\">\u00bfTe lo vas a perder?<\/span><\/p>\n<h3 style=\"text-align: justify;\"><span style=\"font-weight: 400;\">Lo que incluye tu pedida de mano en Segovia en el restaurante Villena:<\/span><\/h3>\n<ul style=\"text-align: justify;\">\n<li aria-level=\"1\"><b><span style=\"font-weight: 400;\">Mesa \u00edntima y privada<\/span><\/b><\/li>\n<li aria-level=\"1\"><span style=\"font-weight: 400;\">Fot\u00f3grafo<\/span><\/li>\n<li aria-level=\"1\"><span style=\"font-weight: 400;\">Decoraci\u00f3n b\u00e1sica<\/span><\/li>\n<li aria-level=\"1\"><b><span style=\"font-weight: 400;\">Planificaci\u00f3n y coordinaci\u00f3n de la propuesta de matrimonio<\/span><\/b><\/li>\n<\/ul>\n<p style=\"text-align: justify;\"><b>Precio: a consultar<\/b><\/p>\n<h3 style=\"text-align: justify;\"><span style=\"font-weight: 400;\">Se puede a\u00f1adir:<\/span><\/h3>\n<ul style=\"text-align: justify;\">\n<li style=\"font-weight: 400;\" aria-level=\"1\"><span style=\"font-weight: 400;\">Vide\u00f3grafo<\/span><\/li>\n<li style=\"font-weight: 400;\" aria-level=\"1\"><span style=\"font-weight: 400;\">Ramo de flores<\/span><\/li>\n<li style=\"font-weight: 400;\" aria-level=\"1\"><span style=\"font-weight: 400;\">M\u00fasica en directo<\/span><\/li>\n<li style=\"font-weight: 400;\" aria-level=\"1\"><span style=\"font-weight: 400;\">Decoraci\u00f3n personalizada<\/span><\/li>\n<li style=\"font-weight: 400;\" aria-level=\"1\"><span style=\"font-weight: 400;\">\u00a1Configuralo como t\u00fa quieras!<\/span><\/li>\n<\/ul>\n<h3 style=\"text-align: justify;\"><span style=\"font-weight: 400;\">Facilidad de pago<\/span><\/h3>\n<p style=\"text-align: justify;\"><span style=\"font-weight: 400;\">\u00a1S\u00ed! Y es que no es necesario pagar \u00edntegramente el importe de la pedida de mano en Segovia en el restaurante Villena. Simplemente es necesario reservar con un adelanto y el resto darla en el d\u00eda del evento.<\/span><\/p>\n<p style=\"text-align: justify;\"><span style=\"font-weight: 400;\">\u00a1Comodidad para ti!<\/span><\/p>\n<p style=\"text-align: justify;\"><span style=\"font-weight: 400;\">*Las tarifas no son reembolsables si el evento se cancela por cualquier motivo.<\/span><\/p>\n<p><\/p>","protected":false},"excerpt":{"rendered":"<p style=\"text-align: justify;\"><span style=\"font-weight: 400;\">Vive una pedida de mano en Segovia en el restaurante Villena con mucha clase. Disfrutar\u00e9is de un entorno \u00fanico para dar el gran paso. <\/span><b>Precio: a consultar. Es necesario formalizar la reserva con un adelanto.<\/b><\/p>\n","protected":false},"featured_media":54343,"comment_status":"closed","ping_status":"closed","template":"","meta":[],"class_list":["post-54342","product","type-product","status-publish","has-post-thumbnail","hentry","product_cat-marriage-proposal-packages","product_tag-pedida-de-mano-en-segovia","product_tag-pedida-de-mano-en-segovia-en-el-restaurante-villena","product_tag-pedida-de-mano-en-segovia-en-el-restaurante-villena-2026"],"_links":{"self":[{"href":"https:\/\/perfectvenue.es\/es\/wp-json\/wp\/v2\/product\/54342","targetHints":{"allow":["GET"]}}],"collection":[{"href":"https:\/\/perfectvenue.es\/es\/wp-json\/wp\/v2\/product"}],"about":[{"href":"https:\/\/perfectvenue.es\/es\/wp-json\/wp\/v2\/types\/product"}],"replies":[{"embeddable":true,"href":"https:\/\/perfectvenue.es\/es\/wp-json\/wp\/v2\/comments?post=54342"}],"wp:featuredmedia":[{"embeddable":true,"href":"https:\/\/perfectvenue.es\/es\/wp-json\/wp\/v2\/media\/54343"}],"wp:attachment":[{"href":"https:\/\/perfectvenue.es\/es\/wp-json\/wp\/v2\/media?parent=54342"}],"curies":[{"name":"wp","href":"https:\/\/api.w.org\/{rel}","templated":true}]}}