{"id":54293,"date":"2026-03-11T11:00:25","date_gmt":"2026-03-11T08:00:25","guid":{"rendered":"https:\/\/perfectvenue.es\/?post_type=product&#038;p=54293"},"modified":"2026-03-11T11:54:35","modified_gmt":"2026-03-11T08:54:35","slug":"wedding-workshop-in-mallorca-for-photographers-and-videographers","status":"publish","type":"product","link":"https:\/\/perfectvenue.es\/es\/product\/wedding-workshop-in-mallorca-for-photographers-and-videographers\/","title":{"rendered":"Taller de bodas en Mallorca para fot\u00f3grafos y vide\u00f3grafos: \u00a1no esperes m\u00e1s!"},"content":{"rendered":"<p><\/p>\n<p style=\"text-align: justify;\"><span style=\"font-weight: 400;\">Si eres fot\u00f3grafo o vide\u00f3grafo y quieres llevar tu trabajo al siguiente nivel, el taller de bodas en Mallorca para fot\u00f3grafos y vide\u00f3grafos del 21 de marzo de 2026 es una oportunidad \u00fanica para potenciar tu portafolio, tu visi\u00f3n creativa y tu posicionamiento profesional dentro del sector de las bodas de destino.<\/span><\/p>\n<p style=\"text-align: justify;\"><span style=\"font-weight: 400;\">Este workshop intensivo de un d\u00eda est\u00e1 dise\u00f1ado para creativos que buscan algo m\u00e1s que teor\u00eda. Inspirado en la est\u00e9tica mediterr\u00e1nea, el taller combina editoriales premium con escenarios reales, permiti\u00e9ndote crear contenido de alto nivel con un enfoque editorial, actual y alineado con las tendencias del mercado internacional.<\/span><\/p>\n<p style=\"text-align: justify;\"><span style=\"font-weight: 400;\">\u00a1Ap\u00fantate y destaca en el sector editorial!<\/span><\/p>\n<h3 style=\"text-align: justify;\"><span style=\"font-weight: 400;\">\u00bfPor qu\u00e9 asistir a este taller de bodas en Mallorca?<\/span><\/h3>\n<p style=\"text-align: justify;\"><span style=\"font-weight: 400;\">Participar en este taller te permitir\u00e1 mejorar tu portafolio con im\u00e1genes y v\u00eddeos de alta calidad, ideales para atraer a clientes premium y bodas de destino. Adem\u00e1s, adquirir\u00e1s experiencia real en la planificaci\u00f3n de bodas, entendiendo c\u00f3mo trabajan los wedding planners, estilistas y decoradores desde dentro.\u00a0<\/span><\/p>\n<p style=\"text-align: justify;\"><span style=\"font-weight: 400;\">Durante la jornada podr\u00e1s:<\/span><\/p>\n<ul style=\"text-align: justify;\">\n<li style=\"font-weight: 400;\" aria-level=\"1\"><span style=\"font-weight: 400;\">Refinar tu visi\u00f3n creativa y tus habilidades t\u00e9cnicas<\/span><\/li>\n<li style=\"font-weight: 400;\" aria-level=\"1\"><span style=\"font-weight: 400;\">Crear contenido impactante que te diferencie de otros profesionales<\/span><\/li>\n<li style=\"font-weight: 400;\" aria-level=\"1\"><span style=\"font-weight: 400;\">Entender mejor el flujo real de una boda bien planificada<\/span><\/li>\n<li style=\"font-weight: 400;\" aria-level=\"1\"><span style=\"font-weight: 400;\">Conectar con otros fot\u00f3grafos, vide\u00f3grafos y profesionales del sector<\/span><\/li>\n<li style=\"font-weight: 400;\" aria-level=\"1\"><span style=\"font-weight: 400;\">Ampliar tu red de contactos con proveedores de alto nivel<\/span><\/li>\n<\/ul>\n<h3 style=\"text-align: justify;\"><span style=\"font-weight: 400;\">\u00bfQu\u00e9 te espera en el taller?<\/span><\/h3>\n<p style=\"text-align: justify;\"><span style=\"font-weight: 400;\">El taller se desarrollar\u00e1 en una villa \u00fanica en Mallorca, Es Revellar Art Resort, un espacio con car\u00e1cter art\u00edstico, arquitectura evocadora y una luz natural espectacular, perfecta para fotograf\u00eda y v\u00eddeo editorial.<\/span><\/p>\n<h3 style=\"text-align: justify;\"><span style=\"font-weight: 400;\">Lo que incluye el pack b\u00e1sico de taller de bodas en Mallorca para fot\u00f3grafos y vide\u00f3grafos:<\/span><\/h3>\n<ul style=\"text-align: justify;\">\n<li style=\"font-weight: 400;\" aria-level=\"1\"><b>Editoriales premium<\/b><span style=\"font-weight: 400;\"> organizadas por una de las mejores wedding planners de Espa\u00f1a, que es <\/span><a href=\"https:\/\/nataliaortizevents.com\/es\/\"><span style=\"font-weight: 400;\">Natalia Ortiz Events<\/span><\/a><\/li>\n<li style=\"font-weight: 400;\" aria-level=\"1\"><b>Decoraci\u00f3n de boda completa y vanguardista<\/b><span style=\"font-weight: 400;\">, con un concepto floral cuidado al detalle<\/span><\/li>\n<li style=\"font-weight: 400;\" aria-level=\"1\"><b>Pareja real<\/b><span style=\"font-weight: 400;\"> con un estilo editorial refinado<\/span><\/li>\n<li style=\"font-weight: 400;\" aria-level=\"1\"><b>Vestidos de dise\u00f1adores de renombre<\/b><\/li>\n<li style=\"font-weight: 400;\" aria-level=\"1\"><span style=\"font-weight: 400;\">Rinc\u00f3n de <\/span><b>papeler\u00eda nupcial<\/b><\/li>\n<li style=\"font-weight: 400;\" aria-level=\"1\"><b>Tarta de boda<\/b><span style=\"font-weight: 400;\"> acorde a las \u00faltimas tendencias<\/span><\/li>\n<li style=\"font-weight: 400;\" aria-level=\"1\"><span style=\"font-weight: 400;\">Escenarios dise\u00f1ados para maximizar la creatividad visual<\/span><\/li>\n<li style=\"font-weight: 400;\" aria-level=\"1\"><b>Grupos de trabajo reducidos<\/b><span style=\"font-weight: 400;\">, fomentando la autoexpresi\u00f3n y el aprendizaje personalizado<\/span><\/li>\n<li style=\"font-weight: 400;\" aria-level=\"1\"><span style=\"font-weight: 400;\">Posibilidad de obtener <\/span><b>im\u00e1genes entre bastidores<\/b><span style=\"font-weight: 400;\"> mientras trabajas (bajo solicitud)<\/span><\/li>\n<li aria-level=\"1\"><strong>Portfolio completo de boda \u00edntima con novios e invitados<\/strong><\/li>\n<\/ul>\n<p style=\"text-align: justify;\"><b>Precio pack b\u00e1sico: desde 1.500\u20ac + IVA<\/b><\/p>\n<h3 style=\"text-align: justify;\"><span style=\"font-weight: 400;\">Lo que incluye el networking Vip con cena del taller de bodas en Mallorca para fot\u00f3grafos y vide\u00f3grafos:<\/span><\/h3>\n<ul style=\"text-align: justify;\">\n<li style=\"font-weight: 400;\" aria-level=\"1\"><b>Editoriales premium<\/b><span style=\"font-weight: 400;\"> organizadas por una de las mejores wedding planners de Espa\u00f1a, que es <\/span><a href=\"https:\/\/nataliaortizevents.com\/es\/\"><span style=\"font-weight: 400;\">Natalia Ortiz Events<\/span><\/a><\/li>\n<li style=\"font-weight: 400;\" aria-level=\"1\"><b>Decoraci\u00f3n de boda completa y vanguardista<\/b><span style=\"font-weight: 400;\">, con un concepto floral cuidado al detalle<\/span><\/li>\n<li style=\"font-weight: 400;\" aria-level=\"1\"><b>Pareja real<\/b><span style=\"font-weight: 400;\"> con un estilo editorial refinado<\/span><\/li>\n<li style=\"font-weight: 400;\" aria-level=\"1\"><b>Vestidos de dise\u00f1adores de renombre<\/b><\/li>\n<li style=\"font-weight: 400;\" aria-level=\"1\"><span style=\"font-weight: 400;\">Rinc\u00f3n de <\/span><b>papeler\u00eda nupcial<\/b><\/li>\n<li style=\"font-weight: 400;\" aria-level=\"1\"><b>Tarta de boda<\/b><span style=\"font-weight: 400;\"> acorde a las \u00faltimas tendencias<\/span><\/li>\n<li style=\"font-weight: 400;\" aria-level=\"1\"><span style=\"font-weight: 400;\">Escenarios dise\u00f1ados para maximizar la creatividad visual<\/span><\/li>\n<li style=\"font-weight: 400;\" aria-level=\"1\"><b>Grupos de trabajo reducidos<\/b><span style=\"font-weight: 400;\">, fomentando la autoexpresi\u00f3n y el aprendizaje personalizado<\/span><\/li>\n<li style=\"font-weight: 400;\" aria-level=\"1\"><span style=\"font-weight: 400;\">Posibilidad de obtener <\/span><b>im\u00e1genes entre bastidores<\/b><span style=\"font-weight: 400;\"> mientras trabajas (bajo solicitud)<\/span><\/li>\n<li aria-level=\"1\"><strong>Portfolio completo de boda \u00edntima con novios e invitados<\/strong><\/li>\n<li style=\"text-align: justify;\" aria-level=\"1\"><strong>Cena completa<\/strong><\/li>\n<li style=\"text-align: justify;\" aria-level=\"1\"><strong>Preferencia de publicar su portafolio despu\u00e9s en <a href=\"https:\/\/perfectvenue.es\/es\/\">Perfect Venue<\/a>, nuestras redes y otros blogs<\/strong><\/li>\n<\/ul>\n<p style=\"text-align: justify;\"><strong>Precio pack Vip: desde 2.500\u20ac + IVA\u00a0<\/strong><\/p>\n<p style=\"text-align: justify;\"><span style=\"font-weight: 400;\">Todo est\u00e1 pensado para que puedas centrarte en crear, experimentar y producir material que eleve tu marca personal.<\/span><\/p>\n<h3 style=\"text-align: justify;\"><span style=\"font-weight: 400;\">Networking y crecimiento profesional<\/span><\/h3>\n<p style=\"text-align: justify;\"><span style=\"font-weight: 400;\">Uno de los grandes valores de este taller de bodas en Mallorca para fot\u00f3grafos y vide\u00f3grafos es el networking real y de calidad. Compartir\u00e1s la experiencia con organizadores de bodas, estilistas, decoradores y otros creativos con trayectoria, creando conexiones que pueden abrirte nuevas oportunidades profesionales.<\/span><\/p>\n<h3 style=\"text-align: justify;\"><span style=\"font-weight: 400;\">Informaci\u00f3n clave<\/span><\/h3>\n<p style=\"text-align: justify;\"><b>Cu\u00e1ndo:<\/b><span style=\"font-weight: 400;\"> 21 de marzo de 2026<\/span><span style=\"font-weight: 400;\"><br \/>\n<\/span><b>D\u00f3nde:<\/b><span style=\"font-weight: 400;\"> Es Revellar Art Resort, Mallorca<\/span><\/p>\n<p style=\"text-align: justify;\"><span style=\"font-weight: 400;\">Las <\/span><b>plazas son limitadas<\/b><span style=\"font-weight: 400;\"> para garantizar una experiencia cuidada y personalizada. Reserva antes del 2 de marzo de 2026 y aseg\u00farate de formar parte de este taller exclusivo.<\/span><\/p>\n<p style=\"text-align: justify;\"><b>DM para m\u00e1s informaci\u00f3n, detalles y precios.<\/b><\/p>\n<p style=\"text-align: justify;\"><span style=\"font-weight: 400;\">Una oportunidad \u00fanica para crecer, crear y posicionarte en el mundo de las bodas de destino.\u00a0<\/span><\/p>\n<h3 style=\"text-align: justify;\"><span style=\"font-weight: 400;\">Facilidad de pago<\/span><\/h3>\n<p style=\"text-align: justify;\"><span style=\"font-weight: 400;\">Nuestro taller de bodas en Mallorca para fot\u00f3grafos y vide\u00f3grafos se puede pagar de manera f\u00e1cil y sencilla, \u00a1basta con hacer un adelanto y el resto pagarlo el d\u00eda del evento!<\/span><\/p>\n<p>Debe tener en cuenta que hay dos tipos de packs:<\/p>\n<p style=\"text-align: justify;\"><span style=\"font-weight: 400;\">El <strong>taller b\u00e1sico<\/strong> tiene un precio de 1.500\u20ac.<\/span><\/p>\n<p style=\"text-align: justify;\"><span style=\"font-weight: 400;\">El <strong>networking Vip<\/strong> con cena tiene un precio de 2.500\u20ac.<\/span><\/p>\n<p style=\"text-align: justify;\"><span style=\"font-weight: 400;\">Nota importante: Las tarifas no son reembolsables en caso de cancelaci\u00f3n del evento por cualquier motivo.<\/span><\/p>\n<p><\/p>","protected":false},"excerpt":{"rendered":"<p style=\"text-align: justify;\"><span style=\"font-weight: 400;\">Aprende todo lo necesario con nuestro taller de bodas en Mallorca para fot\u00f3grafos y vide\u00f3grafos. Incluye todo lo que necesitas para aprender y poner en pr\u00e1ctica los nuevos conocimientos adquiridos. <\/span><b>Precio del pack b\u00e1sico: desde 1.500\u20ac + IVA. Precio del <span style=\"font-weight: 400;\"><strong>networking Vip con cena<\/strong><\/span><\/b><strong>:<\/strong><b> desde 2.500\u20ac. Reserva antes del 2 de marzo para asegurar tu plaza.<\/b><\/p>\n","protected":false},"featured_media":54300,"comment_status":"closed","ping_status":"closed","template":"","meta":[],"class_list":["post-54293","product","type-product","status-publish","has-post-thumbnail","hentry","product_cat-cursos-y-talleres","product_tag-taller-de-bodas-en-mallorca-para-fotografos-y-videografos","product_tag-taller-de-bodas-en-mallorca-para-fotografos-y-videografos-2026","product_tag-taller-de-bodas-en-mallorca-para-fotografos-y-videografos-con-tematica"],"_links":{"self":[{"href":"https:\/\/perfectvenue.es\/es\/wp-json\/wp\/v2\/product\/54293","targetHints":{"allow":["GET"]}}],"collection":[{"href":"https:\/\/perfectvenue.es\/es\/wp-json\/wp\/v2\/product"}],"about":[{"href":"https:\/\/perfectvenue.es\/es\/wp-json\/wp\/v2\/types\/product"}],"replies":[{"embeddable":true,"href":"https:\/\/perfectvenue.es\/es\/wp-json\/wp\/v2\/comments?post=54293"}],"wp:featuredmedia":[{"embeddable":true,"href":"https:\/\/perfectvenue.es\/es\/wp-json\/wp\/v2\/media\/54300"}],"wp:attachment":[{"href":"https:\/\/perfectvenue.es\/es\/wp-json\/wp\/v2\/media?parent=54293"}],"curies":[{"name":"wp","href":"https:\/\/api.w.org\/{rel}","templated":true}]}}