{"id":54253,"date":"2026-02-12T11:20:29","date_gmt":"2026-02-12T08:20:29","guid":{"rendered":"https:\/\/perfectvenue.es\/?post_type=product&#038;p=54253"},"modified":"2026-02-12T13:05:53","modified_gmt":"2026-02-12T10:05:53","slug":"marriage-proposal-in-granada-at-the-carmen-de-los-martires","status":"publish","type":"product","link":"https:\/\/perfectvenue.es\/es\/product\/marriage-proposal-in-granada-at-the-carmen-de-los-martires\/","title":{"rendered":"Pedida de mano en Granada en el Carmen de los M\u00e1rtires, unos jardines de ensue\u00f1o"},"content":{"rendered":"<p><\/p>\n<p style=\"text-align: justify;\"><span style=\"font-weight: 400;\">Este pack ofrece una pedida de mano en Granada en el Carmen de los M\u00e1rtires, uno de los rincones m\u00e1s rom\u00e1nticos y elegantes de la ciudad. Sus jardines hist\u00f3ricos, fuentes, palacete y miradores crean un entorno \u00fanico para vivir una propuesta inolvidable.<\/span><\/p>\n<p style=\"text-align: justify;\"><span style=\"font-weight: 400;\">La experiencia comienza con un paseo por los caminos rodeados de vegetaci\u00f3n, estatuas y estanques, hasta llegar a un rinc\u00f3n \u00edntimo preparado para la ocasi\u00f3n. All\u00ed os espera un hermoso ramo de flores como detalle especial, acompa\u00f1ado de la organizaci\u00f3n completa para que todo fluya con naturalidad.<\/span><\/p>\n<p style=\"text-align: justify;\"><span style=\"font-weight: 400;\">Un fot\u00f3grafo profesional inmortalizar\u00e1 cada mirada, sonrisa y emoci\u00f3n con discreci\u00f3n, asegurando un reportaje aut\u00e9ntico y lleno de sentimiento. Adem\u00e1s, se pueden a\u00f1adir extras como m\u00fasica en directo para acompa\u00f1ar la pedida con vuestras canciones favoritas o un vide\u00f3grafo que grabe cada instante y transforme la experiencia en una pel\u00edcula de amor.<\/span><\/p>\n<p style=\"text-align: justify;\"><span style=\"font-weight: 400;\">El gran momento llega cuando, rodeados de naturaleza, historia y con la belleza del Carmen de los M\u00e1rtires como escenario, se formula la gran pregunta. El ambiente rom\u00e1ntico de este lugar, sus rincones secretos y el encanto de sus jardines convierten la propuesta en una experiencia digna de cuento.<\/span><\/p>\n<p style=\"text-align: justify;\"><span style=\"font-weight: 400;\">Cada detalle ha sido dise\u00f1ado para emocionar y sorprender. Esta pedida de mano en Granada en el Carmen de los M\u00e1rtires es ideal para quienes sue\u00f1an con una propuesta \u00edntima, rom\u00e1ntica y elegante en uno de los espacios m\u00e1s bellos y exclusivos de la ciudad.<\/span><\/p>\n<h3 style=\"text-align: justify;\"><span style=\"font-weight: 400;\">Lo que incluye tu pedida de mano en Granada en el Carmen de los M\u00e1rtires:<\/span><\/h3>\n<ul style=\"text-align: justify;\">\n<li aria-level=\"1\"><b><span style=\"font-weight: 400;\">Fot\u00f3grafo<\/span><\/b><\/li>\n<li aria-level=\"1\"><span style=\"font-weight: 400;\">Ramo de flores<\/span><\/li>\n<li aria-level=\"1\"><b><span style=\"font-weight: 400;\">Planificaci\u00f3n y coordinaci\u00f3n de la propuesta de matrimonio<\/span><\/b><\/li>\n<\/ul>\n<p style=\"text-align: justify;\"><b>Precio: a consultar<\/b><\/p>\n<h3 style=\"text-align: justify;\"><span style=\"font-weight: 400;\">Se puede a\u00f1adir:<\/span><\/h3>\n<ul style=\"text-align: justify;\">\n<li style=\"font-weight: 400;\" aria-level=\"1\"><span style=\"font-weight: 400;\">Vide\u00f3grafo<\/span><\/li>\n<li style=\"font-weight: 400;\" aria-level=\"1\"><span style=\"font-weight: 400;\">M\u00fasica en directo<\/span><\/li>\n<li style=\"font-weight: 400;\" aria-level=\"1\"><span style=\"font-weight: 400;\">Decoraci\u00f3n personalizada<\/span><\/li>\n<li style=\"font-weight: 400;\" aria-level=\"1\"><span style=\"font-weight: 400;\">Transporte<\/span><\/li>\n<li style=\"font-weight: 400;\" aria-level=\"1\"><span style=\"font-weight: 400;\">\u00a1Configuralo como t\u00fa quieras!<\/span><\/li>\n<\/ul>\n<h3 style=\"text-align: justify;\"><span style=\"font-weight: 400;\">Facilidad de pago<\/span><\/h3>\n<p style=\"text-align: justify;\"><span style=\"font-weight: 400;\">\u00a1S\u00ed! Y es que no es necesario pagar \u00edntegramente el importe de la pedida de mano en Granada en el Carmen de los M\u00e1rtires. Simplemente es necesario reservar con un adelanto y el resto darla en el d\u00eda del evento.<\/span><\/p>\n<p style=\"text-align: justify;\"><span style=\"font-weight: 400;\">\u00a1Comodidad para ti!<\/span><\/p>\n<p style=\"text-align: justify;\"><span style=\"font-weight: 400;\">*Las tarifas no son reembolsables si el evento se cancela por cualquier motivo.<\/span><\/p>\n<p><\/p>","protected":false},"excerpt":{"rendered":"<p style=\"text-align: justify;\"><span style=\"font-weight: 400;\">Vive una pedida de mano en Granada en el Carmen de los M\u00e1rtires, un lugar lleno de romanticismo con jardines hist\u00f3ricos, fuentes y un entorno elegante. <\/span><b>Precio: a consultar. Es necesario formalizar la reserva con un adelanto.<\/b><\/p>\n","protected":false},"featured_media":54257,"comment_status":"closed","ping_status":"closed","template":"","meta":[],"class_list":["post-54253","product","type-product","status-publish","has-post-thumbnail","hentry","product_cat-marriage-proposal-packages","product_tag-pedida-de-mano-en-granada-en-el-carmen-de-los-martires","product_tag-pedida-de-mano-en-granada-en-el-carmen-de-los-martires-2026","product_tag-pedida-de-mano-en-granada-en-el-carmen-de-los-martires-elegante"],"_links":{"self":[{"href":"https:\/\/perfectvenue.es\/es\/wp-json\/wp\/v2\/product\/54253","targetHints":{"allow":["GET"]}}],"collection":[{"href":"https:\/\/perfectvenue.es\/es\/wp-json\/wp\/v2\/product"}],"about":[{"href":"https:\/\/perfectvenue.es\/es\/wp-json\/wp\/v2\/types\/product"}],"replies":[{"embeddable":true,"href":"https:\/\/perfectvenue.es\/es\/wp-json\/wp\/v2\/comments?post=54253"}],"wp:featuredmedia":[{"embeddable":true,"href":"https:\/\/perfectvenue.es\/es\/wp-json\/wp\/v2\/media\/54257"}],"wp:attachment":[{"href":"https:\/\/perfectvenue.es\/es\/wp-json\/wp\/v2\/media?parent=54253"}],"curies":[{"name":"wp","href":"https:\/\/api.w.org\/{rel}","templated":true}]}}