{"id":54247,"date":"2026-02-12T11:12:48","date_gmt":"2026-02-12T08:12:48","guid":{"rendered":"https:\/\/perfectvenue.es\/?post_type=product&#038;p=54247"},"modified":"2026-02-12T12:57:31","modified_gmt":"2026-02-12T09:57:31","slug":"marriage-proposal-in-granada-at-the-mirador-de-san-nicolas","status":"publish","type":"product","link":"https:\/\/perfectvenue.es\/es\/product\/marriage-proposal-in-granada-at-the-mirador-de-san-nicolas\/","title":{"rendered":"Pedida de mano en Granada en el Mirador de San Nicol\u00e1s, el m\u00e1s ic\u00f3nico del sur"},"content":{"rendered":"<p><\/p>\n<p style=\"text-align: justify;\"><span style=\"font-weight: 400;\">Este pack ofrece una pedida de mano en Granada en el Mirador de San Nicol\u00e1s, el lugar m\u00e1s emblem\u00e1tico de la ciudad y uno de los miradores m\u00e1s rom\u00e1nticos del mundo. Desde all\u00ed, las vistas de la Alhambra con Sierra Nevada al fondo se convierten en un escenario de ensue\u00f1o para dar el gran paso.<\/span><\/p>\n<p style=\"text-align: justify;\"><span style=\"font-weight: 400;\">La experiencia comienza con un paseo por las calles del Albaic\u00edn, un barrio cargado de historia y encanto, hasta llegar al famoso mirador. All\u00ed, todo estar\u00e1 preparado para el momento m\u00e1s especial: un ramo de flores como detalle rom\u00e1ntico y un fot\u00f3grafo profesional que captar\u00e1 cada gesto y emoci\u00f3n con discreci\u00f3n.<\/span><\/p>\n<p style=\"text-align: justify;\"><span style=\"font-weight: 400;\">El ambiente puede enriquecerse con extras como m\u00fasica en directo que acompa\u00f1e el instante con vuestras canciones favoritas, o un vide\u00f3grafo que grabe todo el momento, creando un recuerdo eterno de esta pedida de mano en Granada en el Mirador de San Nicol\u00e1s.<\/span><\/p>\n<p style=\"text-align: justify;\"><span style=\"font-weight: 400;\">El instante culminante llega cuando, frente a la silueta iluminada de la Alhambra al atardecer, se formula la gran pregunta. El juego de luces sobre las murallas, la magia del entorno y la emoci\u00f3n del momento hacen que la escena sea tan aut\u00e9ntica como inolvidable.<\/span><\/p>\n<p style=\"text-align: justify;\"><span style=\"font-weight: 400;\">Cada detalle ha sido pensado para que viv\u00e1is una experiencia \u00fanica, \u00edntima y cargada de emoci\u00f3n. Esta pedida de mano en Granada en el Mirador de San Nicol\u00e1s es perfecta para quienes desean una propuesta ic\u00f3nica, rom\u00e1ntica y con una de las vistas m\u00e1s impresionantes del mundo.<\/span><\/p>\n<h3 style=\"text-align: justify;\"><span style=\"font-weight: 400;\">Lo que incluye tu pedida de mano en Granada en el Mirador de San Nicol\u00e1s:<\/span><\/h3>\n<ul style=\"text-align: justify;\">\n<li aria-level=\"1\"><b><span style=\"font-weight: 400;\">Fot\u00f3grafo<\/span><\/b><\/li>\n<li aria-level=\"1\"><span style=\"font-weight: 400;\">Ramo de flores<\/span><\/li>\n<li aria-level=\"1\"><b><span style=\"font-weight: 400;\">Planificaci\u00f3n y coordinaci\u00f3n de la propuesta de matrimonio<\/span><\/b><\/li>\n<\/ul>\n<p style=\"text-align: justify;\"><b>Precio: a consultar<\/b><\/p>\n<h3 style=\"text-align: justify;\"><span style=\"font-weight: 400;\">Se puede a\u00f1adir:<\/span><\/h3>\n<ul style=\"text-align: justify;\">\n<li style=\"font-weight: 400;\" aria-level=\"1\"><span style=\"font-weight: 400;\">Vide\u00f3grafo<\/span><\/li>\n<li style=\"font-weight: 400;\" aria-level=\"1\"><span style=\"font-weight: 400;\">M\u00fasica en directo<\/span><\/li>\n<li style=\"font-weight: 400;\" aria-level=\"1\"><span style=\"font-weight: 400;\">Decoraci\u00f3n personalizada<\/span><\/li>\n<li style=\"font-weight: 400;\" aria-level=\"1\"><span style=\"font-weight: 400;\">Transporte<\/span><\/li>\n<li style=\"font-weight: 400;\" aria-level=\"1\"><span style=\"font-weight: 400;\">\u00a1Configuralo como t\u00fa quieras!<\/span><\/li>\n<\/ul>\n<h3 style=\"text-align: justify;\"><span style=\"font-weight: 400;\">Facilidad de pago<\/span><\/h3>\n<p style=\"text-align: justify;\"><span style=\"font-weight: 400;\">\u00a1S\u00ed! Y es que no es necesario pagar \u00edntegramente el importe de la pedida de mano en Granada en el Mirador de San Nicol\u00e1s. Simplemente es necesario reservar con un adelanto y el resto darla en el d\u00eda del evento.<\/span><\/p>\n<p style=\"text-align: justify;\"><span style=\"font-weight: 400;\">\u00a1Comodidad para ti!<\/span><\/p>\n<p style=\"text-align: justify;\"><span style=\"font-weight: 400;\">*Las tarifas no son reembolsables si el evento se cancela por cualquier motivo.<\/span><\/p>\n<p><\/p>","protected":false},"excerpt":{"rendered":"<p style=\"text-align: justify;\"><span style=\"font-weight: 400;\">Vive una pedida de mano en Granada en el Mirador de San Nicol\u00e1s, el lugar m\u00e1s ic\u00f3nico de la ciudad, con la Alhambra y Sierra Nevada como tel\u00f3n de fondo. <\/span><b>Precio: a consultar. Es necesario formalizar la reserva con un adelanto.<\/b><\/p>\n","protected":false},"featured_media":54249,"comment_status":"closed","ping_status":"closed","template":"","meta":[],"class_list":["post-54247","product","type-product","status-publish","has-post-thumbnail","hentry","product_cat-marriage-proposal-packages","product_tag-pedida-de-mano-en-granada","product_tag-pedida-de-mano-en-granada-en-el-mirador-de-san-nicolas","product_tag-pedida-de-mano-en-granada-en-el-mirador-de-san-nicolas-elegante"],"_links":{"self":[{"href":"https:\/\/perfectvenue.es\/es\/wp-json\/wp\/v2\/product\/54247","targetHints":{"allow":["GET"]}}],"collection":[{"href":"https:\/\/perfectvenue.es\/es\/wp-json\/wp\/v2\/product"}],"about":[{"href":"https:\/\/perfectvenue.es\/es\/wp-json\/wp\/v2\/types\/product"}],"replies":[{"embeddable":true,"href":"https:\/\/perfectvenue.es\/es\/wp-json\/wp\/v2\/comments?post=54247"}],"wp:featuredmedia":[{"embeddable":true,"href":"https:\/\/perfectvenue.es\/es\/wp-json\/wp\/v2\/media\/54249"}],"wp:attachment":[{"href":"https:\/\/perfectvenue.es\/es\/wp-json\/wp\/v2\/media?parent=54247"}],"curies":[{"name":"wp","href":"https:\/\/api.w.org\/{rel}","templated":true}]}}