{"id":54218,"date":"2026-02-13T15:20:52","date_gmt":"2026-02-13T12:20:52","guid":{"rendered":"https:\/\/perfectvenue.es\/?post_type=product&#038;p=54218"},"modified":"2026-02-13T17:12:30","modified_gmt":"2026-02-13T14:12:30","slug":"venetian-mask-workshop","status":"publish","type":"product","link":"https:\/\/perfectvenue.es\/es\/product\/venetian-mask-workshop\/","title":{"rendered":"Taller de antifaces venecianos de Carnaval: \u00a1glamour, clase y estilo!"},"content":{"rendered":"<p><\/p>\n<p style=\"text-align: justify;\"><span style=\"font-weight: 400;\">El taller de antifaces venecianos es una experiencia creativa que transporta a los participantes al encanto y el misterio del Carnaval de Venecia. Inspirado en la tradici\u00f3n, la elegancia y el simbolismo de los antifaces venecianos, este taller ofrece la oportunidad de dise\u00f1ar una pieza \u00fanica y personalizada, combinando arte, historia y diversi\u00f3n en un ambiente lleno de color y fantas\u00eda.<\/span><\/p>\n<p style=\"text-align: justify;\"><span style=\"font-weight: 400;\">Desde el inicio, el taller de antifaces venecianos invita a dejar volar la imaginaci\u00f3n. Cada participante recibe una base de antifaz y una cuidada selecci\u00f3n de materiales decorativos: pinturas, plumas, purpurina, pedrer\u00eda y detalles metalizados. No es necesario tener experiencia previa, ya que durante el taller se ense\u00f1an t\u00e9cnicas sencillas y accesibles para lograr acabados elegantes y llamativos. Tanto ni\u00f1os como adultos pueden disfrutar de la actividad a su propio ritmo, guiados en todo momento por monitores especializados.<\/span><\/p>\n<p style=\"text-align: justify;\"><span style=\"font-weight: 400;\">Al finalizar el taller de antifaces venecianos, cada persona se lleva su antifaz terminado, listo para lucir en desfiles, fiestas tem\u00e1ticas o sesiones fotogr\u00e1ficas. \u00a1Incluso de decoraci\u00f3n en tu hogar! M\u00e1s all\u00e1 del resultado final, el taller deja un recuerdo memorable asociado a la creatividad, la diversi\u00f3n y la magia del Carnaval.<\/span><\/p>\n<p style=\"text-align: justify;\"><span style=\"font-weight: 400;\">Por todo ello, el taller de antifaces venecianos es mucho m\u00e1s que una actividad manual. Es una experiencia que celebra la tradici\u00f3n, el arte y la imaginaci\u00f3n, permitiendo a ni\u00f1os y adultos vivir el Carnaval desde una perspectiva elegante, participativa y llena de encanto. \u00bfTe lo vas a perder?<\/span><\/p>\n<h3 style=\"text-align: justify;\"><span style=\"font-weight: 400;\">Lo que incluye el taller de antifaces venecianos de Carnaval:<\/span><\/h3>\n<ul style=\"text-align: justify;\">\n<li aria-level=\"1\"><b><span style=\"font-weight: 400;\">M\u00e1scara base<\/span><\/b><\/li>\n<li aria-level=\"1\"><span style=\"font-weight: 400;\">Instrucci\u00f3n<\/span><\/li>\n<li aria-level=\"1\"><span style=\"font-weight: 400;\">Material necesario para el desarrollo de la actividad:<\/span>\n<ul style=\"text-align: justify;\">\n<li aria-level=\"1\"><b><span style=\"font-weight: 400;\">Plumas<\/span><\/b><\/li>\n<li aria-level=\"1\"><span style=\"font-weight: 400;\">Pedrer\u00eda<\/span><\/li>\n<li aria-level=\"1\"><span style=\"font-weight: 400;\">Purpurina<\/span><\/li>\n<li aria-level=\"1\"><span style=\"font-weight: 400;\">Pintura<\/span><\/li>\n<li aria-level=\"1\"><span style=\"font-weight: 400;\">Rotuladores<\/span><\/li>\n<li aria-level=\"1\"><span style=\"font-weight: 400;\">Pegamento<\/span><\/li>\n<\/ul>\n<\/li>\n<\/ul>\n<p style=\"text-align: justify;\"><b style=\"font-family: inherit;\">Precio: a consultar<\/b><\/p>\n<p><span style=\"color: #5d5c5c; font-family: Hanken, sans-serif; font-size: 1.5rem;\">Se puede a\u00f1adir:<\/span><\/p>\n<ul style=\"text-align: justify;\">\n<li style=\"font-weight: 400;\" aria-level=\"1\"><span style=\"font-weight: 400;\">Merienda<\/span><\/li>\n<li style=\"font-weight: 400;\" aria-level=\"1\"><span style=\"font-weight: 400;\">Fot\u00f3grafo<\/span><\/li>\n<li style=\"font-weight: 400;\" aria-level=\"1\"><span style=\"font-weight: 400;\">M\u00fasica en directo<\/span><\/li>\n<li style=\"font-weight: 400;\" aria-level=\"1\"><span style=\"font-weight: 400;\">Pruebas de creatividad\u00a0<\/span><\/li>\n<li style=\"font-weight: 400;\" aria-level=\"1\"><span style=\"font-weight: 400;\">\u00a1Config\u00faralo como t\u00fa quieras!<\/span><\/li>\n<\/ul>\n<h3 style=\"text-align: justify;\"><span style=\"font-weight: 400;\">A tener en cuenta:<\/span><\/h3>\n<ul style=\"text-align: justify;\">\n<li style=\"font-weight: 400;\" aria-level=\"1\"><span style=\"font-weight: 400;\">Se requiere un grupo m\u00ednimo de 10 personas.<\/span><\/li>\n<\/ul>\n<h3 style=\"text-align: justify;\"><span style=\"font-weight: 400;\">Facilidad de pago<\/span><\/h3>\n<p style=\"text-align: justify;\"><span style=\"font-weight: 400;\">Nuestro taller de antifaces venecianos de Carnaval se puede pagar de manera f\u00e1cil y sencilla, \u00a1basta con hacer un adelanto y el resto pagarlo el d\u00eda del evento!<\/span><\/p>\n<p style=\"text-align: justify;\"><span style=\"font-weight: 400;\">Haz de tu celebraci\u00f3n algo especial con nuestro taller. \u00a1Disfruta a lo grande!<\/span><\/p>\n<p style=\"text-align: justify;\"><span style=\"font-weight: 400;\">Nota importante: Las tarifas no son reembolsables en caso de cancelaci\u00f3n del evento por cualquier motivo.<\/span><\/p>\n<p><\/p>","protected":false},"excerpt":{"rendered":"<p style=\"text-align: justify;\"><span style=\"font-weight: 400;\">Convierte tu fiesta en una experiencia \u00fanica con nuestro taller de antifaces venecianos de Carnaval. Incluye todo lo que necesitas para poner un toque elegante y divertido a tu celebraci\u00f3n. <\/span><b>Precio a consultar. Puedes reservar con un adelanto y personalizar todos los detalles.<\/b><\/p>\n","protected":false},"featured_media":54412,"comment_status":"closed","ping_status":"closed","template":"","meta":[],"class_list":["post-54218","product","type-product","status-publish","has-post-thumbnail","hentry","product_cat-cursos-y-talleres","product_tag-taller-de-antifaces-venecianos","product_tag-taller-de-antifaces-venecianos-de-carnaval","product_tag-taller-de-antifaces-venecianos-elegantes"],"_links":{"self":[{"href":"https:\/\/perfectvenue.es\/es\/wp-json\/wp\/v2\/product\/54218","targetHints":{"allow":["GET"]}}],"collection":[{"href":"https:\/\/perfectvenue.es\/es\/wp-json\/wp\/v2\/product"}],"about":[{"href":"https:\/\/perfectvenue.es\/es\/wp-json\/wp\/v2\/types\/product"}],"replies":[{"embeddable":true,"href":"https:\/\/perfectvenue.es\/es\/wp-json\/wp\/v2\/comments?post=54218"}],"wp:featuredmedia":[{"embeddable":true,"href":"https:\/\/perfectvenue.es\/es\/wp-json\/wp\/v2\/media\/54412"}],"wp:attachment":[{"href":"https:\/\/perfectvenue.es\/es\/wp-json\/wp\/v2\/media?parent=54218"}],"curies":[{"name":"wp","href":"https:\/\/api.w.org\/{rel}","templated":true}]}}