{"id":54190,"date":"2026-02-13T14:37:25","date_gmt":"2026-02-13T11:37:25","guid":{"rendered":"https:\/\/perfectvenue.es\/?post_type=product&#038;p=54190"},"modified":"2026-02-13T16:34:00","modified_gmt":"2026-02-13T13:34:00","slug":"marriage-proposal-in-marbella-at-plaza-de-los-naranjos","status":"publish","type":"product","link":"https:\/\/perfectvenue.es\/es\/product\/marriage-proposal-in-marbella-at-plaza-de-los-naranjos\/","title":{"rendered":"Pedida de mano en Marbella en la Plaza de los Naranjos, un lugar ic\u00f3nico de la ciudad"},"content":{"rendered":"<p><\/p>\n<p style=\"text-align: justify;\"><span style=\"font-weight: 400;\">Este pack ofrece una pedida de mano en Marbella en la Plaza de los Naranjos, el coraz\u00f3n hist\u00f3rico de la ciudad y uno de sus rincones con m\u00e1s encanto. Rodeada de edificios andaluces con balcones de flores, terrazas llenas de vida y el aroma de los naranjos en flor, esta plaza se convierte en un escenario rom\u00e1ntico y \u00fanico para dar el gran paso.<\/span><\/p>\n<p style=\"text-align: justify;\"><span style=\"font-weight: 400;\">La experiencia comienza con un paseo por el casco antiguo de Marbella, entre calles empedradas y fachadas blancas, hasta llegar a la emblem\u00e1tica Plaza de los Naranjos. All\u00ed, en un rinc\u00f3n elegido con mimo, todo estar\u00e1 preparado para la ocasi\u00f3n con un hermoso ramo de flores como detalle especial para la pedida.<\/span><\/p>\n<p style=\"text-align: justify;\"><span style=\"font-weight: 400;\">Un fot\u00f3grafo profesional os acompa\u00f1a de manera discreta, capturando cada sonrisa, gesto y emoci\u00f3n para que vuestra pedida de mano en Marbella en la Plaza de los Naranjos quede inmortalizada en un reportaje natural y lleno de sentimiento.<\/span><\/p>\n<p style=\"text-align: justify;\"><span style=\"font-weight: 400;\">Adem\u00e1s, pod\u00e9is personalizar la experiencia con extras como m\u00fasica en directo interpretada en vivo o un vide\u00f3grafo que grabe todo el instante, convirti\u00e9ndolo en un recuerdo eterno.<\/span><\/p>\n<p style=\"text-align: justify;\"><span style=\"font-weight: 400;\">El momento culminante llega cuando, bajo la sombra de los naranjos y con la atm\u00f3sfera vibrante de la plaza como tel\u00f3n de fondo, se formula la gran pregunta. La mezcla entre tradici\u00f3n, romanticismo y el encanto mediterr\u00e1neo hacen de esta pedida una experiencia m\u00e1gica e irrepetible.<\/span><\/p>\n<p style=\"text-align: justify;\"><span style=\"font-weight: 400;\">Esta pedida de mano en Marbella en la Plaza de los Naranjos es perfecta para quienes sue\u00f1an con una propuesta \u00edntima, aut\u00e9ntica y cargada de historia en pleno casco antiguo.<\/span><\/p>\n<h3 style=\"text-align: justify;\"><span style=\"font-weight: 400;\">Lo que incluye tu pedida de mano en Marbella en la Plaza de los Naranjos:<\/span><\/h3>\n<ul style=\"text-align: justify;\">\n<li aria-level=\"1\"><b><span style=\"font-weight: 400;\">Fot\u00f3grafo<\/span><\/b><\/li>\n<li aria-level=\"1\"><span style=\"font-weight: 400;\">Ramo de flores<\/span><\/li>\n<li aria-level=\"1\"><b><span style=\"font-weight: 400;\">Planificaci\u00f3n y coordinaci\u00f3n de la propuesta de matrimonio<\/span><\/b><\/li>\n<\/ul>\n<p><b style=\"font-family: inherit;\">Precio: a consultar<\/b><\/p>\n<h3 style=\"text-align: justify;\"><span style=\"font-weight: 400;\">Se puede a\u00f1adir:<\/span><\/h3>\n<ul style=\"text-align: justify;\">\n<li style=\"font-weight: 400;\" aria-level=\"1\"><span style=\"font-weight: 400;\">Vide\u00f3grafo<\/span><\/li>\n<li style=\"font-weight: 400;\" aria-level=\"1\"><span style=\"font-weight: 400;\">M\u00fasica en directo<\/span><\/li>\n<li style=\"font-weight: 400;\" aria-level=\"1\"><span style=\"font-weight: 400;\">Decoraci\u00f3n personalizada<\/span><\/li>\n<li style=\"font-weight: 400;\" aria-level=\"1\"><span style=\"font-weight: 400;\">Transporte<\/span><\/li>\n<li style=\"font-weight: 400;\" aria-level=\"1\"><span style=\"font-weight: 400;\">\u00a1Configuralo como t\u00fa quieras!<\/span><\/li>\n<\/ul>\n<h3 style=\"text-align: justify;\"><span style=\"font-weight: 400;\">Facilidad de pago<\/span><\/h3>\n<p style=\"text-align: justify;\"><span style=\"font-weight: 400;\">\u00a1S\u00ed! Y es que no es necesario pagar \u00edntegramente el importe de la pedida de mano en Marbella en la Plaza de los Naranjos. Simplemente es necesario reservar con un adelanto y el resto darla en el d\u00eda del evento.<\/span><\/p>\n<p style=\"text-align: justify;\"><span style=\"font-weight: 400;\">\u00a1Comodidad para ti!<\/span><\/p>\n<p style=\"text-align: justify;\"><span style=\"font-weight: 400;\">*Las tarifas no son reembolsables si el evento se cancela por cualquier motivo.<\/span><\/p>\n<p><\/p>","protected":false},"excerpt":{"rendered":"<p style=\"text-align: justify;\"><span style=\"font-weight: 400;\">Vive una pedida de mano en Marbella en la Plaza de los Naranjos, un lugar lleno de historia y romanticismo en pleno casco antiguo. Entre naranjos en flor, calles empedradas y edificios andaluces, disfrutar\u00e9is de un entorno \u00fanico para dar el gran paso. <\/span><b>Precio: a consultar. Es necesario formalizar la reserva con un adelanto.<\/b><\/p>\n","protected":false},"featured_media":54407,"comment_status":"closed","ping_status":"closed","template":"","meta":[],"class_list":["post-54190","product","type-product","status-publish","has-post-thumbnail","hentry","product_cat-marriage-proposal-packages","product_tag-pedida-de-mano-en-marbella","product_tag-pedida-de-mano-en-marbella-en-la-plaza-de-los-naranjos","product_tag-pedida-de-mano-en-marbella-en-la-plaza-de-los-naranjos-elegante"],"_links":{"self":[{"href":"https:\/\/perfectvenue.es\/es\/wp-json\/wp\/v2\/product\/54190","targetHints":{"allow":["GET"]}}],"collection":[{"href":"https:\/\/perfectvenue.es\/es\/wp-json\/wp\/v2\/product"}],"about":[{"href":"https:\/\/perfectvenue.es\/es\/wp-json\/wp\/v2\/types\/product"}],"replies":[{"embeddable":true,"href":"https:\/\/perfectvenue.es\/es\/wp-json\/wp\/v2\/comments?post=54190"}],"wp:featuredmedia":[{"embeddable":true,"href":"https:\/\/perfectvenue.es\/es\/wp-json\/wp\/v2\/media\/54407"}],"wp:attachment":[{"href":"https:\/\/perfectvenue.es\/es\/wp-json\/wp\/v2\/media?parent=54190"}],"curies":[{"name":"wp","href":"https:\/\/api.w.org\/{rel}","templated":true}]}}