{"id":54186,"date":"2026-02-13T11:00:53","date_gmt":"2026-02-13T08:00:53","guid":{"rendered":"https:\/\/perfectvenue.es\/?post_type=product&#038;p=54186"},"modified":"2026-02-13T12:53:31","modified_gmt":"2026-02-13T09:53:31","slug":"marriage-proposal-in-marbella-at-alameda-park","status":"publish","type":"product","link":"https:\/\/perfectvenue.es\/es\/product\/marriage-proposal-in-marbella-at-alameda-park\/","title":{"rendered":"Pedida de mano en Marbella en el parque de la Alameda, un entorno rom\u00e1ntico y lleno de encanto"},"content":{"rendered":"<p><\/p>\n<p style=\"text-align: justify;\"><span style=\"font-weight: 400;\">Este pack ofrece una pedida de mano en Marbella en el parque de la Alameda, un rinc\u00f3n emblem\u00e1tico en pleno coraz\u00f3n de la ciudad. Sus jardines centenarios, fuentes y senderos sombreados crean una atm\u00f3sfera \u00edntima y rom\u00e1ntica, ideal para dar el gran paso.<\/span><\/p>\n<p style=\"text-align: justify;\"><span style=\"font-weight: 400;\">La experiencia comienza con un paseo por los caminos adoquinados, rodeados de naturaleza y bancos decorados con azulejos t\u00edpicos andaluces. All\u00ed, en un punto especial elegido con antelaci\u00f3n, os espera un ambiente cuidado que incluye un elegante ramo de flores como detalle \u00fanico para la pedida.<\/span><\/p>\n<p style=\"text-align: justify;\"><span style=\"font-weight: 400;\">Un fot\u00f3grafo profesional inmortalizar\u00e1 cada sonrisa, gesto y emoci\u00f3n con sensibilidad y discreci\u00f3n, de modo que vuestra pedida de mano en Marbella en el parque de la Alameda quede reflejada en un reportaje natural y aut\u00e9ntico.<\/span><\/p>\n<p style=\"text-align: justify;\"><span style=\"font-weight: 400;\">Adem\u00e1s, existe la posibilidad de a\u00f1adir extras como m\u00fasica en directo con vuestras canciones favoritas interpretadas en vivo, o un vide\u00f3grafo que grabe toda la experiencia, convirti\u00e9ndola en una pel\u00edcula para recordar siempre.<\/span><\/p>\n<p style=\"text-align: justify;\"><span style=\"font-weight: 400;\">El gran momento llega cuando, en medio de los jardines y con el encanto hist\u00f3rico del parque como tel\u00f3n de fondo, se formula la gran pregunta. Cada detalle ha sido pensado para emocionar, creando una experiencia rom\u00e1ntica, \u00edntima y \u00fanica.<\/span><\/p>\n<p style=\"text-align: justify;\"><span style=\"font-weight: 400;\">Esta pedida de mano en Marbella en el parque de la Alameda es perfecta para quienes sue\u00f1an con una propuesta sencilla, elegante y rodeada de naturaleza y tradici\u00f3n andaluza.<\/span><\/p>\n<h3 style=\"text-align: justify;\"><span style=\"font-weight: 400;\">Lo que incluye tu pedida de mano en Marbella en el parque de la Alameda:<\/span><\/h3>\n<ul style=\"text-align: justify;\">\n<li aria-level=\"1\"><b><span style=\"font-weight: 400;\">Fot\u00f3grafo<\/span><\/b><\/li>\n<li aria-level=\"1\"><span style=\"font-weight: 400;\">Ramo de flores<\/span><\/li>\n<li aria-level=\"1\"><b><span style=\"font-weight: 400;\">Planificaci\u00f3n y coordinaci\u00f3n de la propuesta de matrimonio<\/span><\/b><\/li>\n<\/ul>\n<p><b style=\"font-family: inherit;\">Precio: a consultar<\/b><\/p>\n<h3 style=\"text-align: justify;\"><span style=\"font-weight: 400;\">Se puede a\u00f1adir:<\/span><\/h3>\n<ul style=\"text-align: justify;\">\n<li style=\"font-weight: 400;\" aria-level=\"1\"><span style=\"font-weight: 400;\">Vide\u00f3grafo<\/span><\/li>\n<li style=\"font-weight: 400;\" aria-level=\"1\"><span style=\"font-weight: 400;\">M\u00fasica en directo<\/span><\/li>\n<li style=\"font-weight: 400;\" aria-level=\"1\"><span style=\"font-weight: 400;\">Decoraci\u00f3n personalizada<\/span><\/li>\n<li style=\"font-weight: 400;\" aria-level=\"1\"><span style=\"font-weight: 400;\">Transporte<\/span><\/li>\n<li style=\"font-weight: 400;\" aria-level=\"1\"><span style=\"font-weight: 400;\">\u00a1Configuralo como t\u00fa quieras!<\/span><\/li>\n<\/ul>\n<h3 style=\"text-align: justify;\"><span style=\"font-weight: 400;\">Facilidad de pago<\/span><\/h3>\n<p style=\"text-align: justify;\"><span style=\"font-weight: 400;\">\u00a1S\u00ed! Y es que no es necesario pagar \u00edntegramente el importe de la pedida de mano en Marbella en el parque de la Alameda. Simplemente es necesario reservar con un adelanto y el resto darla en el d\u00eda del evento.<\/span><\/p>\n<p style=\"text-align: justify;\"><span style=\"font-weight: 400;\">\u00a1Comodidad para ti!<\/span><\/p>\n<p style=\"text-align: justify;\"><span style=\"font-weight: 400;\">*Las tarifas no son reembolsables si el evento se cancela por cualquier motivo.<\/span><\/p>\n<p><\/p>","protected":false},"excerpt":{"rendered":"<p style=\"text-align: justify;\"><span style=\"font-weight: 400;\">Vive una pedida de mano en Marbella en el parque de la Alameda, un entorno rom\u00e1ntico y lleno de encanto en pleno coraz\u00f3n de la ciudad. Rodeados de jardines, fuentes y bancos t\u00edpicos andaluces, disfrutar\u00e9is de un momento \u00edntimo e inolvidable. <\/span><b>Precio: a consultar. Es necesario formalizar la reserva con un adelanto.<\/b><\/p>\n","protected":false},"featured_media":54388,"comment_status":"closed","ping_status":"closed","template":"","meta":[],"class_list":["post-54186","product","type-product","status-publish","has-post-thumbnail","hentry","product_cat-marriage-proposal-packages","product_tag-pedida-de-mano-en-marbella","product_tag-pedida-de-mano-en-marbella-en-el-parque-de-la-alameda","product_tag-pedida-de-mano-en-marbella-en-el-parque-de-la-alameda-elegante"],"_links":{"self":[{"href":"https:\/\/perfectvenue.es\/es\/wp-json\/wp\/v2\/product\/54186","targetHints":{"allow":["GET"]}}],"collection":[{"href":"https:\/\/perfectvenue.es\/es\/wp-json\/wp\/v2\/product"}],"about":[{"href":"https:\/\/perfectvenue.es\/es\/wp-json\/wp\/v2\/types\/product"}],"replies":[{"embeddable":true,"href":"https:\/\/perfectvenue.es\/es\/wp-json\/wp\/v2\/comments?post=54186"}],"wp:featuredmedia":[{"embeddable":true,"href":"https:\/\/perfectvenue.es\/es\/wp-json\/wp\/v2\/media\/54388"}],"wp:attachment":[{"href":"https:\/\/perfectvenue.es\/es\/wp-json\/wp\/v2\/media?parent=54186"}],"curies":[{"name":"wp","href":"https:\/\/api.w.org\/{rel}","templated":true}]}}