{"id":54142,"date":"2026-03-04T10:41:39","date_gmt":"2026-03-04T07:41:39","guid":{"rendered":"https:\/\/perfectvenue.es\/?post_type=product&#038;p=54142"},"modified":"2026-03-04T13:03:03","modified_gmt":"2026-03-04T10:03:03","slug":"marriage-proposal-in-tenerife-dunes","status":"publish","type":"product","link":"https:\/\/perfectvenue.es\/es\/product\/marriage-proposal-in-tenerife-dunes\/","title":{"rendered":"Pedida de mano en las dunas de Tenerife con un coraz\u00f3n de p\u00e9talos de rosa y velas"},"content":{"rendered":"<p><\/p>\n<p style=\"text-align: justify;\"><span style=\"font-weight: 400;\">Haz realidad tu pedida de mano en Tenerife con nuestro pack exclusivo, dise\u00f1ado para quienes sue\u00f1an con un momento \u00fanico, rom\u00e1ntico y perfectamente organizado. Este pack ha sido creado para que solo te preocupes de una cosa: disfrutar del \u201cs\u00ed\u201d en uno de los escenarios m\u00e1s espectaculares de la isla, las dunas de Tenerife.<\/span><\/p>\n<p style=\"text-align: justify;\"><span style=\"font-weight: 400;\">El pack incluye el montaje y desmontaje completo de la experiencia, para que no tengas que pensar en nada antes ni despu\u00e9s del gran momento. Por eso, nuestro equipo se encarga de preparar cada detalle con mimo y profesionalidad, asegurando que todo est\u00e9 perfecto en el instante exacto de la pedida. La decoraci\u00f3n b\u00e1sica est\u00e1 pensada para crear una atm\u00f3sfera rom\u00e1ntica y elegante: un coraz\u00f3n con p\u00e9talos de rosa cuidadosamente colocados y velas que iluminan el entorno al atardecer, creando un ambiente m\u00e1gico e \u00edntimo.<\/span><\/p>\n<p style=\"text-align: justify;\"><span style=\"font-weight: 400;\">Adem\u00e1s, esta pedida de mano en Tenerife es totalmente personalizable. Puedes a\u00f1adir un ramo de flores para sorprender a\u00fan m\u00e1s a tu pareja, adaptado a vuestros gustos y estilo. Tambi\u00e9n tienes la opci\u00f3n de incluir un vide\u00f3grafo profesional, que grabar\u00e1 la pedida desde diferentes \u00e1ngulos y editar\u00e1 un v\u00eddeo emotivo para conservar la experiencia completa, desde la llegada hasta el esperado \u201cs\u00ed\u201d.<\/span><\/p>\n<p style=\"text-align: justify;\"><span style=\"font-weight: 400;\">Este pack es ideal para quienes buscan una experiencia cuidada, rom\u00e1ntica y sin estr\u00e9s, con la tranquilidad de contar con profesionales que se ocupan de todo. Tenerife, sus dunas y su luz natural se convierten en el escenario perfecto para comenzar una nueva etapa juntos. \u00bfTe apuntas?<\/span><\/p>\n<h3 style=\"text-align: justify;\"><span style=\"font-weight: 400;\">Lo que incluye tu pedida de mano en Tenerife:<\/span><\/h3>\n<ul style=\"text-align: justify;\">\n<li style=\"font-weight: 400;\" aria-level=\"1\"><span style=\"font-weight: 400;\">Fot\u00f3grafo profesional<\/span><\/li>\n<li style=\"font-weight: 400;\" aria-level=\"1\"><span style=\"font-weight: 400;\">Coraz\u00f3n de p\u00e9talos de rosa personalizado<\/span><\/li>\n<li style=\"font-weight: 400;\" aria-level=\"1\"><span style=\"font-weight: 400;\">Decoraci\u00f3n b\u00e1sica con estilo natural y elegante<\/span><\/li>\n<li style=\"font-weight: 400;\" aria-level=\"1\"><span style=\"font-weight: 400;\">Montaje y desmontaje<\/span><\/li>\n<li style=\"font-weight: 400;\" aria-level=\"1\"><span style=\"font-weight: 400;\">Organizaci\u00f3n de la propuesta de matrimonio<\/span><\/li>\n<\/ul>\n<p style=\"text-align: justify;\"><b>Precio del dep\u00f3sito desde 428\u20ac + IVA<\/b><\/p>\n<h3 style=\"text-align: justify;\"><span style=\"font-weight: 400;\">Se puede a\u00f1adir:<\/span><\/h3>\n<ul style=\"text-align: justify;\">\n<li style=\"font-weight: 400;\" aria-level=\"1\"><span style=\"font-weight: 400;\">M\u00fasica en directo (guitarra o viol\u00edn)<\/span><\/li>\n<li style=\"font-weight: 400;\" aria-level=\"1\"><span style=\"font-weight: 400;\">Ramo de flores<\/span><\/li>\n<li style=\"font-weight: 400;\" aria-level=\"1\"><span style=\"font-weight: 400;\">Video profesional<\/span><\/li>\n<li style=\"font-weight: 400;\" aria-level=\"1\"><span style=\"font-weight: 400;\">Cena rom\u00e1ntica<\/span><\/li>\n<li style=\"font-weight: 400;\" aria-level=\"1\"><span style=\"font-weight: 400;\">\u00a1Configuralo como t\u00fa quieras!<\/span><\/li>\n<\/ul>\n<h3 style=\"text-align: justify;\"><span style=\"font-weight: 400;\">Facilidad de pago<\/span><\/h3>\n<p style=\"text-align: justify;\"><span style=\"font-weight: 400;\">Sabemos que este momento es irrepetible, por eso nuestro equipo se encarga de cada detalle. T\u00fa solo tienes que elegir la fecha y decirnos c\u00f3mo imaginas la pedida de mano en Tenerife. \u00a1Nosotros nos encargamos del resto!<\/span><\/p>\n<p style=\"text-align: justify;\"><span style=\"font-weight: 400;\"><strong>El precio del dep\u00f3sito va desde 428\u20ac + IVA, y el resto 250\u20ac, que lo puede pagar el mismo d\u00eda de la pedida.<\/strong><\/span><\/p>\n<p style=\"text-align: justify;\"><span style=\"font-weight: 400;\">Vive la magia de un &#8220;s\u00ed, quiero&#8221; m\u00e1gico, rom\u00e1ntico y memorable. \u00a1Haz de este d\u00eda un recuerdo eterno!<\/span><\/p>\n<p style=\"text-align: justify;\"><span style=\"font-weight: 400;\">*Las tarifas no son reembolsables si el evento se cancela por cualquier motivo.<\/span><\/p>\n<p><\/p>","protected":false},"excerpt":{"rendered":"<p style=\"text-align: justify;\"><span style=\"font-weight: 400;\">Sorprende a tu pareja con una pedida de mano en Tenerife con un coraz\u00f3n de p\u00e9talos de rosa y decoraci\u00f3n elegante en sus famosas dunas. Se trata de uno de los rincones m\u00e1s bellos y rom\u00e1nticos de la ciudad.\u00a0<\/span><strong>El precio del dep\u00f3sito va desde 428\u20ac + IVA, y el resto 250\u20ac, que lo puede pagar el mismo d\u00eda de la pedida.<\/strong><\/p>\n","protected":false},"featured_media":51378,"comment_status":"closed","ping_status":"closed","template":"","meta":[],"class_list":["post-54142","product","type-product","status-publish","has-post-thumbnail","hentry","product_cat-marriage-proposal-packages","product_tag-pedida-de-mano-en-tenerife","product_tag-pedida-de-mano-en-tenerife-con-corazon-de-petalos-de-rosa","product_tag-pedida-de-mano-en-tenerife-con-corazon-de-petalos-de-rosa-y-velas"],"_links":{"self":[{"href":"https:\/\/perfectvenue.es\/es\/wp-json\/wp\/v2\/product\/54142","targetHints":{"allow":["GET"]}}],"collection":[{"href":"https:\/\/perfectvenue.es\/es\/wp-json\/wp\/v2\/product"}],"about":[{"href":"https:\/\/perfectvenue.es\/es\/wp-json\/wp\/v2\/types\/product"}],"replies":[{"embeddable":true,"href":"https:\/\/perfectvenue.es\/es\/wp-json\/wp\/v2\/comments?post=54142"}],"wp:featuredmedia":[{"embeddable":true,"href":"https:\/\/perfectvenue.es\/es\/wp-json\/wp\/v2\/media\/51378"}],"wp:attachment":[{"href":"https:\/\/perfectvenue.es\/es\/wp-json\/wp\/v2\/media?parent=54142"}],"curies":[{"name":"wp","href":"https:\/\/api.w.org\/{rel}","templated":true}]}}