{"id":53157,"date":"2025-12-19T15:32:25","date_gmt":"2025-12-19T12:32:25","guid":{"rendered":"https:\/\/perfectvenue.es\/?post_type=product&#038;p=53157"},"modified":"2026-03-10T14:23:03","modified_gmt":"2026-03-10T11:23:03","slug":"marriage-proposal-at-the-retiro-lake","status":"publish","type":"product","link":"https:\/\/perfectvenue.es\/es\/product\/marriage-proposal-at-the-retiro-lake\/","title":{"rendered":"Pedida de mano en el estanque del Retiro de Madrid: el \u201cs\u00ed quiero\u201d m\u00e1s rom\u00e1ntico"},"content":{"rendered":"<p><\/p>\n<p style=\"text-align: justify;\"><span style=\"font-weight: 400;\">Esta experiencia ofrece una pedida de mano en el estanque del Retiro en Madrid, uno de los rincones m\u00e1s rom\u00e1nticos y emblem\u00e1ticos de la capital. El lago, rodeado de naturaleza, el reflejo del Palacio de Cristal y el murmullo del agua crean el escenario perfecto para un momento tan especial.<\/span><\/p>\n<p style=\"text-align: justify;\"><span style=\"font-weight: 400;\">El plan comienza con un paseo tranquilo en barca por el estanque, donde la calma del entorno prepara el ambiente para el gran instante. Durante el recorrido, un fot\u00f3grafo profesional captura discretamente cada mirada y gesto, asegurando que vuestra pedida de mano en el estanque del Retiro en Madrid quede inmortalizada con naturalidad y emoci\u00f3n.<\/span><\/p>\n<p style=\"text-align: justify;\"><span style=\"font-weight: 400;\">Para a\u00f1adir un toque a\u00fan m\u00e1s m\u00e1gico, pod\u00e9is incluir a un violinista que interprete vuestra canci\u00f3n favorita durante la pedida de mano, por un coste adicional de 120\u20ac, creando un ambiente lleno de romanticismo y elegancia. Tambi\u00e9n es posible a\u00f1adir a un vide\u00f3grafo que capture cada instante, para revivir este momento una y otra vez.<\/span><\/p>\n<p style=\"text-align: justify;\"><span style=\"font-weight: 400;\">Cada detalle de esta experiencia est\u00e1 cuidadosamente pensado para que vuestra pedida de mano en el estanque del Retiro en Madrid sea \u00edntima, elegante y absolutamente \u00fanica, reflejando vuestro amor de la manera m\u00e1s especial.<\/span><\/p>\n<h3 style=\"text-align: justify;\"><span style=\"font-weight: 400;\">Lo que incluye tu pedida de mano en el estanque del Retiro:<\/span><\/h3>\n<ul style=\"text-align: justify;\">\n<li aria-level=\"1\"><b><span style=\"font-weight: 400;\">Fot\u00f3grafo profesional<\/span><\/b><\/li>\n<li aria-level=\"1\">Ramo de flores<\/li>\n<li aria-level=\"1\">P\u00e9talos de rosa<\/li>\n<li aria-level=\"1\"><a href=\"https:\/\/perfectvenue.es\/es\/product\/wooden-letters-in-madrid\/\">Letras &#8220;Marry me&#8221;<\/a><\/li>\n<li aria-level=\"1\"><span style=\"font-weight: 400;\">Planificaci\u00f3n y coordinaci\u00f3n de la propuesta de matrimonio<\/span><\/li>\n<li aria-level=\"1\"><span style=\"font-weight: 400;\">Viol\u00edn (120\u20ac)<\/span><\/li>\n<\/ul>\n<p style=\"text-align: justify;\"><b>Precio desde: 600\u20ac + IVA\u00a0<\/b><\/p>\n<p style=\"text-align: justify;\"><b>(480\u20ac de la pedida + 120\u20ac del viol\u00edn)<\/b><\/p>\n<h3 style=\"text-align: justify;\"><span style=\"font-weight: 400;\">Se puede a\u00f1adir:<\/span><\/h3>\n<ul style=\"text-align: justify;\">\n<li style=\"list-style-type: none;\">\n<ul style=\"text-align: justify;\">\n<li style=\"font-weight: 400;\" aria-level=\"1\"><span style=\"font-weight: 400;\">V\u00eddeo profesional desde 250 \u20ac + IVA<\/span><\/li>\n<li aria-level=\"1\">Copas de champagne<\/li>\n<li aria-level=\"1\">Picnic<\/li>\n<\/ul>\n<\/li>\n<\/ul>\n<h3 style=\"text-align: justify;\"><span style=\"font-weight: 400;\">Facilidad de pago<\/span><\/h3>\n<p style=\"text-align: justify;\"><span style=\"font-weight: 400;\">\u00a1S\u00ed! Y es que no es necesario pagar \u00edntegramente el importe de la pedida de mano en el estanque del Retiro. Simplemente es necesario reservar con un adelanto y el resto darla en el d\u00eda del evento. Por la pedida deber\u00e1s pagar 480\u20ac y por el viol\u00edn 120\u20ac.<\/span><\/p>\n<p style=\"text-align: justify;\"><strong>Como el primer pago de 280\u20ac ha sido realizado, se procede a un segundo pago de 446\u20ac.<\/strong><\/p>\n<p style=\"text-align: justify;\"><span style=\"font-weight: 400;\">\u00a1Comodidad para ti!<\/span><\/p>\n<p style=\"text-align: justify;\"><span style=\"font-weight: 400;\">*Las tarifas no son reembolsables si el evento se cancela por cualquier motivo.<\/span><\/p>\n<p><\/p>","protected":false},"excerpt":{"rendered":"<p style=\"text-align: justify;\"><span style=\"font-weight: 400;\">Una pedida de mano en el estanque del Retiro de Madrid, rom\u00e1ntica y \u00fanica, con fot\u00f3grafo profesional y coordinaci\u00f3n personalizada para un momento inolvidable. <\/span><b>Precio desde: 600\u20ac + IVA.\u00a0 (480\u20ac de la pedida y 120\u20ac del viol\u00edn). Es necesario formalizar la reserva con un adelanto.<\/b><\/p>\n","protected":false},"featured_media":52328,"comment_status":"closed","ping_status":"closed","template":"","meta":[],"class_list":["post-53157","product","type-product","status-publish","has-post-thumbnail","hentry","product_cat-marriage-proposal-packages","product_tag-pedida-de-mano-en-el-estanque-del-retiro","product_tag-pedida-de-mano-en-el-estanque-del-retiro-2026","product_tag-pedida-de-mano-en-el-estanque-del-retiro-elegante"],"_links":{"self":[{"href":"https:\/\/perfectvenue.es\/es\/wp-json\/wp\/v2\/product\/53157","targetHints":{"allow":["GET"]}}],"collection":[{"href":"https:\/\/perfectvenue.es\/es\/wp-json\/wp\/v2\/product"}],"about":[{"href":"https:\/\/perfectvenue.es\/es\/wp-json\/wp\/v2\/types\/product"}],"replies":[{"embeddable":true,"href":"https:\/\/perfectvenue.es\/es\/wp-json\/wp\/v2\/comments?post=53157"}],"wp:featuredmedia":[{"embeddable":true,"href":"https:\/\/perfectvenue.es\/es\/wp-json\/wp\/v2\/media\/52328"}],"wp:attachment":[{"href":"https:\/\/perfectvenue.es\/es\/wp-json\/wp\/v2\/media?parent=53157"}],"curies":[{"name":"wp","href":"https:\/\/api.w.org\/{rel}","templated":true}]}}