{"id":52745,"date":"2025-11-26T15:20:45","date_gmt":"2025-11-26T12:20:45","guid":{"rendered":"https:\/\/perfectvenue.es\/?post_type=product&#038;p=52745"},"modified":"2026-03-10T14:28:12","modified_gmt":"2026-03-10T11:28:12","slug":"proposal-on-a-private-rooftop-in-barcelona","status":"publish","type":"product","link":"https:\/\/perfectvenue.es\/es\/product\/proposal-on-a-private-rooftop-in-barcelona\/","title":{"rendered":"Haz que tu pedida de mano en una azotea privada en Barcelona sea inolvidable"},"content":{"rendered":"<p><\/p>\n<p style=\"text-align: justify;\"><span style=\"font-weight: 400;\">Haz realidad una propuesta de matrimonio inolvidable en una de las ciudades m\u00e1s rom\u00e1nticas del Mediterr\u00e1neo. Con nuestro servicio de pedida de mano en una azotea privada en Barcelona disfrutar\u00e9is de vistas \u00fanicas del skyline urbano, el mar o los monumentos m\u00e1s emblem\u00e1ticos de la ciudad. Un lugar \u00edntimo, elegante y perfecto para crear el ambiente ideal para el gran momento.<\/span><\/p>\n<p style=\"text-align: justify;\"><span style=\"font-weight: 400;\">Esta experiencia ha sido dise\u00f1ada para que todo fluya con naturalidad y sin estr\u00e9s, cuidando cada detalle para que solo tengas que concentrarte en la pregunta m\u00e1s importante.<\/span><\/p>\n<p style=\"text-align: justify;\"><span style=\"font-weight: 400;\">La experiencia incluye una decoraci\u00f3n floral que transforma el espacio en un aut\u00e9ntico refugio rom\u00e1ntico, creando un ambiente c\u00e1lido, elegante y lleno de magia. Nuestro equipo coordina cada aspecto con mimo y profesionalidad; los gastos de planificaci\u00f3n garantizan una organizaci\u00f3n impecable, adaptada a tus gustos y a vuestra historia.<\/span><\/p>\n<p style=\"text-align: justify;\"><span style=\"font-weight: 400;\">La velada se enriquece con una sesi\u00f3n de fotos de compromiso, realizada por un fot\u00f3grafo profesional que capturar\u00e1 de manera natural y espont\u00e1nea cada gesto, mirada y emoci\u00f3n. As\u00ed podr\u00e9is revivir este instante tan especial siempre que quer\u00e1is.<\/span><\/p>\n<p style=\"text-align: justify;\"><span style=\"font-weight: 400;\">Para a\u00f1adir un toque a\u00fan m\u00e1s especial, disfrutar\u00e9is de m\u00fasica en vivo interpretada por un violinista, cuyo sonido envolver\u00e1 la escena con una banda sonora \u00edntima y emocionante, acompa\u00f1ando el momento exacto en el que hagas la gran pregunta. Y como detalle final, tu pareja recibir\u00e1 un ramo de flores preparado especialmente para la ocasi\u00f3n, un gesto que aportar\u00e1 a\u00fan m\u00e1s romanticismo a este instante irrepetible.<\/span><\/p>\n<p style=\"text-align: justify;\"><span style=\"font-weight: 400;\">\u00a1Haz que tu pedida de mano en una azotea privada en Barcelona sea memorable!<\/span><\/p>\n<h3 style=\"text-align: justify;\"><span style=\"font-weight: 400;\">Lo que incluye tu pedida de mano en una azotea privada en Barcelona:<\/span><\/h3>\n<ul style=\"text-align: justify;\">\n<li aria-level=\"1\"><b><span style=\"font-weight: 400;\">Alquiler de espacio solo para ti<\/span><\/b><\/li>\n<li aria-level=\"1\"><span style=\"font-weight: 400;\">Decoraci\u00f3n con corazon rojo o blanco<\/span><\/li>\n<li aria-level=\"1\"><span style=\"font-weight: 400;\">Alfombra, velas y flores de los lados de alfombra<\/span><\/li>\n<li aria-level=\"1\"><span style=\"font-weight: 400;\">Sesi\u00f3n de fotos\u00a0<\/span><\/li>\n<li aria-level=\"1\"><span style=\"font-weight: 400;\">Viol\u00edn<\/span><\/li>\n<li aria-level=\"1\">Organizaci\u00f3n<\/li>\n<\/ul>\n<p style=\"text-align: justify;\"><b>Precio desde: 1805\u20ac + IVA<\/b><\/p>\n<h3 style=\"text-align: justify;\"><span style=\"font-weight: 400;\">Se puede a\u00f1adir:<\/span><\/h3>\n<ul style=\"text-align: justify;\">\n<li style=\"font-weight: 400;\" aria-level=\"1\"><span style=\"font-weight: 400;\">V\u00eddeo profesional\u00a0<\/span><\/li>\n<li style=\"font-weight: 400;\" aria-level=\"1\"><span style=\"font-weight: 400;\">Cena privada<\/span><\/li>\n<\/ul>\n<h3 style=\"text-align: justify;\"><span style=\"font-weight: 400;\">Facilidad de pago<\/span><\/h3>\n<p style=\"text-align: justify;\"><span style=\"font-weight: 400;\">\u00a1S\u00ed! Y es que no es necesario pagar \u00edntegramente el importe de la pedida de mano en una azotea privada en Barcelona. Simplemente es necesario reservar con un adelanto y el resto darla en el d\u00eda del evento.<\/span><\/p>\n<p style=\"text-align: justify;\"><span style=\"font-weight: 400;\">\u00a1Comodidad para ti!<\/span><\/p>\n<p style=\"text-align: justify;\"><span style=\"font-weight: 400;\">*Las tarifas no son reembolsables si el evento se cancela por cualquier motivo.<\/span><\/p>\n<p><\/p>","protected":false},"excerpt":{"rendered":"<p style=\"text-align: justify;\"><span style=\"font-weight: 400;\">Haz una pedida de mano en una azotea privada en Barcelona, rom\u00e1ntica y \u00fanica, con fot\u00f3grafo profesional y coordinaci\u00f3n personalizada para un momento m\u00e1gico. <b>Precio desde: 1805\u20ac + IVA<\/b><\/span><b>. Es necesario formalizar la reserva con un adelanto de 850 euros.<\/b><\/p>\n","protected":false},"featured_media":44297,"comment_status":"closed","ping_status":"closed","template":"","meta":[],"class_list":["post-52745","product","type-product","status-publish","has-post-thumbnail","hentry","product_cat-marriage-proposal-packages","product_tag-pedida-de-mano-en-una-azotea-privada-en-barcelona","product_tag-pedida-de-mano-en-una-azotea-privada-en-barcelona-2026","product_tag-pedida-de-mano-en-una-azotea-privada-en-barcelona-elegante"],"_links":{"self":[{"href":"https:\/\/perfectvenue.es\/es\/wp-json\/wp\/v2\/product\/52745","targetHints":{"allow":["GET"]}}],"collection":[{"href":"https:\/\/perfectvenue.es\/es\/wp-json\/wp\/v2\/product"}],"about":[{"href":"https:\/\/perfectvenue.es\/es\/wp-json\/wp\/v2\/types\/product"}],"replies":[{"embeddable":true,"href":"https:\/\/perfectvenue.es\/es\/wp-json\/wp\/v2\/comments?post=52745"}],"wp:featuredmedia":[{"embeddable":true,"href":"https:\/\/perfectvenue.es\/es\/wp-json\/wp\/v2\/media\/44297"}],"wp:attachment":[{"href":"https:\/\/perfectvenue.es\/es\/wp-json\/wp\/v2\/media?parent=52745"}],"curies":[{"name":"wp","href":"https:\/\/api.w.org\/{rel}","templated":true}]}}