{"id":52248,"date":"2025-10-24T17:34:11","date_gmt":"2025-10-24T14:34:11","guid":{"rendered":"http:\/\/perfectvenue.es\/?post_type=product&#038;p=52248"},"modified":"2026-02-16T23:08:35","modified_gmt":"2026-02-16T20:08:35","slug":"marriage-proposal-in-marbella-rose-petals","status":"publish","type":"product","link":"https:\/\/perfectvenue.es\/es\/product\/marriage-proposal-in-marbella-rose-petals\/","title":{"rendered":"Una pedida de mano en Marbella con coraz\u00f3n de p\u00e9talos de rosa en la playa"},"content":{"rendered":"<p><\/p>\n<p style=\"text-align: justify;\"><span style=\"font-weight: 400;\">Este pack ofrece una pedida de mano en Marbella con coraz\u00f3n de p\u00e9talos de rosa en la playa, un escenario rom\u00e1ntico en el que el Mediterr\u00e1neo y la arena se convierten en testigos de un momento \u00fanico. La puesta de sol, un reportaje fotogr\u00e1fico profesional y cada detalle cuidadosamente pensado hacen de esta experiencia un recuerdo inolvidable.<\/span><\/p>\n<p style=\"text-align: justify;\"><span style=\"font-weight: 400;\">La experiencia comienza con un paseo relajado por la orilla, guiado por un discreto camino de velas que conduce hasta el lugar del gran momento: una playa decorada con mimo, donde un gran coraz\u00f3n de p\u00e9talos de rosa os espera sobre la arena.<\/span><\/p>\n<p style=\"text-align: justify;\"><span style=\"font-weight: 400;\">El ambiente se completa con detalles rom\u00e1nticos como farolillos, cojines y decoraci\u00f3n floral que crean un entorno \u00edntimo y acogedor. Adem\u00e1s, pod\u00e9is a\u00f1adir m\u00fasica en directo para acompa\u00f1ar el instante con vuestras canciones favoritas o incluso un vide\u00f3grafo que grabe toda la experiencia.<\/span><\/p>\n<p style=\"text-align: justify;\"><span style=\"font-weight: 400;\">Un fot\u00f3grafo profesional inmortaliza cada gesto, mirada y emoci\u00f3n con sensibilidad y sin interrumpir la magia, asegurando un recuerdo aut\u00e9ntico y natural de vuestra pedida de mano en Marbella con coraz\u00f3n de p\u00e9talos de rosa en la playa.<\/span><\/p>\n<p style=\"text-align: justify;\"><span style=\"font-weight: 400;\">El instante culminante llega cuando, al llegar al centro del coraz\u00f3n, se formula la gran pregunta mientras el sol acaricia el horizonte. En ese preciso momento, una suave lluvia de p\u00e9talos puede completar la escena, transformando el lugar en un aut\u00e9ntico sue\u00f1o.<\/span><\/p>\n<p style=\"text-align: justify;\"><span style=\"font-weight: 400;\">Cada detalle ha sido dise\u00f1ado para emocionar: desde la elecci\u00f3n de la playa perfecta en Marbella hasta la entrega final de las fotograf\u00edas. Esta pedida de mano en Marbella con coraz\u00f3n de p\u00e9talos de rosa en la playa es ideal para quienes sue\u00f1an con una propuesta \u00edntima, rom\u00e1ntica y cargada de magia frente al mar.<\/span><\/p>\n<h3 style=\"text-align: justify;\"><span style=\"font-weight: 400;\">Lo que incluye tu pedida de mano en Marbella con coraz\u00f3n de p\u00e9talos de rosa en la playa:<\/span><\/h3>\n<ul style=\"text-align: justify;\">\n<li aria-level=\"1\"><b><span style=\"font-weight: 400;\">Fot\u00f3grafo<\/span><\/b><\/li>\n<li aria-level=\"1\"><span style=\"font-weight: 400;\">Decoraci\u00f3n en forma de coraz\u00f3n con p\u00e9talos de rosas<\/span><\/li>\n<li aria-level=\"1\"><span style=\"font-weight: 400;\">Ramo de flores<\/span><\/li>\n<li aria-level=\"1\"><b><span style=\"font-weight: 400;\">Planificaci\u00f3n y coordinaci\u00f3n de la propuesta de matrimonio<\/span><\/b><\/li>\n<\/ul>\n<p><b style=\"font-family: inherit;\">Precio: a consultar<\/b><\/p>\n<h3 style=\"text-align: justify;\"><span style=\"font-weight: 400;\">Se puede a\u00f1adir:<\/span><\/h3>\n<ul style=\"text-align: justify;\">\n<li style=\"font-weight: 400;\" aria-level=\"1\"><span style=\"font-weight: 400;\">Vide\u00f3grafo<\/span><\/li>\n<li style=\"font-weight: 400;\" aria-level=\"1\"><span style=\"font-weight: 400;\">M\u00fasica en directo<\/span><\/li>\n<li style=\"font-weight: 400;\" aria-level=\"1\"><span style=\"font-weight: 400;\">Brindis con champagne<\/span><\/li>\n<li style=\"font-weight: 400;\" aria-level=\"1\"><span style=\"font-weight: 400;\">Decoraci\u00f3n extra<\/span><\/li>\n<li style=\"font-weight: 400;\" aria-level=\"1\"><span style=\"font-weight: 400;\">Transporte<\/span><\/li>\n<li style=\"font-weight: 400;\" aria-level=\"1\"><span style=\"font-weight: 400;\">\u00a1Configuralo como t\u00fa quieras!<\/span><\/li>\n<\/ul>\n<h3 style=\"text-align: justify;\"><span style=\"font-weight: 400;\">Facilidad de pago<\/span><\/h3>\n<p style=\"text-align: justify;\"><span style=\"font-weight: 400;\">\u00a1S\u00ed! Y es que no es necesario pagar \u00edntegramente el importe de la pedida de mano en Marbella con coraz\u00f3n de p\u00e9talos de rosa en la playa. Simplemente es necesario reservar con un adelanto y el resto darla en el d\u00eda del evento.<\/span><\/p>\n<p style=\"text-align: justify;\"><span style=\"font-weight: 400;\">\u00a1Comodidad para ti!<\/span><\/p>\n<p style=\"text-align: justify;\"><span style=\"font-weight: 400;\">*Las tarifas no son reembolsables si el evento se cancela por cualquier motivo.<\/span><\/p>\n<p><\/p>","protected":false},"excerpt":{"rendered":"<p style=\"text-align: justify;\"><span style=\"font-weight: 400;\">Una pedida de mano en Marbella con coraz\u00f3n de p\u00e9talos de rosa en la playa es la propuesta perfecta para tu pareja, haciendo de ello un momento inolvidable en vuestras vidas. <\/span><b>Precio: a consultar. Es necesario formalizar la reserva con un adelanto.<\/b><\/p>\n","protected":false},"featured_media":52251,"comment_status":"closed","ping_status":"closed","template":"","meta":[],"class_list":["post-52248","product","type-product","status-publish","has-post-thumbnail","hentry","product_cat-marriage-proposal-packages","product_tag-corazon-de-petalos-de-rosa","product_tag-marriage-proposal-in-marbella","product_tag-pedida-de-mano-en-marbella","product_tag-rose-petals-heart"],"_links":{"self":[{"href":"https:\/\/perfectvenue.es\/es\/wp-json\/wp\/v2\/product\/52248","targetHints":{"allow":["GET"]}}],"collection":[{"href":"https:\/\/perfectvenue.es\/es\/wp-json\/wp\/v2\/product"}],"about":[{"href":"https:\/\/perfectvenue.es\/es\/wp-json\/wp\/v2\/types\/product"}],"replies":[{"embeddable":true,"href":"https:\/\/perfectvenue.es\/es\/wp-json\/wp\/v2\/comments?post=52248"}],"wp:featuredmedia":[{"embeddable":true,"href":"https:\/\/perfectvenue.es\/es\/wp-json\/wp\/v2\/media\/52251"}],"wp:attachment":[{"href":"https:\/\/perfectvenue.es\/es\/wp-json\/wp\/v2\/media?parent=52248"}],"curies":[{"name":"wp","href":"https:\/\/api.w.org\/{rel}","templated":true}]}}