{"id":52240,"date":"2024-10-24T16:20:49","date_gmt":"2024-10-24T13:20:49","guid":{"rendered":"http:\/\/perfectvenue.es\/?post_type=product&#038;p=52240"},"modified":"2025-11-06T14:32:27","modified_gmt":"2025-11-06T11:32:27","slug":"halloween-workshops","status":"publish","type":"product","link":"https:\/\/perfectvenue.es\/es\/product\/halloween-workshops\/","title":{"rendered":"Talleres para Halloween: \u00a1una forma original y divertida para celebrarlo!"},"content":{"rendered":"<p><\/p>\n<p style=\"text-align: justify;\"><span style=\"font-weight: 400;\">\u00a1Halloween est\u00e1 a la vuelta de la esquina! Y si est\u00e1s buscando una forma divertida, creativa y original de celebrarlo, nuestros talleres para Halloween son la opci\u00f3n perfecta para disfrutar en familia, con amigos o en grupo. Tanto si eres amante del \u201chazlo t\u00fa mismo\u201d como si simplemente quieres pasar un rato diferente, \u00a1tenemos el taller ideal para ti!<\/span><\/p>\n<p style=\"text-align: justify;\"><span style=\"font-weight: 400;\">Lo mejor de todo es que t\u00fa eliges la actividad que m\u00e1s te guste. Cada taller se adapta a tus gustos, tu edad y el tipo de evento que quieras organizar. Desde opciones m\u00e1s art\u00edsticas hasta manualidades llenas de color y creatividad, \u00a1la diversi\u00f3n est\u00e1 garantizada!<\/span><\/p>\n<p style=\"text-align: justify;\"><span style=\"font-weight: 400;\">Cada uno de nuestros talleres incluye todo el material necesario para que no tengas que preocuparte por nada. Desde plantillas de monstruos hasta rotuladores y calabazas. Nos encargamos de preparar cada detalle para que solo tengas que llegar con ganas de disfrutar.\u00a0<\/span><\/p>\n<p style=\"text-align: justify;\"><b>Los talleres para Halloween van desde decorar calabazas y camisetas hasta pintar tazas, crear bolsas para recoger las chuches de Halloween y hacer slimes terror\u00edficos con colores, purpurina y ojos saltones. Fantasmas, murci\u00e9lagos, calaveras o tu personaje favorito: t\u00fa decides el dise\u00f1o.\u00a0<\/b><\/p>\n<p style=\"text-align: justify;\"><span style=\"font-weight: 400;\">Adem\u00e1s, podemos organizar el taller donde t\u00fa quieras: en casa, en un local, en colegios, empresas o incluso al aire libre. Nos adaptamos al espacio y n\u00famero de participantes para que la experiencia sea c\u00f3moda, divertida y completamente personalizada.<\/span><\/p>\n<h3 style=\"text-align: justify;\"><span style=\"font-weight: 400;\">Lo que incluye talleres para Halloween:<\/span><\/h3>\n<ul style=\"text-align: justify;\">\n<li aria-level=\"1\"><b><span style=\"font-weight: 400;\">Materiales\u00a0<\/span><\/b>\n<ul>\n<li aria-level=\"1\"><span style=\"font-weight: 400;\">Calabazas<\/span><\/li>\n<li aria-level=\"1\"><span style=\"font-weight: 400;\">Camisetas<\/span><\/li>\n<li aria-level=\"1\"><span style=\"font-weight: 400;\">Moldes<\/span><\/li>\n<li aria-level=\"1\"><span style=\"font-weight: 400;\">Plantillas<\/span><\/li>\n<li aria-level=\"1\"><span style=\"font-weight: 400;\">Slime<\/span><\/li>\n<li aria-level=\"1\"><b><span style=\"font-weight: 400;\">Abalorios<\/span><\/b><\/li>\n<li aria-level=\"1\"><span style=\"font-weight: 400;\">Rotuladores<\/span><\/li>\n<li aria-level=\"1\"><span style=\"font-weight: 400;\">Pegamento<\/span><\/li>\n<li aria-level=\"1\"><span style=\"font-weight: 400;\">Tijeras<\/span><\/li>\n<li aria-level=\"1\"><span style=\"font-weight: 400;\">Llaveros<\/span><\/li>\n<li aria-level=\"1\"><span style=\"font-weight: 400;\">Cintas<\/span><\/li>\n<li aria-level=\"1\"><b><span style=\"font-weight: 400;\">Purpurina<\/span><\/b><\/li>\n<\/ul>\n<\/li>\n<li><span style=\"font-weight: 400;\">Montaje y desmontaje\u00a0<\/span><\/li>\n<li><span style=\"font-weight: 400;\">Monitor durante toda la actividad<\/span><\/li>\n<\/ul>\n<p style=\"text-align: justify;\"><b style=\"font-family: inherit;\">Precio: a consultar<\/b><\/p>\n<h3 style=\"text-align: justify;\"><span style=\"font-weight: 400;\">Se puede a\u00f1adir:<\/span><\/h3>\n<ul style=\"text-align: justify;\">\n<li><span style=\"font-weight: 400;\">Animadores infantiles<\/span><\/li>\n<li><span style=\"font-weight: 400;\">Merienda personalizada<\/span><\/li>\n<li><span style=\"font-weight: 400;\">Juegos o rinc\u00f3n art\u00edstico<\/span><\/li>\n<li><span style=\"font-weight: 400;\">Fot\u00f3grafo<\/span><\/li>\n<li><span style=\"font-weight: 400;\">Mago<\/span><\/li>\n<li><a href=\"https:\/\/perfectvenue.es\/es\/product\/decorating-your-house-for-halloween\/\"><span style=\"font-weight: 400;\">Decoraci\u00f3n de tu casa para Halloween<\/span><\/a><\/li>\n<li><span style=\"font-weight: 400;\">\u00a1Config\u00faralo como t\u00fa quieras!<\/span><\/li>\n<\/ul>\n<p style=\"text-align: justify;\"><span style=\"color: #5d5c5c; font-family: Hanken, sans-serif; font-size: 1.5rem;\">Facilidad de pago<\/span><\/p>\n<p style=\"text-align: justify;\"><span style=\"font-weight: 400;\">Nuestro alquiler de talleres para Halloween es divertido a la vez que pr\u00e1ctico. Se adapta a cada rinc\u00f3n que desees. Por eso, creamos espacios \u00fanicos donde los ni\u00f1os pueden crear e inspirarse mientras t\u00fa disfrutas del momento.<\/span><\/p>\n<p style=\"text-align: justify;\"><span style=\"font-weight: 400;\">Haz de tu celebraci\u00f3n algo terror\u00edfico e inolvidable con nuestro taller. \u00a1D\u00e9jalos imaginar a lo grande!<\/span><\/p>\n<p style=\"text-align: justify;\"><span style=\"font-weight: 400;\">Nota importante: Las tarifas no son reembolsables en caso de cancelaci\u00f3n del evento por cualquier motivo.<\/span><\/p>\n<p><\/p>","protected":false},"excerpt":{"rendered":"<p style=\"text-align: justify;\"><span style=\"font-weight: 400;\">Convierte tu fiesta en una experiencia \u00fanica con nuestros talleres para Halloween. <\/span><b>Precio: a consultar. Puedes reservar con un adelanto y personalizar todos los detalles.<\/b><\/p>\n","protected":false},"featured_media":52245,"comment_status":"closed","ping_status":"closed","template":"","meta":[],"class_list":["post-52240","product","type-product","status-publish","has-post-thumbnail","hentry","product_cat-courses-and-workshops-in-madrid","product_tag-talleres-para-halloween","product_tag-talleres-para-halloween-2026","product_tag-talleres-para-halloween-divertidos"],"_links":{"self":[{"href":"https:\/\/perfectvenue.es\/es\/wp-json\/wp\/v2\/product\/52240","targetHints":{"allow":["GET"]}}],"collection":[{"href":"https:\/\/perfectvenue.es\/es\/wp-json\/wp\/v2\/product"}],"about":[{"href":"https:\/\/perfectvenue.es\/es\/wp-json\/wp\/v2\/types\/product"}],"replies":[{"embeddable":true,"href":"https:\/\/perfectvenue.es\/es\/wp-json\/wp\/v2\/comments?post=52240"}],"wp:featuredmedia":[{"embeddable":true,"href":"https:\/\/perfectvenue.es\/es\/wp-json\/wp\/v2\/media\/52245"}],"wp:attachment":[{"href":"https:\/\/perfectvenue.es\/es\/wp-json\/wp\/v2\/media?parent=52240"}],"curies":[{"name":"wp","href":"https:\/\/api.w.org\/{rel}","templated":true}]}}