{"id":52084,"date":"2025-11-03T12:09:52","date_gmt":"2025-11-03T09:09:52","guid":{"rendered":"https:\/\/perfectvenue.es\/?post_type=product&#038;p=52084"},"modified":"2026-02-16T22:47:39","modified_gmt":"2026-02-16T19:47:39","slug":"professional-photographer-for-a-marriage-proposal-in-barcelona","status":"publish","type":"product","link":"https:\/\/perfectvenue.es\/es\/product\/professional-photographer-for-a-marriage-proposal-in-barcelona\/","title":{"rendered":"Fot\u00f3grafo profesional para una pedida de mano en Barcelona"},"content":{"rendered":"<p><\/p>\n<p style=\"text-align: justify;\"><span style=\"font-weight: 400;\">Una pedida de mano no es solo una pregunta: es un instante irrepetible que marca el inicio de un nuevo cap\u00edtulo en la vida de una pareja. Si est\u00e1s planeando pedir matrimonio en Barcelona, est\u00e1s eligiendo una ciudad que lo tiene todo para que ese momento sea m\u00e1gico: historia, arquitectura, mar, rincones rom\u00e1nticos y una energ\u00eda \u00fanica. Para capturar toda la emoci\u00f3n de ese \u201cs\u00ed, quiero\u201d en un entorno tan especial, entonces debes contar con un fot\u00f3grafo\u00a0 profesional para una pedida de mano en Barcelona.<\/span><\/p>\n<p style=\"text-align: justify;\"><span style=\"font-weight: 400;\">Barcelona ofrece infinidad de escenarios perfectos para una pedida de mano. Puedes sorprender a tu pareja con una propuesta al atardecer en el B\u00fanker del Carmel, rodeados por una vista panor\u00e1mica de toda la ciudad, o en medio de la arquitectura modernista del Parc G\u00fcell, con sus mosaicos de colores y vistas al mar. Tambi\u00e9n puedes optar por un momento \u00edntimo frente al Mediterr\u00e1neo, en la Barceloneta, o entre las calles con encanto del Barrio G\u00f3tico o el Born.<\/span><\/p>\n<p style=\"text-align: justify;\"><span style=\"font-weight: 400;\">La magia de una pedida de mano est\u00e1 en su espontaneidad. Por eso, un buen fot\u00f3grafo sabr\u00e1 mantenerse en segundo plano, capturando el instante sin interferir. Muchos trabajan de forma encubierta, como si fueran turistas o paseantes, para que la sorpresa no se vea afectada y las reacciones sean completamente naturales.<\/span><\/p>\n<p style=\"text-align: justify;\"><span style=\"font-weight: 400;\">Por eso, contratar un fot\u00f3grafo profesional para una pedida de mano en Barcelona es una inversi\u00f3n en recuerdos reales. Si ya est\u00e1s planeando un momento tan especial, aseg\u00farate de conservarlo para siempre con im\u00e1genes que hablen por s\u00ed solas. Porque el amor se vive\u2026 pero tambi\u00e9n se guarda.<\/span><\/p>\n<h3 style=\"text-align: justify;\"><span style=\"font-weight: 400;\">Captura el \u201cS\u00ed, quiero\u201d en un entorno de ensue\u00f1o<\/span><span style=\"font-weight: 400;\"><br \/>\n<\/span><\/h3>\n<p style=\"text-align: justify;\"><span style=\"font-weight: 400;\">Barcelona ofrece rincones \u00fanicos que combinan la esencia del Mediterr\u00e1neo, una luz especial y paisajes que invitan al romanticismo, la emoci\u00f3n y la conexi\u00f3n con la ciudad. Desde sus playas urbanas hasta sus miradores con vistas panor\u00e1micas, pasando por calles hist\u00f3ricas, parques modernistas y rincones con encanto, Barcelona es el escenario perfecto para una pedida de mano inolvidable.<\/span><\/p>\n<p style=\"text-align: justify;\"><span style=\"font-weight: 400;\">Con la ayuda de un fot\u00f3grafo <\/span><span style=\"font-weight: 400;\">profesional <\/span><span style=\"font-weight: 400;\">para una pedida de mano en Barcelona, cada emoci\u00f3n, mirada y gesto ser\u00e1 capturado con naturalidad, sensibilidad y estilo. Gracias a su experiencia, sabr\u00e1 integrarse discretamente en el entorno, permitiendo que ese m\u00e1gico \u201cs\u00ed, quiero\u201d quede inmortalizado para siempre en un lugar verdaderamente especial.<\/span><\/p>\n<h3 style=\"text-align: justify;\"><span style=\"font-weight: 400;\">\u00bfQu\u00e9 incluye el servicio: Fot\u00f3grafo profesional para una pedida de mano en Barcelona?<\/span><\/h3>\n<p style=\"text-align: justify;\"><span style=\"font-weight: 400;\">Como fot\u00f3grafo profesional especializado en pedidas de mano, te ofrezco:<\/span><\/p>\n<ul style=\"text-align: justify;\">\n<li style=\"font-weight: 400;\" aria-level=\"1\"><b>Planificaci\u00f3n discreta y personalizada<\/b><span style=\"font-weight: 400;\">: Coordinamos todos los detalles con antelaci\u00f3n para que la sorpresa sea perfecta.<\/span><\/li>\n<li style=\"font-weight: 400;\" aria-level=\"1\"><b>Reportaje del momento clave<\/b><span style=\"font-weight: 400;\">: Capturo el instante exacto en que haces la gran pregunta, con total naturalidad y sin interrupciones.<\/span><\/li>\n<li style=\"font-weight: 400;\" aria-level=\"1\"><b>Sesi\u00f3n de pareja despu\u00e9s del \u201cs\u00ed\u201d<\/b><span style=\"font-weight: 400;\">: Una sesi\u00f3n rom\u00e1ntica en los alrededores de Barcelona para celebrar el compromiso con fotos llenas de emoci\u00f3n.<\/span><\/li>\n<li style=\"font-weight: 400;\" aria-level=\"1\"><b>Edici\u00f3n profesional y entrega r\u00e1pida<\/b><span style=\"font-weight: 400;\">: Entrego un reportaje digital de alta calidad lista para compartir o imprimir.<\/span><\/li>\n<\/ul>\n<p style=\"text-align: justify;\"><b>Precio: a consultar\u00a0<\/b><\/p>\n<h3 style=\"text-align: justify;\"><span style=\"font-weight: 400;\">\u00bfPor qu\u00e9 elegir este servicio: Fot\u00f3grafo profesional para una pedida de mano en Barcelona?<\/span><\/h3>\n<ul style=\"text-align: justify;\">\n<li style=\"font-weight: 400;\" aria-level=\"1\"><b>Experiencia en fotograf\u00eda de emociones reales<\/b><\/li>\n<li style=\"font-weight: 400;\" aria-level=\"1\"><b>Conocimiento del lugar y sus mejores rincones<\/b><\/li>\n<li style=\"font-weight: 400;\" aria-level=\"1\"><b>Estilo natural, elegante y atemporal<\/b><\/li>\n<li style=\"font-weight: 400;\" aria-level=\"1\"><b>Atenci\u00f3n personalizada y m\u00e1xima discreci\u00f3n<\/b><\/li>\n<\/ul>\n<h3 style=\"text-align: justify;\"><span style=\"font-weight: 400;\">Haz que ese momento viva para siempre<\/span><\/h3>\n<p style=\"text-align: justify;\"><span style=\"font-weight: 400;\">Una pedida de mano es un recuerdo que merece ser contado con fotos que hablen por s\u00ed solas. Si est\u00e1s pensando en sorprender a tu pareja en Barcelona, estar\u00e9 encantado de ayudarte a crear una experiencia inolvidable y capturarla para siempre.<\/span><\/p>\n<h3 style=\"text-align: justify;\"><span style=\"font-weight: 400;\">Se puede a\u00f1adir:<\/span><\/h3>\n<ul style=\"text-align: justify;\">\n<li style=\"font-weight: 400;\" aria-level=\"1\"><span style=\"font-weight: 400;\">Video (consultar precio)<\/span><\/li>\n<li style=\"font-weight: 400;\" aria-level=\"1\"><span style=\"font-weight: 400;\">M\u00fasica en directo (consultar precio)<\/span><\/li>\n<li style=\"font-weight: 400;\" aria-level=\"1\"><span style=\"font-weight: 400;\">Ramo de flores (consultar precio)<\/span><\/li>\n<li style=\"font-weight: 400;\" aria-level=\"1\"><span style=\"font-weight: 400;\">Grandes letras \u201cMarry me\u201d (consultar precio)<\/span><\/li>\n<li style=\"font-weight: 400;\" aria-level=\"1\"><span style=\"font-weight: 400;\">Transporte (consultar precio)<\/span><\/li>\n<li style=\"font-weight: 400;\" aria-level=\"1\"><span style=\"font-weight: 400;\">\u00a1Config\u00faralo como t\u00fa quieras!<\/span><\/li>\n<\/ul>\n<h3 style=\"text-align: justify;\"><span style=\"font-weight: 400;\">Facilidad de pago<\/span><\/h3>\n<p style=\"text-align: justify;\"><span style=\"font-weight: 400;\">\u00a1S\u00ed! Y es que no es necesario pagar \u00edntegramente el importe de la experiencia de fot\u00f3grafo <\/span><span style=\"font-weight: 400;\">profesional <\/span><span style=\"font-weight: 400;\">para una pedida de mano en Barcelona. Simplemente es necesario reservar con un adelanto y el resto pagarlos en el d\u00eda del evento.<\/span><\/p>\n<p style=\"text-align: justify;\"><span style=\"font-weight: 400;\">\u00a1Comodidad para ti!<\/span><\/p>\n<p style=\"text-align: justify;\"><span style=\"font-weight: 400;\">*Las tarifas no son reembolsables si el evento se cancela por cualquier motivo.<\/span><\/p>\n<p><\/p>","protected":false},"excerpt":{"rendered":"<p style=\"text-align: justify;\">Fot\u00f3grafo profesional para una pedida de mano en Barcelona. <strong>Precio: a consultar.<\/strong><\/p>\n","protected":false},"featured_media":51414,"comment_status":"closed","ping_status":"closed","template":"","meta":[],"class_list":["post-52084","product","type-product","status-publish","has-post-thumbnail","hentry","product_cat-marriage-proposal-packages","product_tag-fotografo-profesional-para-una-pedida-de-mano","product_tag-fotografo-profesional-para-una-pedida-de-mano-en-barcelona","product_tag-fotografo-profesional-para-una-pedida-de-mano-en-barcelona-2026"],"_links":{"self":[{"href":"https:\/\/perfectvenue.es\/es\/wp-json\/wp\/v2\/product\/52084","targetHints":{"allow":["GET"]}}],"collection":[{"href":"https:\/\/perfectvenue.es\/es\/wp-json\/wp\/v2\/product"}],"about":[{"href":"https:\/\/perfectvenue.es\/es\/wp-json\/wp\/v2\/types\/product"}],"replies":[{"embeddable":true,"href":"https:\/\/perfectvenue.es\/es\/wp-json\/wp\/v2\/comments?post=52084"}],"wp:featuredmedia":[{"embeddable":true,"href":"https:\/\/perfectvenue.es\/es\/wp-json\/wp\/v2\/media\/51414"}],"wp:attachment":[{"href":"https:\/\/perfectvenue.es\/es\/wp-json\/wp\/v2\/media?parent=52084"}],"curies":[{"name":"wp","href":"https:\/\/api.w.org\/{rel}","templated":true}]}}