{"id":52051,"date":"2026-02-12T12:32:08","date_gmt":"2026-02-12T09:32:08","guid":{"rendered":"https:\/\/perfectvenue.es\/?post_type=product&#038;p=52051"},"modified":"2026-03-10T14:00:51","modified_gmt":"2026-03-10T11:00:51","slug":"experiencia-de-pedida-de-mano-de-ensueno-en-barcelona","status":"publish","type":"product","link":"https:\/\/perfectvenue.es\/es\/product\/experiencia-de-pedida-de-mano-de-ensueno-en-barcelona\/","title":{"rendered":"Experiencia de pedida de mano de ensue\u00f1o en Barcelona"},"content":{"rendered":"<p><\/p>\n<div class=\"text-base my-auto mx-auto pb-10 [--thread-content-margin:--spacing(4)] thread-sm:[--thread-content-margin:--spacing(6)] thread-lg:[--thread-content-margin:--spacing(16)] px-(--thread-content-margin)\">\n<div class=\"[--thread-content-max-width:40rem] thread-lg:[--thread-content-max-width:48rem] mx-auto max-w-(--thread-content-max-width) flex-1 group\/turn-messages focus-visible:outline-hidden relative flex w-full min-w-0 flex-col agent-turn\" tabindex=\"-1\">\n<div class=\"flex max-w-full flex-col grow\">\n<div class=\"min-h-8 text-message relative flex w-full flex-col items-end gap-2 text-start break-words whitespace-normal [.text-message+&amp;]:mt-1\" dir=\"auto\" data-message-author-role=\"assistant\" data-message-id=\"40170475-02f6-40e4-a5de-370fc57eb49f\" data-message-model-slug=\"gpt-5\">\n<div class=\"flex w-full flex-col gap-1 empty:hidden first:pt-[1px]\">\n<div class=\"markdown prose dark:prose-invert w-full break-words light markdown-new-styling\">\n<p style=\"text-align: justify;\" data-start=\"52\" data-end=\"156\">Vive un d\u00eda m\u00e1gico lleno de lujo, emoci\u00f3n y romanticismo dise\u00f1ado para un \u201cs\u00ed, quiero\u201d inolvidable.<\/p>\n<p style=\"text-align: justify;\" data-start=\"158\" data-end=\"366\">Comienza la jornada con un <strong data-start=\"185\" data-end=\"234\">paseo privado en velero de 2 horas y 30 minutos<\/strong>, navegando por aguas cristalinas mientras brind\u00e1is con <strong data-start=\"290\" data-end=\"306\">cava premium<\/strong> y degust\u00e1is una exquisita selecci\u00f3n de <strong data-start=\"346\" data-end=\"363\">tapas gourmet<\/strong>.<\/p>\n<p style=\"text-align: justify;\" data-start=\"368\" data-end=\"480\">Tu <strong data-start=\"371\" data-end=\"389\">chofer privado<\/strong> estar\u00e1 a tu disposici\u00f3n durante 6 horas, asegurando comodidad y estilo en cada traslado.<\/p>\n<p style=\"text-align: justify;\" data-start=\"482\" data-end=\"583\">Un <strong data-start=\"485\" data-end=\"510\">fot\u00f3grafo profesional<\/strong> capturar\u00e1 cada mirada, sonrisa y detalle de este momento tan especial.<\/p>\n<p style=\"text-align: justify;\" data-start=\"585\" data-end=\"778\">La experiencia culmina con un <strong data-start=\"615\" data-end=\"639\">vuelo en helic\u00f3ptero<\/strong> sobre un paisaje espectacular, donde aparecer\u00e1n las <strong data-start=\"692\" data-end=\"721\">grandes letras \u201cMARRY ME\u201d<\/strong>, creando el escenario perfecto para tu pedida de mano.<\/p>\n<p style=\"text-align: justify;\" data-start=\"780\" data-end=\"867\"><strong data-start=\"783\" data-end=\"865\">Un d\u00eda lleno de amor, elegancia y momentos que quedar\u00e1n grabados para siempre.<\/strong><\/p>\n<h3 style=\"text-align: justify;\" data-start=\"780\" data-end=\"867\"><strong>Experiencia de pedida de mano de ensue\u00f1o en Barcelona incluye:<\/strong><\/h3>\n<ul>\n<li data-start=\"780\" data-end=\"867\">Paseo privado en velero de 2 horas y 30 minutos &#8211; 850\u20ac<\/li>\n<li data-start=\"780\" data-end=\"867\">Grandes letras Marry Me y alfombra roja para pedida de mano al frente de helic\u00f3ptero &#8211; 1.150\u20ac<\/li>\n<li data-start=\"780\" data-end=\"867\">Chofer privado durante 6h &#8211; 390\u20ac<\/li>\n<li data-start=\"780\" data-end=\"867\">Fotografo profesional durante paseo en velero de 2 horas y 30 minutos &#8211;\u00a0360\u20ac<\/li>\n<\/ul>\n<p><strong>Precio: desde 2.750\u20ac + IVA<\/strong><\/p>\n<h3 style=\"text-align: justify;\"><span style=\"font-weight: 400;\">Facilidad de pago<\/span><\/h3>\n<p style=\"text-align: justify;\"><span style=\"font-weight: 400;\">\u00a1S\u00ed! Y es que no es necesario pagar \u00edntegramente el importe de la pedida de mano. Simplemente es necesario reservar con un adelanto y el resto darla en el d\u00eda del evento. Puedes pagar ahora 2.000\u20ac para reservar y el resto el mismo dia de la pedida de mano en efectivo.<\/span><\/p>\n<p style=\"text-align: justify;\"><span style=\"font-weight: 400;\">\u00a1Comodidad para ti!<\/span><\/p>\n<p style=\"text-align: justify;\"><span style=\"font-weight: 400;\">*Las tarifas no son reembolsables si el evento se cancela por cualquier motivo.<\/span><\/p>\n<\/div>\n<\/div>\n<\/div>\n<\/div>\n<\/div>\n<\/div>\n<p><\/p>","protected":false},"excerpt":{"rendered":"<p style=\"text-align: justify;\" data-start=\"780\" data-end=\"867\">Experiencia de pedida de mano de ensue\u00f1o en Barcelona tiene coste que va <strong>desde 2.750\u20ac + IVA<\/strong><strong>. Para reservar, es suficiente pagar 2.000\u20ac y el resto el d\u00eda de la pedida de mano en efectivo.<\/strong><\/p>\n","protected":false},"featured_media":47082,"comment_status":"closed","ping_status":"closed","template":"","meta":[],"class_list":["post-52051","product","type-product","status-publish","has-post-thumbnail","hentry","product_cat-marriage-proposal-packages","product_tag-barcelona-marriage-proposal","product_tag-dream-marriage-proposal","product_tag-pedida-d-emano-de-lujo-barcelona","product_tag-8679"],"_links":{"self":[{"href":"https:\/\/perfectvenue.es\/es\/wp-json\/wp\/v2\/product\/52051","targetHints":{"allow":["GET"]}}],"collection":[{"href":"https:\/\/perfectvenue.es\/es\/wp-json\/wp\/v2\/product"}],"about":[{"href":"https:\/\/perfectvenue.es\/es\/wp-json\/wp\/v2\/types\/product"}],"replies":[{"embeddable":true,"href":"https:\/\/perfectvenue.es\/es\/wp-json\/wp\/v2\/comments?post=52051"}],"wp:featuredmedia":[{"embeddable":true,"href":"https:\/\/perfectvenue.es\/es\/wp-json\/wp\/v2\/media\/47082"}],"wp:attachment":[{"href":"https:\/\/perfectvenue.es\/es\/wp-json\/wp\/v2\/media?parent=52051"}],"curies":[{"name":"wp","href":"https:\/\/api.w.org\/{rel}","templated":true}]}}