{"id":51816,"date":"2025-10-10T11:47:03","date_gmt":"2025-10-10T08:47:03","guid":{"rendered":"https:\/\/perfectvenue.es\/?post_type=product&#038;p=51816"},"modified":"2025-10-20T22:21:37","modified_gmt":"2025-10-20T19:21:37","slug":"marriage-proposal-in-toledo-valley-viewpoint","status":"publish","type":"product","link":"https:\/\/perfectvenue.es\/es\/product\/marriage-proposal-in-toledo-valley-viewpoint\/","title":{"rendered":"Pedida de mano en Toledo en el Mirador del Valle: un s\u00ed con las mejores vistas de la ciudad"},"content":{"rendered":"<p><\/p>\n<p style=\"text-align: justify;\"><span style=\"font-weight: 400;\">Toledo es una ciudad que enamora a primera vista, pero desde el Mirador del Valle, su belleza se multiplica. Este lugar ofrece una panor\u00e1mica \u00fanica de la ciudad, donde las murallas, el Alc\u00e1zar y el r\u00edo Tajo se funden en una imagen inolvidable. Por eso, una pedida de mano en Toledo en el Mirador del Valle se convierte en un momento m\u00e1gico, lleno de emoci\u00f3n y rodeado de un paisaje que corta la respiraci\u00f3n.<\/span><\/p>\n<p style=\"text-align: justify;\"><span style=\"font-weight: 400;\">El Mirador del Valle es uno de los puntos m\u00e1s rom\u00e1nticos de Toledo, especialmente al atardecer, cuando la luz dorada envuelve la ciudad y todo se ti\u00f1e de tonos c\u00e1lidos. Es el escenario ideal para sorprender a tu pareja con una pedida de mano \u00edntima y elegante, donde la historia, el arte y la naturaleza se unen para crear un recuerdo eterno.<\/span><\/p>\n<p style=\"text-align: justify;\"><span style=\"font-weight: 400;\">Cada detalle se organiza cuidadosamente para que todo salga perfecto: la planificaci\u00f3n del momento, el fot\u00f3grafo que inmortaliza cada gesto, el ramo de flores y el lugar exacto donde se realizar\u00e1 la propuesta. La combinaci\u00f3n del silencio del entorno con la majestuosidad de las vistas convierte cada fotograf\u00eda en una obra llena de sentimiento.<\/span><\/p>\n<p style=\"text-align: justify;\"><span style=\"font-weight: 400;\">Adem\u00e1s, esta pedida de mano puede personalizarse por completo. Se pueden a\u00f1adir detalles como una decoraci\u00f3n floral sencilla y elegante, m\u00fasica de fondo o incluso un picnic con vistas al atardecer, creando as\u00ed una atm\u00f3sfera que refleje la esencia de la pareja. En un entorno tan impresionante, el amor se siente m\u00e1s cerca que nunca.<\/span><\/p>\n<h3 style=\"text-align: justify;\"><span style=\"font-weight: 400;\">Lo que incluye tu pedida de mano en Toledo en el Mirador del Valle:<\/span><\/h3>\n<ul style=\"text-align: justify;\">\n<li aria-level=\"1\"><b><span style=\"font-weight: 400;\">Fot\u00f3grafo<\/span><\/b><\/li>\n<li aria-level=\"1\"><span style=\"font-weight: 400;\">Ramo de flores<\/span><\/li>\n<li aria-level=\"1\"><b><span style=\"font-weight: 400;\">Planificaci\u00f3n y coordinaci\u00f3n de la propuesta de matrimonio<\/span><\/b><\/li>\n<\/ul>\n<p style=\"text-align: justify;\"><b>Precio: a consultar<\/b><\/p>\n<h3 style=\"text-align: justify;\"><span style=\"font-weight: 400;\">Se puede a\u00f1adir:<\/span><\/h3>\n<ul style=\"text-align: justify;\">\n<li style=\"font-weight: 400;\" aria-level=\"1\"><span style=\"font-weight: 400;\">Decoraci\u00f3n floral personalizada<\/span><\/li>\n<li style=\"font-weight: 400;\" aria-level=\"1\"><span style=\"font-weight: 400;\">Picnic rom\u00e1ntico<\/span><\/li>\n<li style=\"font-weight: 400;\" aria-level=\"1\"><span style=\"font-weight: 400;\">M\u00fasica en directo<\/span><\/li>\n<li style=\"font-weight: 400;\" aria-level=\"1\"><span style=\"font-weight: 400;\">Vide\u00f3grafo<\/span><\/li>\n<li style=\"font-weight: 400;\" aria-level=\"1\"><span style=\"font-weight: 400;\">Transporte<\/span><\/li>\n<li style=\"font-weight: 400;\" aria-level=\"1\"><span style=\"font-weight: 400;\">\u00a1Configuralo como t\u00fa quieras!<\/span><\/li>\n<\/ul>\n<h3 style=\"text-align: justify;\"><span style=\"font-weight: 400;\">Facilidad de pago<\/span><\/h3>\n<p style=\"text-align: justify;\"><span style=\"font-weight: 400;\">\u00a1S\u00ed! Y es que no es necesario pagar \u00edntegramente el importe de la pedida de mano en Toledo en el Mirador del Valle. Simplemente es necesario reservar con un adelanto y el resto darla en el d\u00eda del evento.<\/span><\/p>\n<p style=\"text-align: justify;\"><span style=\"font-weight: 400;\">\u00a1Comodidad para ti!<\/span><\/p>\n<p style=\"text-align: justify;\"><span style=\"font-weight: 400;\">*Las tarifas no son reembolsables si el evento se cancela por cualquier motivo.<\/span><\/p>\n<p><\/p>","protected":false},"excerpt":{"rendered":"<p style=\"text-align: justify;\"><span style=\"font-weight: 400;\">Vive una pedida de mano en Toledo en el Mirador del Valle. Un escenario espectacular con fot\u00f3grafo, flores, picnic y decoraci\u00f3n rom\u00e1ntica. <\/span><b>Precio: a consultar. Es necesario formalizar la reserva con un adelanto.<\/b><\/p>\n","protected":false},"featured_media":51819,"comment_status":"closed","ping_status":"closed","template":"","meta":[],"class_list":["post-51816","product","type-product","status-publish","has-post-thumbnail","hentry","product_cat-marriage-proposal-packages","product_tag-marriage-proposal-in-toledo","product_tag-pedida-de-mano-en-toledo","product_tag-6510","product_tag-8677"],"_links":{"self":[{"href":"https:\/\/perfectvenue.es\/es\/wp-json\/wp\/v2\/product\/51816","targetHints":{"allow":["GET"]}}],"collection":[{"href":"https:\/\/perfectvenue.es\/es\/wp-json\/wp\/v2\/product"}],"about":[{"href":"https:\/\/perfectvenue.es\/es\/wp-json\/wp\/v2\/types\/product"}],"replies":[{"embeddable":true,"href":"https:\/\/perfectvenue.es\/es\/wp-json\/wp\/v2\/comments?post=51816"}],"wp:featuredmedia":[{"embeddable":true,"href":"https:\/\/perfectvenue.es\/es\/wp-json\/wp\/v2\/media\/51819"}],"wp:attachment":[{"href":"https:\/\/perfectvenue.es\/es\/wp-json\/wp\/v2\/media?parent=51816"}],"curies":[{"name":"wp","href":"https:\/\/api.w.org\/{rel}","templated":true}]}}