{"id":51810,"date":"2025-10-10T11:49:11","date_gmt":"2025-10-10T08:49:11","guid":{"rendered":"https:\/\/perfectvenue.es\/?post_type=product&#038;p=51810"},"modified":"2026-02-11T13:45:18","modified_gmt":"2026-02-11T10:45:18","slug":"marriage-proposal-in-toledo-san-martin-bridge","status":"publish","type":"product","link":"https:\/\/perfectvenue.es\/es\/product\/marriage-proposal-in-toledo-san-martin-bridge\/","title":{"rendered":"Pedida de mano en Toledo en el Puente de San Mart\u00edn: un momento m\u00e1gico sobre el Tajo"},"content":{"rendered":"<p><\/p>\n<p style=\"text-align: justify;\"><span style=\"font-weight: 400;\">Toledo es una ciudad que inspira amor, y el Puente de San Mart\u00edn es uno de sus rincones m\u00e1s emblem\u00e1ticos para declararlo. Con sus vistas espectaculares al r\u00edo Tajo y a las murallas de la ciudad, este lugar combina historia, belleza y romanticismo, convirti\u00e9ndose en el escenario perfecto para una pedida de mano en Toledo en el Puente de San Mart\u00edn, inolvidable.<\/span><\/p>\n<p style=\"text-align: justify;\"><span style=\"font-weight: 400;\">La pedida de mano en Toledo en el Puente de San Mart\u00edn ofrece una mezcla \u00fanica de tradici\u00f3n y encanto. Sus antiguas piedras, su estructura medieval y el reflejo del atardecer sobre el r\u00edo crean una atm\u00f3sfera que parece sacada de una pel\u00edcula. Cada rinc\u00f3n del puente invita a detener el tiempo y vivir un momento que quedar\u00e1 grabado para siempre.<\/span><\/p>\n<p style=\"text-align: justify;\"><span style=\"font-weight: 400;\">El evento se planifica con dedicaci\u00f3n para que todo fluya de manera natural. Desde la coordinaci\u00f3n del fot\u00f3grafo hasta la entrega del ramo de flores, cada detalle se cuida al m\u00e1ximo para capturar la emoci\u00f3n de ese instante. La serenidad del entorno y la vista panor\u00e1mica de Toledo hacen que el \u201cs\u00ed, quiero\u201d se sienta a\u00fan m\u00e1s m\u00e1gico.<\/span><\/p>\n<p style=\"text-align: justify;\"><span style=\"font-weight: 400;\">Adem\u00e1s, este ic\u00f3nico puente ofrece diferentes zonas que se adaptan a la personalidad de cada pareja. Puede elegirse un punto m\u00e1s \u00edntimo, rodeado de vegetaci\u00f3n y vistas al r\u00edo, o uno m\u00e1s abierto donde se contemple toda la ciudad iluminada. En cualquiera de ellos, el amor y la historia se entrelazan para dar forma a un recuerdo eterno.<\/span><\/p>\n<h3 style=\"text-align: justify;\"><span style=\"font-weight: 400;\">Lo que incluye tu pedida de mano en Toledo en el Puente de San Mart\u00edn:<\/span><\/h3>\n<ul style=\"text-align: justify;\">\n<li aria-level=\"1\"><b><span style=\"font-weight: 400;\">Fot\u00f3grafo<\/span><\/b><\/li>\n<li aria-level=\"1\"><span style=\"font-weight: 400;\">Ramo de flores<\/span><\/li>\n<li aria-level=\"1\"><b><span style=\"font-weight: 400;\">Planificaci\u00f3n y coordinaci\u00f3n de la propuesta de matrimonio<\/span><\/b><\/li>\n<\/ul>\n<p><b style=\"font-family: inherit;\">Precio: a consultar<\/b><\/p>\n<h3 style=\"text-align: justify;\"><span style=\"font-weight: 400;\">Se puede a\u00f1adir:<\/span><\/h3>\n<ul style=\"text-align: justify;\">\n<li style=\"font-weight: 400;\" aria-level=\"1\"><span style=\"font-weight: 400;\">M\u00fasica en directo<\/span><\/li>\n<li style=\"font-weight: 400;\" aria-level=\"1\"><span style=\"font-weight: 400;\">Vide\u00f3grafo<\/span><\/li>\n<li style=\"font-weight: 400;\" aria-level=\"1\"><span style=\"font-weight: 400;\">Transporte<\/span><\/li>\n<li style=\"font-weight: 400;\" aria-level=\"1\"><span style=\"font-weight: 400;\">\u00a1Configuralo como t\u00fa quieras!<\/span><\/li>\n<\/ul>\n<h3 style=\"text-align: justify;\"><span style=\"font-weight: 400;\">Facilidad de pago<\/span><\/h3>\n<p style=\"text-align: justify;\"><span style=\"font-weight: 400;\">\u00a1S\u00ed! Y es que no es necesario pagar \u00edntegramente el importe de la pedida de mano en Toledo en el Puente de San Mart\u00edn. Simplemente es necesario reservar con un adelanto y el resto darla en el d\u00eda del evento.<\/span><\/p>\n<p style=\"text-align: justify;\"><span style=\"font-weight: 400;\">\u00a1Comodidad para ti!<\/span><\/p>\n<p style=\"text-align: justify;\"><span style=\"font-weight: 400;\">*Las tarifas no son reembolsables si el evento se cancela por cualquier motivo.<\/span><\/p>\n<p><\/p>","protected":false},"excerpt":{"rendered":"<p style=\"text-align: justify;\"><span style=\"font-weight: 400;\">Vive una pedida de mano en Toledo en el Puente de San Mart\u00edn. Un lugar hist\u00f3rico y rom\u00e1ntico con fot\u00f3grafo, flores y planificaci\u00f3n completa. <\/span><b>Precio: a consultar. Es necesario formalizar la reserva con un adelanto.<\/b><\/p>\n","protected":false},"featured_media":51812,"comment_status":"closed","ping_status":"closed","template":"","meta":[],"class_list":["post-51810","product","type-product","status-publish","has-post-thumbnail","hentry","product_cat-marriage-proposal-packages","product_tag-marriage-proposal-in-toledo","product_tag-pedida-de-mano-en-toledo","product_tag-8686"],"_links":{"self":[{"href":"https:\/\/perfectvenue.es\/es\/wp-json\/wp\/v2\/product\/51810","targetHints":{"allow":["GET"]}}],"collection":[{"href":"https:\/\/perfectvenue.es\/es\/wp-json\/wp\/v2\/product"}],"about":[{"href":"https:\/\/perfectvenue.es\/es\/wp-json\/wp\/v2\/types\/product"}],"replies":[{"embeddable":true,"href":"https:\/\/perfectvenue.es\/es\/wp-json\/wp\/v2\/comments?post=51810"}],"wp:featuredmedia":[{"embeddable":true,"href":"https:\/\/perfectvenue.es\/es\/wp-json\/wp\/v2\/media\/51812"}],"wp:attachment":[{"href":"https:\/\/perfectvenue.es\/es\/wp-json\/wp\/v2\/media?parent=51810"}],"curies":[{"name":"wp","href":"https:\/\/api.w.org\/{rel}","templated":true}]}}