{"id":51798,"date":"2025-10-10T11:49:57","date_gmt":"2025-10-10T08:49:57","guid":{"rendered":"https:\/\/perfectvenue.es\/?post_type=product&#038;p=51798"},"modified":"2026-02-09T15:07:50","modified_gmt":"2026-02-09T12:07:50","slug":"marriage-proposal-in-toledo-alcantara-bridge","status":"publish","type":"product","link":"https:\/\/perfectvenue.es\/es\/product\/marriage-proposal-in-toledo-alcantara-bridge\/","title":{"rendered":"Pedida de mano en Toledo en el Puente de Alc\u00e1ntara: un momento lleno de historia"},"content":{"rendered":"<p><\/p>\n<p style=\"text-align: justify;\"><span style=\"font-weight: 400;\">Toledo es una ciudad que guarda rincones cargados de historia y belleza, pero pocos lugares son tan simb\u00f3licos como el Puente de Alc\u00e1ntara. Situado a los pies del casco hist\u00f3rico, este puente medieval se alza sobre el r\u00edo Tajo, ofreciendo una de las vistas m\u00e1s rom\u00e1nticas de la ciudad. Por eso, la pedida de mano en Toledo en el Puente de Alc\u00e1ntara es una experiencia que combina emoci\u00f3n, historia y un escenario de ensue\u00f1o.<\/span><\/p>\n<p style=\"text-align: justify;\"><span style=\"font-weight: 400;\">El sonido del r\u00edo, el paisaje toledano y la arquitectura milenaria del puente crean un ambiente inigualable. Su entorno transmite calma, elegancia y ese toque m\u00e1gico que hace de Toledo un destino tan especial para momentos importantes. Aqu\u00ed, cada atardecer ti\u00f1e las piedras doradas del puente y convierte el instante del \u201cs\u00ed, quiero\u201d en un recuerdo eterno.<\/span><\/p>\n<p style=\"text-align: justify;\"><span style=\"font-weight: 400;\">La pedida se organiza cuidando cada detalle: desde la planificaci\u00f3n y el momento exacto de la propuesta hasta la llegada del fot\u00f3grafo, encargado de inmortalizar cada gesto y emoci\u00f3n. El ramo de flores aporta el toque rom\u00e1ntico final, haciendo que todo est\u00e9 perfectamente coordinado para vivir una experiencia aut\u00e9ntica y personalizada.<\/span><\/p>\n<p style=\"text-align: justify;\"><span style=\"font-weight: 400;\">Adem\u00e1s, este rinc\u00f3n ofrece un sinf\u00edn de posibilidades para adaptarse al estilo de cada pareja. Ya sea con un enfoque \u00edntimo, solo con el sonido del r\u00edo de fondo, o con una ambientaci\u00f3n m\u00e1s especial acompa\u00f1ada de m\u00fasica y luz, el Puente de Alc\u00e1ntara se convierte en un escenario perfecto para pedir matrimonio.<\/span><\/p>\n<h3 style=\"text-align: justify;\"><span style=\"font-weight: 400;\">Lo que incluye tu pedida de mano en Toledo en el Puente de Alc\u00e1ntara:<\/span><\/h3>\n<ul style=\"text-align: justify;\">\n<li aria-level=\"1\"><b><span style=\"font-weight: 400;\">Fot\u00f3grafo<\/span><\/b><\/li>\n<li aria-level=\"1\"><span style=\"font-weight: 400;\">Ramo de flores<\/span><\/li>\n<li aria-level=\"1\"><b><span style=\"font-weight: 400;\">Planificaci\u00f3n y coordinaci\u00f3n de la propuesta de matrimonio<\/span><\/b><\/li>\n<\/ul>\n<p><b style=\"font-family: inherit;\">Precio: a consultar<\/b><\/p>\n<h3 style=\"text-align: justify;\"><span style=\"font-weight: 400;\">Se puede a\u00f1adir:<\/span><\/h3>\n<ul style=\"text-align: justify;\">\n<li style=\"font-weight: 400;\" aria-level=\"1\"><span style=\"font-weight: 400;\">M\u00fasica en directo<\/span><\/li>\n<li style=\"font-weight: 400;\" aria-level=\"1\"><span style=\"font-weight: 400;\">Vide\u00f3grafo<\/span><\/li>\n<li style=\"font-weight: 400;\" aria-level=\"1\"><span style=\"font-weight: 400;\">Transporte<\/span><\/li>\n<li style=\"font-weight: 400;\" aria-level=\"1\"><span style=\"font-weight: 400;\">\u00a1Configuralo como t\u00fa quieras!<\/span><\/li>\n<\/ul>\n<h3 style=\"text-align: justify;\"><span style=\"font-weight: 400;\">Facilidad de pago<\/span><\/h3>\n<p style=\"text-align: justify;\"><span style=\"font-weight: 400;\">\u00a1S\u00ed! Y es que no es necesario pagar \u00edntegramente el importe de la pedida de mano en Toledo en el Puente de Alc\u00e1ntara. Simplemente es necesario reservar con un adelanto y el resto darla en el d\u00eda del evento.<\/span><\/p>\n<p style=\"text-align: justify;\"><span style=\"font-weight: 400;\">\u00a1Comodidad para ti!<\/span><\/p>\n<p style=\"text-align: justify;\"><span style=\"font-weight: 400;\">*Las tarifas no son reembolsables si el evento se cancela por cualquier motivo.<\/span><\/p>\n<p><\/p>","protected":false},"excerpt":{"rendered":"<p style=\"text-align: justify;\"><span style=\"font-weight: 400;\">Vive una pedida de mano en Toledo en el Puente de Alc\u00e1ntara. Un momento m\u00e1gico con fot\u00f3grafo, vistas incre\u00edbles al r\u00edo Tajo y una planificaci\u00f3n cuidada al detalle. <\/span><b>Precio: a consultar. Es necesario formalizar la reserva con un adelanto.<\/b><\/p>\n","protected":false},"featured_media":51800,"comment_status":"closed","ping_status":"closed","template":"","meta":[],"class_list":["post-51798","product","type-product","status-publish","has-post-thumbnail","hentry","product_cat-marriage-proposal-packages","product_tag-alcantara-bridge","product_tag-marriage-proposal-in-toledo","product_tag-pedida-de-mano-en-toledo","product_tag-puente-de-alcantara","product_tag-8607","product_tag-8604"],"_links":{"self":[{"href":"https:\/\/perfectvenue.es\/es\/wp-json\/wp\/v2\/product\/51798","targetHints":{"allow":["GET"]}}],"collection":[{"href":"https:\/\/perfectvenue.es\/es\/wp-json\/wp\/v2\/product"}],"about":[{"href":"https:\/\/perfectvenue.es\/es\/wp-json\/wp\/v2\/types\/product"}],"replies":[{"embeddable":true,"href":"https:\/\/perfectvenue.es\/es\/wp-json\/wp\/v2\/comments?post=51798"}],"wp:featuredmedia":[{"embeddable":true,"href":"https:\/\/perfectvenue.es\/es\/wp-json\/wp\/v2\/media\/51800"}],"wp:attachment":[{"href":"https:\/\/perfectvenue.es\/es\/wp-json\/wp\/v2\/media?parent=51798"}],"curies":[{"name":"wp","href":"https:\/\/api.w.org\/{rel}","templated":true}]}}