{"id":51789,"date":"2025-10-10T11:50:16","date_gmt":"2025-10-10T08:50:16","guid":{"rendered":"https:\/\/perfectvenue.es\/?post_type=product&#038;p=51789"},"modified":"2026-02-11T13:41:30","modified_gmt":"2026-02-11T10:41:30","slug":"marriage-proposal-in-toledo-alcazar-park","status":"publish","type":"product","link":"https:\/\/perfectvenue.es\/es\/product\/marriage-proposal-in-toledo-alcazar-park\/","title":{"rendered":"Pedida de mano en Toledo en el Parque del Alc\u00e1zar: un s\u00ed con historia"},"content":{"rendered":"<p><\/p>\n<p style=\"text-align: justify;\"><span style=\"font-weight: 400;\">Toledo, conocida como la ciudad de las tres culturas, es un lugar donde el tiempo parece detenerse. Sus calles empedradas, su historia y sus vistas al r\u00edo Tajo crean un ambiente m\u00e1gico que la convierten en el destino ideal para una pedida de mano. Esta pedida de mano en Toledo en el Parque del Alc\u00e1zar est\u00e1 pensada para quienes desean un escenario lleno de encanto, romanticismo y significado.<\/span><\/p>\n<p style=\"text-align: justify;\"><span style=\"font-weight: 400;\">El Parque del Alc\u00e1zar es uno de los rincones m\u00e1s emblem\u00e1ticos de la ciudad, rodeado de jardines, caminos tranquilos y con una de las vistas m\u00e1s espectaculares de Toledo. Es un lugar donde naturaleza y arquitectura se funden, ofreciendo un entorno perfecto para vivir uno de los momentos m\u00e1s importantes de una pareja. Al atardecer, la luz c\u00e1lida ilumina las murallas y crea una atm\u00f3sfera \u00fanica que realza cada emoci\u00f3n.<\/span><\/p>\n<p style=\"text-align: justify;\"><span style=\"font-weight: 400;\">Cada detalle de la pedida se planifica cuidadosamente para que todo sea perfecto: la llegada al lugar, el momento exacto de la propuesta, el ramo de flores y el fot\u00f3grafo que inmortaliza cada mirada, sonrisa y gesto. El ambiente del parque se adapta a distintos estilos de pareja, desde las m\u00e1s cl\u00e1sicas hasta las m\u00e1s modernas, ofreciendo rincones privados y naturales que convierten el instante en algo irrepetible.<\/span><\/p>\n<p style=\"text-align: justify;\"><span style=\"font-weight: 400;\">Adem\u00e1s, la planificaci\u00f3n se centra en reflejar la esencia de la relaci\u00f3n. Cada pedida se dise\u00f1a de manera personalizada, garantizando que el entorno, la decoraci\u00f3n floral y la ambientaci\u00f3n encajen con la historia de amor de los protagonistas. Porque este momento no solo se vive, se recuerda para siempre.<\/span><\/p>\n<h3 style=\"text-align: justify;\"><span style=\"font-weight: 400;\">Lo que incluye tu pedida de mano en Toledo en el Parque del Alc\u00e1zar:<\/span><\/h3>\n<ul style=\"text-align: justify;\">\n<li aria-level=\"1\"><b><span style=\"font-weight: 400;\">Fot\u00f3grafo<\/span><\/b><\/li>\n<li aria-level=\"1\"><span style=\"font-weight: 400;\">Ramo de flores<\/span><\/li>\n<li aria-level=\"1\"><b><span style=\"font-weight: 400;\">Planificaci\u00f3n y coordinaci\u00f3n de la propuesta de matrimonio<\/span><\/b><\/li>\n<\/ul>\n<p><b style=\"font-family: inherit;\">Precio: a consultar<\/b><\/p>\n<h3 style=\"text-align: justify;\"><span style=\"font-weight: 400;\">Se puede a\u00f1adir:<\/span><\/h3>\n<ul style=\"text-align: justify;\">\n<li style=\"font-weight: 400;\" aria-level=\"1\"><span style=\"font-weight: 400;\">M\u00fasica en directo<\/span><\/li>\n<li style=\"font-weight: 400;\" aria-level=\"1\"><span style=\"font-weight: 400;\">Vide\u00f3grafo<\/span><\/li>\n<li style=\"font-weight: 400;\" aria-level=\"1\"><span style=\"font-weight: 400;\">Transporte<\/span><\/li>\n<li style=\"font-weight: 400;\" aria-level=\"1\"><span style=\"font-weight: 400;\">\u00a1Configuralo como t\u00fa quieras!<\/span><\/li>\n<\/ul>\n<h3 style=\"text-align: justify;\"><span style=\"font-weight: 400;\">Facilidad de pago<\/span><\/h3>\n<p style=\"text-align: justify;\"><span style=\"font-weight: 400;\">\u00a1S\u00ed! Y es que no es necesario pagar \u00edntegramente el importe de la pedida de mano en Toledo en el Parque del Alc\u00e1zar. Simplemente es necesario reservar con un adelanto y el resto darla en el d\u00eda del evento.<\/span><\/p>\n<p style=\"text-align: justify;\"><span style=\"font-weight: 400;\">\u00a1Comodidad para ti!<\/span><\/p>\n<p style=\"text-align: justify;\"><span style=\"font-weight: 400;\">*Las tarifas no son reembolsables si el evento se cancela por cualquier motivo.<\/span><\/p>\n<p><\/p>","protected":false},"excerpt":{"rendered":"<p style=\"text-align: justify;\"><span style=\"font-weight: 400;\">Vive una pedida de mano en Toledo en el Parque del Alc\u00e1zar. Un momento m\u00e1gico con fot\u00f3grafo, flores y una planificaci\u00f3n cuidada al detalle. <\/span><b>Precio: a consultar. Es necesario formalizar la reserva con un adelanto.<\/b><\/p>\n","protected":false},"featured_media":51794,"comment_status":"closed","ping_status":"closed","template":"","meta":[],"class_list":["post-51789","product","type-product","status-publish","has-post-thumbnail","hentry","product_cat-marriage-proposal-packages","product_tag-marriage-proposal-in-toledo","product_tag-pedida-de-mano-en-toledo","product_tag-8604"],"_links":{"self":[{"href":"https:\/\/perfectvenue.es\/es\/wp-json\/wp\/v2\/product\/51789","targetHints":{"allow":["GET"]}}],"collection":[{"href":"https:\/\/perfectvenue.es\/es\/wp-json\/wp\/v2\/product"}],"about":[{"href":"https:\/\/perfectvenue.es\/es\/wp-json\/wp\/v2\/types\/product"}],"replies":[{"embeddable":true,"href":"https:\/\/perfectvenue.es\/es\/wp-json\/wp\/v2\/comments?post=51789"}],"wp:featuredmedia":[{"embeddable":true,"href":"https:\/\/perfectvenue.es\/es\/wp-json\/wp\/v2\/media\/51794"}],"wp:attachment":[{"href":"https:\/\/perfectvenue.es\/es\/wp-json\/wp\/v2\/media?parent=51789"}],"curies":[{"name":"wp","href":"https:\/\/api.w.org\/{rel}","templated":true}]}}