{"id":51689,"date":"2025-10-20T16:32:00","date_gmt":"2025-10-20T13:32:00","guid":{"rendered":"http:\/\/perfectvenue.es\/?post_type=product&#038;p=51689"},"modified":"2026-04-06T17:39:15","modified_gmt":"2026-04-06T14:39:15","slug":"christmas-family-day-at-the-office","status":"publish","type":"product","link":"https:\/\/perfectvenue.es\/es\/product\/christmas-family-day-at-the-office\/","title":{"rendered":"D\u00eda familiar navide\u00f1o en la oficina: celebra la Navidad con Pap\u00e1 Noel y sus elfos"},"content":{"rendered":"<p><\/p>\n<p style=\"text-align: justify;\"><span style=\"font-weight: 400;\">La Navidad es la \u00e9poca perfecta para fortalecer los lazos entre los empleados y sus familias, y una excelente manera de hacerlo es organizando un d\u00eda familiar navide\u00f1o en la oficina. Este tipo de evento no solo crea un ambiente festivo y c\u00e1lido, sino que tambi\u00e9n refuerza el compromiso de la empresa con el bienestar y la felicidad de su equipo. Una de las ideas m\u00e1s populares y efectivas para darle un toque m\u00e1gico a esta celebraci\u00f3n es contratar actores navide\u00f1os, como Pap\u00e1 Noel y sus elfos animadores.<\/span><\/p>\n<p style=\"text-align: justify;\"><span style=\"font-weight: 400;\">El d\u00eda familiar navide\u00f1o en la oficina es una oportunidad perfecta para que los empleados compartan con sus seres queridos el lugar donde pasan buena parte de su tiempo. Al integrar a las familias en la cultura de empresa, se crea una conexi\u00f3n emocional m\u00e1s fuerte, se mejora el clima laboral y se fortalece el sentido de pertenencia.<\/span><\/p>\n<p style=\"text-align: justify;\"><span style=\"font-weight: 400;\">Adem\u00e1s, en el contexto navide\u00f1o, esta celebraci\u00f3n se transforma en un momento de alegr\u00eda, ilusi\u00f3n y agradecimiento. Por eso, muchas compa\u00f1\u00edas optan por incorporar personajes navide\u00f1os como Pap\u00e1 Noel y sus ayudantes elfos para convertir el evento en una experiencia inolvidable.<\/span><\/p>\n<p style=\"text-align: justify;\"><span style=\"font-weight: 400;\">Organizar un d\u00eda familiar navide\u00f1o en la oficina no solo es una acci\u00f3n festiva, sino tambi\u00e9n una inversi\u00f3n en motivaci\u00f3n y clima laboral positivo. Ver a los hijos de los empleados disfrutar, re\u00edr y emocionarse con Pap\u00e1 Noel y sus elfos es un regalo que fortalece la relaci\u00f3n entre la empresa y su equipo.<\/span><\/p>\n<p style=\"text-align: justify;\"><span style=\"font-weight: 400;\">Por eso, contratar a actores navide\u00f1os para tu evento corporativo transforma una simple fiesta en una experiencia m\u00e1gica que todos recordar\u00e1n. \u00a1Haz que esta Navidad en la oficina sea especial para toda la familia!<\/span><\/p>\n<h3 style=\"text-align: justify;\"><span style=\"font-weight: 400;\">Lo que incluye tu d\u00eda familiar navide\u00f1o en la oficina:<\/span><\/h3>\n<ul style=\"text-align: justify;\">\n<li aria-level=\"1\"><b><span style=\"font-weight: 400;\">Interacci\u00f3n con el p\u00fablico y <\/span><a href=\"https:\/\/perfectvenue.es\/es\/product\/animacion-para-ninos-en-madrid-6\/\"><span style=\"font-weight: 400;\">animaci\u00f3n infantil<\/span><\/a><\/b><\/li>\n<li aria-level=\"1\"><span style=\"font-weight: 400;\">Juegos y concursos navide\u00f1os<\/span><\/li>\n<li aria-level=\"1\"><a href=\"https:\/\/perfectvenue.es\/es\/product\/book-santa-claus-to-visit-your-family-this-christmas-in-madrid\/\"><span style=\"font-weight: 400;\">Acompa\u00f1amiento a Pap\u00e1 Noel<\/span><\/a><\/li>\n<li aria-level=\"1\"><span style=\"font-weight: 400;\">Espect\u00e1culos teatrales o cuentacuentos<\/span><\/li>\n<li aria-level=\"1\"><span style=\"font-weight: 400;\">Entrega de regalos o detalles personalizados<\/span><\/li>\n<li aria-level=\"1\"><span style=\"font-weight: 400;\">Talleres creativos navide\u00f1os\u00a0<\/span><\/li>\n<\/ul>\n<p style=\"text-align: justify;\"><b>Precio: a consultar<\/b><\/p>\n<h3 style=\"text-align: justify;\"><span style=\"font-weight: 400;\">Si te gustan los talleres creativos navide\u00f1os, no te pierdas estos:<\/span><\/h3>\n<ul style=\"text-align: justify;\">\n<li style=\"font-weight: 400;\" aria-level=\"1\"><a href=\"https:\/\/perfectvenue.es\/es\/product\/workshop-on-the-art-of-table-setting\/\"><span style=\"font-weight: 400;\">Taller sobre el arte de poner la mesa<\/span><\/a><\/li>\n<li style=\"font-weight: 400;\" aria-level=\"1\"><a href=\"https:\/\/perfectvenue.es\/es\/product\/introductory-porcelain-painting-workshop\/\"><span style=\"font-weight: 400;\">Taller de iniciaci\u00f3n sobre pintura en porcelana para Navidad<\/span><\/a><\/li>\n<li style=\"font-weight: 400;\" aria-level=\"1\"><a href=\"https:\/\/perfectvenue.es\/es\/product\/christmas-wreath-workshop\/\"><span style=\"font-weight: 400;\">Taller de coronas de Navidad<\/span><\/a><\/li>\n<li style=\"font-weight: 400;\" aria-level=\"1\"><a href=\"https:\/\/perfectvenue.es\/es\/product\/christmas-centerpiece-decoration-workshop\/\"><span style=\"font-weight: 400;\">Taller de decoraci\u00f3n de centro de mesa navide\u00f1o<\/span><\/a><\/li>\n<li style=\"font-weight: 400;\" aria-level=\"1\"><a href=\"https:\/\/perfectvenue.es\/es\/product\/taller-de-adornos-navidenos-de-ceramica\/\"><span style=\"font-weight: 400;\">Taller de adornos navide\u00f1os de cer\u00e1mica en familia<\/span><\/a><\/li>\n<li style=\"font-weight: 400;\" aria-level=\"1\"><a href=\"https:\/\/perfectvenue.es\/es\/product\/taller-de-velas-navidenas\/\"><span style=\"font-weight: 400;\">Taller de velas navide\u00f1as<\/span><\/a><\/li>\n<li style=\"font-weight: 400;\" aria-level=\"1\"><a href=\"https:\/\/perfectvenue.es\/es\/product\/christmas-cookie-decorating-workshop\/\"><span style=\"font-weight: 400;\">Taller de decoraci\u00f3n de cookies navide\u00f1as<\/span><\/a><\/li>\n<li style=\"font-weight: 400;\" aria-level=\"1\"><a href=\"https:\/\/perfectvenue.es\/es\/product\/christmas-ornament-pottery-workshop\/\"><span style=\"font-weight: 400;\">Taller de cer\u00e1mica de adornos navide\u00f1os<\/span><\/a><\/li>\n<\/ul>\n<h3 style=\"text-align: justify;\"><span style=\"font-weight: 400;\">Se puede a\u00f1adir:<\/span><\/h3>\n<ul style=\"text-align: justify;\">\n<li style=\"font-weight: 400;\" aria-level=\"1\"><span style=\"font-weight: 400;\">Merienda personalizada<\/span><\/li>\n<li style=\"font-weight: 400;\" aria-level=\"1\"><span style=\"font-weight: 400;\">Fot\u00f3grafo<\/span><\/li>\n<li style=\"font-weight: 400;\" aria-level=\"1\"><span style=\"font-weight: 400;\">Vide\u00f3grafo<\/span><\/li>\n<li style=\"font-weight: 400;\" aria-level=\"1\"><span style=\"font-weight: 400;\">\u00a1Config\u00faralo como t\u00fa quieras!<\/span><\/li>\n<\/ul>\n<h3 style=\"text-align: justify;\"><span style=\"font-weight: 400;\">Facilidad de pago<\/span><\/h3>\n<p style=\"text-align: justify;\"><span style=\"font-weight: 400;\">Tu d<\/span><span style=\"font-weight: 400;\">\u00ed<\/span><span style=\"font-weight: 400;\">a familiar navide\u00f1o en la oficina<\/span> <span style=\"font-weight: 400;\">se adapta a cada escenario y edad. Por eso, grandes y peque\u00f1os pueden so\u00f1ar y vivir la ilusi\u00f3n de la Navidad como nunca antes.<\/span><\/p>\n<p style=\"text-align: justify;\"><span style=\"font-weight: 400;\">Haz de tu celebraci\u00f3n algo especial con nuestra animaci\u00f3n navide\u00f1a. \u00a1D\u00e9jalos so\u00f1ar a lo grande!<\/span><\/p>\n<p style=\"text-align: justify;\"><i><span style=\"font-weight: 400;\">*Nota importante: Las tarifas no son reembolsables en caso de cancelaci\u00f3n del evento por cualquier motivo.<\/span><\/i><\/p>\n<p><\/p>","protected":false},"excerpt":{"rendered":"<p style=\"text-align: justify;\"><span style=\"font-weight: 400;\">Convierte tu evento en una experiencia \u00fanica con nuestro d\u00eda familiar en la oficina. <\/span><b>Precio: a consultar. Puedes reservar con un adelanto y personalizar todos los detalles.<\/b><\/p>\n","protected":false},"featured_media":51690,"comment_status":"closed","ping_status":"closed","template":"","meta":[],"class_list":["post-51689","product","type-product","status-publish","has-post-thumbnail","hentry","product_cat-perfect-plan","product_tag-dia-familiar-navideno-en-la-oficina","product_tag-dia-familiar-navideno-en-la-oficina-2026","product_tag-dia-familiar-navideno-en-la-oficina-magico"],"_links":{"self":[{"href":"https:\/\/perfectvenue.es\/es\/wp-json\/wp\/v2\/product\/51689","targetHints":{"allow":["GET"]}}],"collection":[{"href":"https:\/\/perfectvenue.es\/es\/wp-json\/wp\/v2\/product"}],"about":[{"href":"https:\/\/perfectvenue.es\/es\/wp-json\/wp\/v2\/types\/product"}],"replies":[{"embeddable":true,"href":"https:\/\/perfectvenue.es\/es\/wp-json\/wp\/v2\/comments?post=51689"}],"wp:featuredmedia":[{"embeddable":true,"href":"https:\/\/perfectvenue.es\/es\/wp-json\/wp\/v2\/media\/51690"}],"wp:attachment":[{"href":"https:\/\/perfectvenue.es\/es\/wp-json\/wp\/v2\/media?parent=51689"}],"curies":[{"name":"wp","href":"https:\/\/api.w.org\/{rel}","templated":true}]}}