{"id":51608,"date":"2026-02-12T11:13:27","date_gmt":"2026-02-12T08:13:27","guid":{"rendered":"https:\/\/perfectvenue.es\/?post_type=product&#038;p=51608"},"modified":"2026-02-12T12:55:33","modified_gmt":"2026-02-12T09:55:33","slug":"engagement-with-360-views-on-a-rooftop-in-madrid","status":"publish","type":"product","link":"https:\/\/perfectvenue.es\/es\/product\/engagement-with-360-views-on-a-rooftop-in-madrid\/","title":{"rendered":"Pedida de mano con vistas 360 en un rooftop de Madrid"},"content":{"rendered":"<p><\/p>\n<p style=\"text-align: justify;\"><span style=\"font-weight: 400;\">Hacer una pedida de mano con vistas 360 en un rooftop de Madrid es una idea inolvidable, original y profundamente rom\u00e1ntica. No solo por la espectacularidad del entorno, sino por todo lo que representa emocional y simb\u00f3licamente un momento tan importante vivido desde las alturas de una de las ciudades m\u00e1s bellas de Europa.<\/span><\/p>\n<p style=\"text-align: justify;\"><span style=\"font-weight: 400;\">Madrid, con su mezcla de historia, modernidad y vida vibrante, ofrece un escenario perfecto para una propuesta \u00fanica. Desde un rooftop con vistas panor\u00e1micas se puede contemplar la ciudad en todo su esplendor: la Gran V\u00eda, el Palacio Real, la Catedral de la Almudena, las c\u00fapulas hist\u00f3ricas y los modernos rascacielos. Esta visi\u00f3n de 360\u00b0 no solo es visualmente impresionante, sino que a\u00f1ade un sentido de amplitud, de nuevos horizontes, de comenzar una etapa con una perspectiva amplia, abierta y luminosa.<\/span><\/p>\n<p style=\"text-align: justify;\"><span style=\"font-weight: 400;\">Uno de los mayores beneficios de hacer la pedida de mano en un rooftop es la combinaci\u00f3n entre intimidad y espectacularidad. A diferencia de una pedida en un lugar cerrado o en plena calle, el rooftop ofrece privacidad sin renunciar a la belleza del entorno. Muchos de estos espacios cuentan con zonas reservadas o rincones tranquilos donde se puede vivir el momento sin interrupciones, pero rodeados de un paisaje urbano majestuoso que a\u00f1ade magia a la experiencia.<\/span><\/p>\n<p style=\"text-align: justify;\"><span style=\"font-weight: 400;\">Por todo ello, una pedida de mano con vistas 360 en un rooftop de Madrid no es solo una idea bonita: es una forma de convertir un momento importante en algo m\u00e1gico, cargado de emoci\u00f3n, belleza y simbolismo. Porque no hay mejor manera de empezar una nueva etapa que con el mundo a sus pies y el amor a flor de piel.<\/span><\/p>\n<h3 style=\"text-align: justify;\"><span style=\"font-weight: 400;\">Lo que incluye tu pedida de mano con vistas 360 en un rooftop de Madrid:<\/span><\/h3>\n<ul style=\"text-align: justify;\">\n<li aria-level=\"1\"><b><span style=\"font-weight: 400;\">Fot\u00f3grafo<\/span><\/b><\/li>\n<li aria-level=\"1\"><span style=\"font-weight: 400;\">Zona \u00edntima en el rooftop<\/span><\/li>\n<li aria-level=\"1\"><span style=\"font-weight: 400;\">Copas de champagne<\/span><\/li>\n<li aria-level=\"1\"><span style=\"font-weight: 400;\">Decoraci\u00f3n arco de flores<\/span><\/li>\n<li aria-level=\"1\"><b><span style=\"font-weight: 400;\">Planificaci\u00f3n y coordinaci\u00f3n de la propuesta de matrimonio<\/span><\/b><\/li>\n<\/ul>\n<p style=\"text-align: justify;\"><b>Precio: a consultar<\/b><\/p>\n<h3 style=\"text-align: justify;\"><span style=\"font-weight: 400;\">Se puede a\u00f1adir:<\/span><\/h3>\n<ul style=\"text-align: justify;\">\n<li style=\"font-weight: 400;\" aria-level=\"1\"><span style=\"font-weight: 400;\">Vide\u00f3grafo<\/span><\/li>\n<li style=\"font-weight: 400;\" aria-level=\"1\"><span style=\"font-weight: 400;\">M\u00fasica en directo (viol\u00edn)<\/span><\/li>\n<li style=\"font-weight: 400;\" aria-level=\"1\"><span style=\"font-weight: 400;\">Decoraci\u00f3n personalizada<\/span><\/li>\n<li style=\"font-weight: 400;\" aria-level=\"1\"><span style=\"font-weight: 400;\">Cena privada para dos<\/span><\/li>\n<li style=\"font-weight: 400;\" aria-level=\"1\"><a href=\"https:\/\/perfectvenue.es\/es\/product\/flowers-bouquet-for-marriage-proposal\/\"><span style=\"font-weight: 400;\">Ramo de flores<\/span><\/a><\/li>\n<li style=\"font-weight: 400;\" aria-level=\"1\"><span style=\"font-weight: 400;\">\u00a1Configuralo como t\u00fa quieras!<\/span><\/li>\n<\/ul>\n<h3 style=\"text-align: justify;\"><span style=\"font-weight: 400;\">Facilidad de pago<\/span><\/h3>\n<p style=\"text-align: justify;\"><span style=\"font-weight: 400;\">No es necesario pagar \u00edntegramente el importe de la pedida de mano con vistas 360 en un rooftop de Madrid. Simplemente es necesario reservar con un adelanto y el resto darla en el d\u00eda del evento.<\/span><\/p>\n<p style=\"text-align: justify;\"><span style=\"font-weight: 400;\">\u00a1Comodidad para ti!<\/span><\/p>\n<p style=\"text-align: justify;\"><b>*Las tarifas no son reembolsables si el evento se cancela por cualquier motivo.<\/b><\/p>\n<p><\/p>","protected":false},"excerpt":{"rendered":"<p style=\"text-align: justify;\"><span style=\"font-weight: 400;\">Esta propuesta ofrece una pedida de mano con vistas 360 en un rooftop de Madrid, un lugar donde la modernidad y el lujo se fusionan. Adem\u00e1s, cuenta con espectaculares vistas de la capital. <\/span><b>Precio: a consultar. Es necesario formalizar la reserva con un adelanto.<\/b><\/p>\n","protected":false},"featured_media":52004,"comment_status":"closed","ping_status":"closed","template":"","meta":[],"class_list":["post-51608","product","type-product","status-publish","has-post-thumbnail","hentry","product_cat-marriage-proposal-packages","product_tag-pedida-de-mano-con-vistas-360-en-un-rooftop-de-madrid","product_tag-pedida-de-mano-con-vistas-360-en-un-rooftop-de-madrid-2026","product_tag-pedida-de-mano-con-vistas-360-en-un-rooftop-de-madrid-elegante"],"_links":{"self":[{"href":"https:\/\/perfectvenue.es\/es\/wp-json\/wp\/v2\/product\/51608","targetHints":{"allow":["GET"]}}],"collection":[{"href":"https:\/\/perfectvenue.es\/es\/wp-json\/wp\/v2\/product"}],"about":[{"href":"https:\/\/perfectvenue.es\/es\/wp-json\/wp\/v2\/types\/product"}],"replies":[{"embeddable":true,"href":"https:\/\/perfectvenue.es\/es\/wp-json\/wp\/v2\/comments?post=51608"}],"wp:featuredmedia":[{"embeddable":true,"href":"https:\/\/perfectvenue.es\/es\/wp-json\/wp\/v2\/media\/52004"}],"wp:attachment":[{"href":"https:\/\/perfectvenue.es\/es\/wp-json\/wp\/v2\/media?parent=51608"}],"curies":[{"name":"wp","href":"https:\/\/api.w.org\/{rel}","templated":true}]}}