{"id":51603,"date":"2026-02-12T11:03:44","date_gmt":"2026-02-12T08:03:44","guid":{"rendered":"https:\/\/perfectvenue.es\/?post_type=product&#038;p=51603"},"modified":"2026-02-12T12:56:32","modified_gmt":"2026-02-12T09:56:32","slug":"proposal-on-a-rooftop-in-madrid-3","status":"publish","type":"product","link":"https:\/\/perfectvenue.es\/es\/product\/proposal-on-a-rooftop-in-madrid-3\/","title":{"rendered":"Pedida de mano en un rooftop en Madrid: una propuesta inolvidable"},"content":{"rendered":"<p><\/p>\n<p style=\"text-align: justify;\"><span style=\"font-weight: 400;\">Hacer una pedida de mano en un rooftop en Madrid ya es una experiencia m\u00e1gica por s\u00ed sola, pero si se suma un coraz\u00f3n gigante de flores, el momento se transforma en algo inolvidable, lleno de simbolismo, emoci\u00f3n y belleza. Es una idea perfecta para quienes quieren sorprender a su pareja con una propuesta original, rom\u00e1ntica y visualmente impactante, en uno de los entornos m\u00e1s especiales de la ciudad.<\/span><\/p>\n<p style=\"text-align: justify;\"><span style=\"font-weight: 400;\">Madrid ofrece algunos de los rooftops m\u00e1s espectaculares de Europa, con vistas panor\u00e1micas que abarcan desde la hist\u00f3rica Gran V\u00eda hasta el horizonte moderno de las Cuatro Torres. Este entorno elevado, alejado del bullicio urbano, ya genera una atm\u00f3sfera \u00edntima y especial. Pero al incluir un coraz\u00f3n de flores gigante, se a\u00f1ade un elemento visual que habla directamente del amor, del cuidado por los detalles y del deseo de hacer de ese momento algo extraordinario.<\/span><\/p>\n<p style=\"text-align: justify;\"><span style=\"font-weight: 400;\">Adem\u00e1s, el coraz\u00f3n de flores sirve como punto focal para la propuesta. Puede colocarse en el centro del rooftop, rodeado de velas, luces c\u00e1lidas o p\u00e9talos, creando un peque\u00f1o &#8220;altar&#8221; rom\u00e1ntico con el skyline de Madrid como tel\u00f3n de fondo. Este espacio se convierte en un rinc\u00f3n exclusivo, privado y espectacular para vivir uno de los momentos m\u00e1s emocionantes de la vida.<\/span><\/p>\n<p style=\"text-align: justify;\"><span style=\"font-weight: 400;\">Por todo ello, hacer una pedida de mano en un rooftop de Madrid con un coraz\u00f3n gigante de flores es una opci\u00f3n que une romanticismo, emoci\u00f3n y simbolismo en un solo gesto.\u00a0<\/span><\/p>\n<h3 style=\"text-align: justify;\"><span style=\"font-weight: 400;\">Lo que incluye tu pedida de mano en un rooftop en Madrid:<\/span><\/h3>\n<ul style=\"text-align: justify;\">\n<li aria-level=\"1\"><b><span style=\"font-weight: 400;\">Fot\u00f3grafo<\/span><\/b><\/li>\n<li aria-level=\"1\"><span style=\"font-weight: 400;\">Zona \u00edntima en el rooftop<\/span><\/li>\n<li aria-level=\"1\"><span style=\"font-weight: 400;\">Copas de champagne<\/span><\/li>\n<li aria-level=\"1\"><span style=\"font-weight: 400;\">Decoraci\u00f3n arco de flores<\/span><\/li>\n<li aria-level=\"1\"><b><span style=\"font-weight: 400;\">Planificaci\u00f3n y coordinaci\u00f3n de la propuesta de matrimonio<\/span><\/b><\/li>\n<\/ul>\n<p><b style=\"font-family: inherit;\">Precio: a consultar<\/b><\/p>\n<h3 style=\"text-align: justify;\"><span style=\"font-weight: 400;\">Se puede a\u00f1adir:<\/span><\/h3>\n<ul style=\"text-align: justify;\">\n<li style=\"font-weight: 400;\" aria-level=\"1\"><span style=\"font-weight: 400;\">Vide\u00f3grafo<\/span><\/li>\n<li style=\"font-weight: 400;\" aria-level=\"1\"><span style=\"font-weight: 400;\">M\u00fasica en directo (viol\u00edn)<\/span><\/li>\n<li style=\"font-weight: 400;\" aria-level=\"1\"><span style=\"font-weight: 400;\">Decoraci\u00f3n personalizada<\/span><\/li>\n<li style=\"font-weight: 400;\" aria-level=\"1\"><span style=\"font-weight: 400;\">Cena privada para dos<\/span><\/li>\n<li style=\"font-weight: 400;\" aria-level=\"1\"><a href=\"https:\/\/perfectvenue.es\/es\/product\/flowers-bouquet-for-marriage-proposal\/\"><span style=\"font-weight: 400;\">Ramo de flores<\/span><\/a><\/li>\n<li style=\"font-weight: 400;\" aria-level=\"1\"><span style=\"font-weight: 400;\">\u00a1Configuralo como t\u00fa quieras!<\/span><\/li>\n<\/ul>\n<h3 style=\"text-align: justify;\"><span style=\"font-weight: 400;\">Facilidad de pago<\/span><\/h3>\n<p style=\"text-align: justify;\"><span style=\"font-weight: 400;\">No es necesario pagar \u00edntegramente el importe de la pedida de mano en un rooftop en Madrid. Simplemente es necesario reservar con un adelanto y el resto darla en el d\u00eda del evento.<\/span><\/p>\n<p style=\"text-align: justify;\"><span style=\"font-weight: 400;\">\u00a1Comodidad para ti!<\/span><\/p>\n<p style=\"text-align: justify;\"><b>*Las tarifas no son reembolsables si el evento se cancela por cualquier motivo.<\/b><\/p>\n<p><\/p>","protected":false},"excerpt":{"rendered":"<p style=\"text-align: justify;\"><span style=\"font-weight: 400;\">Esta propuesta ofrece una pedida de mano en un rooftop en Madrid, donde el romanticismo y la elegancia se unen para un momento inolvidable. <\/span><b>Precio: a consultar. Es necesario formalizar la reserva con un adelanto.<\/b><\/p>\n","protected":false},"featured_media":52000,"comment_status":"closed","ping_status":"closed","template":"","meta":[],"class_list":["post-51603","product","type-product","status-publish","has-post-thumbnail","hentry","product_cat-marriage-proposal-packages","product_tag-pedida-de-mano-en-un-rooftop-en-madrid","product_tag-pedida-de-mano-en-un-rooftop-en-madrid-2026","product_tag-pedida-de-mano-en-un-rooftop-en-madrid-elegante"],"_links":{"self":[{"href":"https:\/\/perfectvenue.es\/es\/wp-json\/wp\/v2\/product\/51603","targetHints":{"allow":["GET"]}}],"collection":[{"href":"https:\/\/perfectvenue.es\/es\/wp-json\/wp\/v2\/product"}],"about":[{"href":"https:\/\/perfectvenue.es\/es\/wp-json\/wp\/v2\/types\/product"}],"replies":[{"embeddable":true,"href":"https:\/\/perfectvenue.es\/es\/wp-json\/wp\/v2\/comments?post=51603"}],"wp:featuredmedia":[{"embeddable":true,"href":"https:\/\/perfectvenue.es\/es\/wp-json\/wp\/v2\/media\/52000"}],"wp:attachment":[{"href":"https:\/\/perfectvenue.es\/es\/wp-json\/wp\/v2\/media?parent=51603"}],"curies":[{"name":"wp","href":"https:\/\/api.w.org\/{rel}","templated":true}]}}