{"id":51598,"date":"2025-10-05T11:54:04","date_gmt":"2025-10-05T08:54:04","guid":{"rendered":"https:\/\/perfectvenue.es\/?post_type=product&#038;p=51598"},"modified":"2025-10-17T13:04:34","modified_gmt":"2025-10-17T10:04:34","slug":"proposal-on-a-rooftop-in-madrid-2","status":"publish","type":"product","link":"https:\/\/perfectvenue.es\/es\/product\/proposal-on-a-rooftop-in-madrid-2\/","title":{"rendered":"Pedida de mano en una azotea de Madrid: un lugar \u00edntimo y con mucho encanto"},"content":{"rendered":"<p><\/p>\n<p style=\"text-align: justify;\"><span style=\"font-weight: 400;\">Hacer una pedida de mano en una azotea de Madrid es una idea excelente por m\u00faltiples razones, tanto emocionales como pr\u00e1cticas. Este tipo de espacio ofrece una combinaci\u00f3n ideal de privacidad, romanticismo y conexi\u00f3n emocional, lo que lo convierte en el lugar perfecto para un momento tan especial y significativo.<\/span><\/p>\n<p style=\"text-align: justify;\"><span style=\"font-weight: 400;\">En primer lugar, la intimidad de una terraza permite que el momento sea genuino y personal. A diferencia de lugares p\u00fablicos o muy concurridos, donde pueden intervenir ruidos, miradas curiosas o distracciones, una terraza ofrece un entorno controlado y tranquilo. Esto ayuda a que ambos est\u00e9n realmente presentes, enfocados en lo que sienten y en el compromiso que est\u00e1n a punto de asumir. Es un momento vulnerable y profundo, y tener privacidad hace que todo fluya de forma m\u00e1s natural.<\/span><\/p>\n<p style=\"text-align: justify;\"><span style=\"font-weight: 400;\">Adem\u00e1s, muchas terrazas, ya sean en casa o en un espacio reservado, permiten una decoraci\u00f3n personalizada. Puedes llenar el lugar con luces c\u00e1lidas, velas, flores, fotos o incluso elementos que tengan un significado especial en la relaci\u00f3n. Esto le da un toque \u00edntimo y \u00fanico, convirtiendo el espacio en una extensi\u00f3n de su historia de amor. No se trata solo de pedir matrimonio, sino de hacerlo en un escenario que refleje qui\u00e9nes son como pareja.<\/span><\/p>\n<p style=\"text-align: justify;\"><span style=\"font-weight: 400;\">Otro beneficio es la comodidad. Una terraza elimina la presi\u00f3n de tener que actuar de cierta forma frente a una audiencia. Quienes son m\u00e1s reservados o desean un momento aut\u00e9ntico sin espect\u00e1culo agradecen esta posibilidad. Adem\u00e1s, se puede elegir el momento exacto: al atardecer, bajo las estrellas, o en un momento del d\u00eda que tenga un significado especial para la pareja.<\/span><\/p>\n<p style=\"text-align: justify;\"><span style=\"font-weight: 400;\">Por todo ello, hacer una pedida de mano en una azotea de Madrid no solo es una elecci\u00f3n rom\u00e1ntica, sino tambi\u00e9n significativa. Es un entorno que permite que la emoci\u00f3n fluya sin barreras, que el amor se exprese sin presiones y que el recuerdo de ese momento se grabe en el coraz\u00f3n de ambos para siempre.<\/span><\/p>\n<h3 style=\"text-align: justify;\"><span style=\"font-weight: 400;\">Lo que incluye tu pedida de mano en una azotea de Madrid:<\/span><\/h3>\n<ul style=\"text-align: justify;\">\n<li aria-level=\"1\"><b><span style=\"font-weight: 400;\">Fot\u00f3grafo<\/span><\/b><\/li>\n<li aria-level=\"1\"><span style=\"font-weight: 400;\">Zona \u00edntima en la azotea<\/span><\/li>\n<li aria-level=\"1\"><span style=\"font-weight: 400;\">Copas de champagne<\/span><\/li>\n<li aria-level=\"1\"><span style=\"font-weight: 400;\">Decoraci\u00f3n arco de flores<\/span><\/li>\n<li aria-level=\"1\"><b><span style=\"font-weight: 400;\">Planificaci\u00f3n y coordinaci\u00f3n de la propuesta de matrimonio<\/span><\/b><\/li>\n<\/ul>\n<p><b style=\"font-family: inherit;\">Precio: a consultar<\/b><\/p>\n<h3 style=\"text-align: justify;\"><span style=\"font-weight: 400;\">Se puede a\u00f1adir:<\/span><\/h3>\n<ul style=\"text-align: justify;\">\n<li style=\"font-weight: 400;\" aria-level=\"1\"><span style=\"font-weight: 400;\">Vide\u00f3grafo<\/span><\/li>\n<li style=\"font-weight: 400;\" aria-level=\"1\"><span style=\"font-weight: 400;\">M\u00fasica en directo (viol\u00edn)<\/span><\/li>\n<li style=\"font-weight: 400;\" aria-level=\"1\"><span style=\"font-weight: 400;\">Decoraci\u00f3n personalizada<\/span><\/li>\n<li style=\"font-weight: 400;\" aria-level=\"1\"><span style=\"font-weight: 400;\">Cena privada para dos<\/span><\/li>\n<li style=\"font-weight: 400;\" aria-level=\"1\"><a href=\"https:\/\/perfectvenue.es\/es\/product\/flowers-bouquet-for-marriage-proposal\/\"><span style=\"font-weight: 400;\">Ramo de flores<\/span><\/a><\/li>\n<li style=\"font-weight: 400;\" aria-level=\"1\"><span style=\"font-weight: 400;\">\u00a1Configuralo como t\u00fa quieras!<\/span><\/li>\n<\/ul>\n<h3 style=\"text-align: justify;\"><span style=\"font-weight: 400;\">Facilidad de pago<\/span><\/h3>\n<p style=\"text-align: justify;\"><span style=\"font-weight: 400;\">\u00a1S\u00ed! Y es que no es necesario pagar \u00edntegramente el importe de la pedida de mano en una azotea de Madrid. Simplemente es necesario reservar con un adelanto y el resto darla en el d\u00eda del evento.<\/span><\/p>\n<p style=\"text-align: justify;\"><span style=\"font-weight: 400;\">\u00a1Comodidad para ti!<\/span><\/p>\n<p style=\"text-align: justify;\"><b>*Las tarifas no son reembolsables si el evento se cancela por cualquier motivo.<\/b><\/p>\n<p><\/p>","protected":false},"excerpt":{"rendered":"<p style=\"text-align: justify;\"><span style=\"font-weight: 400;\">Esta propuesta ofrece una pedida de mano en una azotea de Madrid, un lugar donde la comodidad y la elegancia se fusionan. Adem\u00e1s, cuenta con espectaculares vistas de Madrid. <\/span><b>Precio: a consultar. Es necesario formalizar la reserva con un adelanto.<\/b><\/p>\n","protected":false},"featured_media":52008,"comment_status":"closed","ping_status":"closed","template":"","meta":[],"class_list":["post-51598","product","type-product","status-publish","has-post-thumbnail","hentry","product_cat-marriage-proposal-packages","product_tag-pedida-de-mano-en-una-azotea-de-madrid","product_tag-pedida-de-mano-en-una-azotea-de-madrid-2026","product_tag-pedida-de-mano-en-una-azotea-de-madrid-elegante"],"_links":{"self":[{"href":"https:\/\/perfectvenue.es\/es\/wp-json\/wp\/v2\/product\/51598","targetHints":{"allow":["GET"]}}],"collection":[{"href":"https:\/\/perfectvenue.es\/es\/wp-json\/wp\/v2\/product"}],"about":[{"href":"https:\/\/perfectvenue.es\/es\/wp-json\/wp\/v2\/types\/product"}],"replies":[{"embeddable":true,"href":"https:\/\/perfectvenue.es\/es\/wp-json\/wp\/v2\/comments?post=51598"}],"wp:featuredmedia":[{"embeddable":true,"href":"https:\/\/perfectvenue.es\/es\/wp-json\/wp\/v2\/media\/52008"}],"wp:attachment":[{"href":"https:\/\/perfectvenue.es\/es\/wp-json\/wp\/v2\/media?parent=51598"}],"curies":[{"name":"wp","href":"https:\/\/api.w.org\/{rel}","templated":true}]}}