{"id":51519,"date":"2025-10-02T13:45:25","date_gmt":"2025-10-02T10:45:25","guid":{"rendered":"https:\/\/perfectvenue.es\/?post_type=product&#038;p=51519"},"modified":"2025-10-03T15:08:42","modified_gmt":"2025-10-03T12:08:42","slug":"proposal-with-a-view-in-madrid","status":"publish","type":"product","link":"https:\/\/perfectvenue.es\/es\/product\/proposal-with-a-view-in-madrid\/","title":{"rendered":"Pedida de mano con vistas en Madrid: descubre el rooftop con piscina"},"content":{"rendered":"<p><\/p>\n<p style=\"text-align: justify;\"><span style=\"font-weight: 400;\">Madrid ofrece infinidad de rincones m\u00e1gicos para declarar amor eterno, pero pocos lugares re\u00fanen tanta elegancia, intimidad y vistas espectaculares como el rooftop con piscina. Este exclusivo espacio en las alturas se ha convertido en uno de los escenarios favoritos para realizar una pedida de mano con vistas en Madrid.<\/span><\/p>\n<p style=\"text-align: justify;\"><span style=\"font-weight: 400;\">Uno de los grandes atractivos de este rooftop es su versatilidad. Ya sea que imagines una pedida privada, con una mesa decorada al detalle y un brindis al atardecer, o una propuesta m\u00e1s elaborada con fot\u00f3grafos, m\u00fasica en vivo o incluso una cena rom\u00e1ntica bajo las estrellas. Nuestro servicio de pedida de mano con vistas en Madrid hace realidad cada deseo.<\/span><\/p>\n<p style=\"text-align: justify;\"><span style=\"font-weight: 400;\">Adem\u00e1s, este tipo de experiencias pueden ser completamente personalizadas: desde la elecci\u00f3n del men\u00fa y la m\u00fasica ambiente hasta la decoraci\u00f3n floral o la forma en la que se entrega el anillo. Tambi\u00e9n nos encargamos de que los empleados del rooftop con piscina est\u00e9n al tanto de cada detalle, para as\u00ed dar la sorpresa en el momento preciso.\u00a0<\/span><\/p>\n<p style=\"text-align: justify;\"><span style=\"font-weight: 400;\">Y es que organizar una pedida de mano con vistas en Madrid es apostar por la emoci\u00f3n, la sorpresa y la belleza. Y en el rooftop con piscina, todo est\u00e1 pensado para que ese momento \u00fanico sea perfecto. Su terraza, moderna y sofisticada, ofrece una panor\u00e1mica inigualable del centro de la ciudad, creando un ambiente \u00edntimo, elegante y lleno de magia. Ideal tanto para una declaraci\u00f3n \u00edntima como para una celebraci\u00f3n posterior con familiares o amigos cercanos.<\/span><\/p>\n<h3 style=\"text-align: justify;\"><span style=\"font-weight: 400;\">Lo que incluye tu pedida de mano en rooftop con piscina con vistas en Madrid:<\/span><\/h3>\n<ul style=\"text-align: justify;\">\n<li aria-level=\"1\"><b><span style=\"font-weight: 400;\">Fot\u00f3grafo<\/span><\/b><\/li>\n<li aria-level=\"1\"><span style=\"font-weight: 400;\">Alquiler de la terraza con piscina (2 horas)<\/span><\/li>\n<li aria-level=\"1\">Decoraci\u00f3n como en las fotos (alfombra roja, flores rojas)<\/li>\n<li aria-level=\"1\"><span style=\"font-weight: 400;\">Organizaci\u00f3n del evento<\/span><\/li>\n<\/ul>\n<p style=\"text-align: justify;\"><b>Precio: desde 990\u20ac + IVA<\/b><\/p>\n<h3 style=\"text-align: justify;\"><span style=\"font-weight: 400;\">Se puede a\u00f1adir:<\/span><\/h3>\n<ul style=\"text-align: justify;\">\n<li style=\"font-weight: 400;\" aria-level=\"1\"><span style=\"font-weight: 400;\">Video<\/span><\/li>\n<li style=\"font-weight: 400;\" aria-level=\"1\"><span style=\"font-weight: 400;\">M\u00fasica en directo<\/span><\/li>\n<li style=\"font-weight: 400;\" aria-level=\"1\"><span style=\"font-weight: 400;\">Ramo de flores<\/span><\/li>\n<li style=\"font-weight: 400;\" aria-level=\"1\"><span style=\"font-weight: 400;\">Decoraci\u00f3n personalizada<\/span><\/li>\n<li style=\"font-weight: 400;\" aria-level=\"1\"><span style=\"font-weight: 400;\">Cena rom\u00e1ntica<\/span><\/li>\n<li style=\"font-weight: 400;\" aria-level=\"1\"><span style=\"font-weight: 400;\">\u00a1Configuralo como t\u00fa quieras!<\/span><\/li>\n<\/ul>\n<h3 style=\"text-align: justify;\"><span style=\"font-weight: 400;\">A tener en cuenta<\/span><\/h3>\n<ul style=\"text-align: justify;\">\n<li style=\"font-weight: 400;\" aria-level=\"1\"><span style=\"font-weight: 400;\">El espacio reservado es para un m\u00e1ximo de 8 personas.<\/span><\/li>\n<li style=\"font-weight: 400;\" aria-level=\"1\"><span style=\"font-weight: 400;\">La restauraci\u00f3n no estar\u00eda incluida, se paga por lo que se consume<\/span><\/li>\n<\/ul>\n<h3 style=\"text-align: justify;\"><span style=\"font-weight: 400;\">Facilidad de pago<\/span><\/h3>\n<p style=\"text-align: justify;\"><span style=\"font-weight: 400;\">Disfruta de nuestro servicio de pedida de mano con vistas en Madrid. \u00a1Despreoc\u00fapate! <\/span><b>El precio es a consultar. No obstante, es necesario reservar con un adelanto y el resto darla en el d\u00eda del evento.<\/b><\/p>\n<p style=\"text-align: justify;\"><span style=\"font-weight: 400;\">\u00a1Comodidad para ti!<\/span><\/p>\n<p style=\"text-align: justify;\"><span style=\"font-weight: 400;\">*Las tarifas no son reembolsables si el evento se cancela por cualquier motivo.<\/span><\/p>\n<p><\/p>","protected":false},"excerpt":{"rendered":"<p style=\"text-align: justify;\"><span style=\"font-weight: 400;\">Una pedida de mano con vistas en Madrid es la propuesta perfecta para tu pareja, haciendo de ello un momento inolvidable en vuestras vidas. <\/span><b>Precio: a consultar. Es necesario formalizar la reserva con un adelanto.<\/b><\/p>\n","protected":false},"featured_media":51565,"comment_status":"closed","ping_status":"closed","template":"","meta":[],"class_list":["post-51519","product","type-product","status-publish","has-post-thumbnail","hentry","product_cat-marriage-proposal-packages","product_tag-pedida-de-mano-terraza-con-piscina","product_tag-rooftop-proposal-madrid","product_tag-rooftop-with-pool-madrid"],"_links":{"self":[{"href":"https:\/\/perfectvenue.es\/es\/wp-json\/wp\/v2\/product\/51519","targetHints":{"allow":["GET"]}}],"collection":[{"href":"https:\/\/perfectvenue.es\/es\/wp-json\/wp\/v2\/product"}],"about":[{"href":"https:\/\/perfectvenue.es\/es\/wp-json\/wp\/v2\/types\/product"}],"replies":[{"embeddable":true,"href":"https:\/\/perfectvenue.es\/es\/wp-json\/wp\/v2\/comments?post=51519"}],"wp:featuredmedia":[{"embeddable":true,"href":"https:\/\/perfectvenue.es\/es\/wp-json\/wp\/v2\/media\/51565"}],"wp:attachment":[{"href":"https:\/\/perfectvenue.es\/es\/wp-json\/wp\/v2\/media?parent=51519"}],"curies":[{"name":"wp","href":"https:\/\/api.w.org\/{rel}","templated":true}]}}