{"id":51474,"date":"2025-10-01T15:30:23","date_gmt":"2025-10-01T12:30:23","guid":{"rendered":"http:\/\/perfectvenue.es\/?post_type=product&#038;p=51474"},"modified":"2026-04-06T17:36:36","modified_gmt":"2026-04-06T14:36:36","slug":"introductory-porcelain-painting-workshop","status":"publish","type":"product","link":"https:\/\/perfectvenue.es\/es\/product\/introductory-porcelain-painting-workshop\/","title":{"rendered":"Taller de iniciaci\u00f3n sobre pintura en porcelana para Navidad: \u00a1convi\u00e9rtete en un experto!"},"content":{"rendered":"<p><\/p>\n<p style=\"text-align: justify;\"><span style=\"font-weight: 400;\">La temporada navide\u00f1a es una excelente oportunidad para que las empresas organicen actividades creativas que promuevan la integraci\u00f3n de equipos, alivien el estr\u00e9s del cierre de a\u00f1o y fomenten el esp\u00edritu festivo. Una propuesta diferente, elegante y profundamente significativa es el taller de iniciaci\u00f3n sobre pintura en porcelana, una actividad que combina arte, relajaci\u00f3n y personalizaci\u00f3n, ideal para celebraciones empresariales en un ambiente distendido y navide\u00f1o.<\/span><\/p>\n<p style=\"text-align: justify;\"><span style=\"font-weight: 400;\">A nivel organizacional, el taller fomenta el trabajo en equipo, ya que los empleados pueden compartir ideas, ayudarse mutuamente con los dise\u00f1os y disfrutar del proceso en un ambiente relajado y colaborativo. Adem\u00e1s, es una excelente forma de visibilizar talentos ocultos y de generar conversaci\u00f3n entre personas que habitualmente no interact\u00faan en su rutina laboral.<\/span><\/p>\n<p style=\"text-align: justify;\"><span style=\"font-weight: 400;\">Como complemento, se puede ofrecer un peque\u00f1o refrigerio con dulces navide\u00f1os, m\u00fasica ambiental, y al final del taller, realizar una exposici\u00f3n de las piezas creadas. Esto a\u00f1ade un valor emocional a la actividad y refuerza el sentimiento de logro colectivo. Incluso puede integrarse un peque\u00f1o concurso amistoso con categor\u00edas como \u201cla pieza m\u00e1s original\u201d o \u201cel mejor esp\u00edritu navide\u00f1o\u201d.<\/span><\/p>\n<p style=\"text-align: justify;\"><span style=\"font-weight: 400;\">Por todo ello, el taller de iniciaci\u00f3n sobre pintura en porcelana es una actividad navide\u00f1a innovadora que permite a las empresas ofrecer una experiencia art\u00edstica, relajante y significativa a sus colaboradores. Es una forma de cerrar el a\u00f1o con creatividad, fomentar la uni\u00f3n del equipo y dejar una huella tangible de una celebraci\u00f3n navide\u00f1a diferente y memorable.<\/span><\/p>\n<h3 style=\"text-align: justify;\"><span style=\"font-weight: 400;\">Lo que incluye el taller de iniciaci\u00f3n sobre pintura en porcelana:<\/span><\/h3>\n<ul>\n<li style=\"text-align: justify;\" aria-level=\"1\"><b><span style=\"font-weight: 400;\">Introducci\u00f3n a la <\/span><span style=\"font-weight: 400;\">pintura en porcelana<\/span><\/b><\/li>\n<li style=\"text-align: justify;\" aria-level=\"1\"><span style=\"font-weight: 400;\">Clase expr\u00e9s con un experto<\/span><\/li>\n<li style=\"text-align: justify;\" aria-level=\"1\"><b><span style=\"font-weight: 400;\">T\u00e9cnicas esenciales<\/span><\/b><\/li>\n<li style=\"text-align: justify;\" aria-level=\"1\"><span style=\"font-weight: 400;\">Pruebas de creatividad\u00a0<\/span><\/li>\n<li aria-level=\"1\"><span style=\"font-weight: 400;\">Pintar sobre diferentes art\u00edculos de porcelana\u00a0<\/span><\/li>\n<li aria-level=\"1\"><span style=\"font-weight: 400;\">Todo el material necesario para el desarrollo de la actividad<\/span><\/li>\n<li aria-level=\"1\"><span style=\"font-weight: 400;\">Copa de vino<\/span><\/li>\n<\/ul>\n<p><b>Precio: 39\u20ac\/pp.<\/b><\/p>\n<h3><span style=\"font-weight: 400;\">Se puede a\u00f1adir:<\/span><\/h3>\n<ul>\n<li style=\"font-weight: 400;\" aria-level=\"1\"><span style=\"font-weight: 400;\">Decoraci\u00f3n tem\u00e1tica<\/span><\/li>\n<li style=\"font-weight: 400;\" aria-level=\"1\"><span style=\"font-weight: 400;\">Picoteo con snacks<\/span><\/li>\n<li style=\"font-weight: 400;\" aria-level=\"1\"><span style=\"font-weight: 400;\">Fot\u00f3grafo<\/span><\/li>\n<li style=\"font-weight: 400;\" aria-level=\"1\"><span style=\"font-weight: 400;\">\u00a1Config\u00faralo como t\u00fa quieras!<\/span><\/li>\n<\/ul>\n<h3><span style=\"font-weight: 400;\">A tener en cuenta:<\/span><\/h3>\n<ul>\n<li style=\"font-weight: 400;\" aria-level=\"1\"><span style=\"font-weight: 400;\">Se requiere un m\u00ednimo de 10 personas<\/span><\/li>\n<\/ul>\n<h3 style=\"text-align: justify;\"><span style=\"font-weight: 400;\">Facilidad de pago<\/span><\/h3>\n<p style=\"text-align: justify;\"><span style=\"font-weight: 400;\">Nuestro taller de iniciaci\u00f3n sobre pintura en porcelana se puede pagar de manera f\u00e1cil y sencilla, \u00a1basta con pagar el d\u00eda del evento!\u00a0<\/span><\/p>\n<p style=\"text-align: justify;\"><span style=\"font-weight: 400;\">Haz de tu celebraci\u00f3n algo especial con nuestro taller navide\u00f1o. \u00a1Disfruta de tu fiesta corporativa!<\/span><\/p>\n<p style=\"text-align: justify;\"><span style=\"font-weight: 400;\">Nota importante: Las tarifas no son reembolsables en caso de cancelaci\u00f3n del evento por cualquier motivo.<\/span><\/p>\n<p><\/p>","protected":false},"excerpt":{"rendered":"<p style=\"text-align: justify;\"><span style=\"font-weight: 400;\">Convierte tu evento en una experiencia \u00fanica con nuestro taller de iniciaci\u00f3n sobre pintura en porcelana. <\/span><b>Precio: 39\u20ac\/pp. Se necesita un m\u00ednimo de 10 personas.<\/b><\/p>\n","protected":false},"featured_media":51475,"comment_status":"closed","ping_status":"closed","template":"","meta":[],"class_list":["post-51474","product","type-product","status-publish","has-post-thumbnail","hentry","product_cat-courses-and-workshops-in-madrid","product_tag-taller-de-iniciacion-sobre-pintura-en-porcelana","product_tag-taller-de-iniciacion-sobre-pintura-en-porcelana-2026","product_tag-taller-de-iniciacion-sobre-pintura-en-porcelana-en-madrid"],"_links":{"self":[{"href":"https:\/\/perfectvenue.es\/es\/wp-json\/wp\/v2\/product\/51474","targetHints":{"allow":["GET"]}}],"collection":[{"href":"https:\/\/perfectvenue.es\/es\/wp-json\/wp\/v2\/product"}],"about":[{"href":"https:\/\/perfectvenue.es\/es\/wp-json\/wp\/v2\/types\/product"}],"replies":[{"embeddable":true,"href":"https:\/\/perfectvenue.es\/es\/wp-json\/wp\/v2\/comments?post=51474"}],"wp:featuredmedia":[{"embeddable":true,"href":"https:\/\/perfectvenue.es\/es\/wp-json\/wp\/v2\/media\/51475"}],"wp:attachment":[{"href":"https:\/\/perfectvenue.es\/es\/wp-json\/wp\/v2\/media?parent=51474"}],"curies":[{"name":"wp","href":"https:\/\/api.w.org\/{rel}","templated":true}]}}