{"id":51273,"date":"2026-03-10T10:15:50","date_gmt":"2026-03-10T07:15:50","guid":{"rendered":"https:\/\/perfectvenue.es\/?post_type=product&#038;p=51273"},"modified":"2026-03-10T12:32:41","modified_gmt":"2026-03-10T09:32:41","slug":"marriage-proposal-in-mallorca-es-vergeret","status":"publish","type":"product","link":"https:\/\/perfectvenue.es\/es\/product\/marriage-proposal-in-mallorca-es-vergeret\/","title":{"rendered":"Pedida de mano en Mallorca en el restaurante Es Vergeret con mesa privada y vistas al mar"},"content":{"rendered":"<p><\/p>\n<p style=\"text-align: justify;\"><span style=\"font-weight: 400;\">Este pack ofrece una experiencia \u00fanica para quienes desean vivir una pedida de mano en Mallorca en el restaurante Es Vergeret, un enclave privilegiado con vistas espectaculares a la costa mallorquina. Situado sobre un acantilado en plena Serra de Tramuntana, este restaurante combina la belleza natural del entorno con la elegancia de una propuesta \u00edntima y rom\u00e1ntica.<\/span><\/p>\n<p style=\"text-align: justify;\"><span style=\"font-weight: 400;\">La experiencia comienza con una mesa privada reservada exclusivamente para la pareja, ubicada en un espacio con vistas directas al mar. Cada detalle se cuida con mimo para crear un ambiente c\u00e1lido y sofisticado, donde solo importan los protagonistas de la velada. La brisa marina, el sonido de las olas y la luz del atardecer acompa\u00f1an la atm\u00f3sfera perfecta para un momento tan especial.<\/span><\/p>\n<p style=\"text-align: justify;\"><span style=\"font-weight: 400;\">La propuesta gastron\u00f3mica est\u00e1 dise\u00f1ada para deleitar con sabores mediterr\u00e1neos de alta calidad, preparados con ingredientes frescos y locales. La cena \u00edntima con vistas al mar se convierte en parte esencial de la experiencia, transformando la velada en un viaje sensorial que acompa\u00f1a la emoci\u00f3n de la pedida de mano.<\/span><\/p>\n<p style=\"text-align: justify;\"><span style=\"font-weight: 400;\">Un fot\u00f3grafo profesional estar\u00e1 presente de manera discreta durante toda la experiencia, capturando las miradas, sonrisas y gestos de complicidad. De esta forma, la pareja tendr\u00e1 un recuerdo aut\u00e9ntico y lleno de sentimiento de ese instante tan esperado.<\/span><\/p>\n<p style=\"text-align: justify;\"><span style=\"font-weight: 400;\">Esta pedida de mano en Mallorca en el restaurante Es Vergeret con mesa privada y vistas al mar es la elecci\u00f3n perfecta para parejas que desean un momento \u00edntimo, elegante y rodeado de la incomparable belleza mediterr\u00e1nea.<\/span><\/p>\n<h3 style=\"text-align: justify;\"><span style=\"font-weight: 400;\">Lo que incluye tu pedida de mano en Mallorca en el restaurante Es Vergeret:\u00a0<\/span><\/h3>\n<ul style=\"text-align: justify;\">\n<li aria-level=\"1\"><b><span style=\"font-weight: 400;\">Fot\u00f3grafo<\/span><\/b><\/li>\n<li aria-level=\"1\"><span style=\"font-weight: 400;\">Mesa privada\u00a0<\/span><\/li>\n<li aria-level=\"1\"><span style=\"font-weight: 400;\">Cena para dos personas<\/span><\/li>\n<li aria-level=\"1\"><b><span style=\"font-weight: 400;\">Planificaci\u00f3n y coordinaci\u00f3n de la propuesta de matrimonio<\/span><\/b><\/li>\n<\/ul>\n<p style=\"text-align: justify;\"><strong>Precio: desde 980 \u20ac + IVA<\/strong><\/p>\n<h3 style=\"text-align: justify;\"><span style=\"font-weight: 400;\">Se puede a\u00f1adir:<\/span><\/h3>\n<ul style=\"text-align: justify;\">\n<li style=\"font-weight: 400;\" aria-level=\"1\">V\u00eddeo (desde 290\u20ac)<\/li>\n<li style=\"font-weight: 400;\" aria-level=\"1\">Ramo de flores (desde 60\u20ac)<\/li>\n<li style=\"font-weight: 400;\" aria-level=\"1\">M\u00fasica en directo (desde 250\u20ac)<\/li>\n<li style=\"font-weight: 400;\" aria-level=\"1\">Decoraci\u00f3n extra (desde 200\u20ac)<\/li>\n<li style=\"font-weight: 400;\" aria-level=\"1\"><span style=\"font-weight: 400;\">\u00a1Configuralo como t\u00fa quieras!<\/span><\/li>\n<\/ul>\n<h3 style=\"text-align: justify;\"><span style=\"font-weight: 400;\">Facilidad de pago<\/span><\/h3>\n<p style=\"text-align: justify;\"><span style=\"font-weight: 400;\">\u00a1S\u00ed! Y es que no es necesario pagar \u00edntegramente el importe de la pedida de mano en Mallorca en el restaurante Es Vergeret. Simplemente es necesario reservar con un adelanto y el resto darla en el d\u00eda del evento.<\/span><\/p>\n<p style=\"text-align: justify;\"><span style=\"font-weight: 400;\">\u00a1Comodidad para ti!<\/span><\/p>\n<p style=\"text-align: justify;\"><span style=\"font-weight: 400;\">*Las tarifas no son reembolsables si el evento se cancela por cualquier motivo.<\/span><\/p>\n<p><\/p>","protected":false},"excerpt":{"rendered":"<p style=\"text-align: justify;\"><span style=\"font-weight: 400;\">Una pedida de mano en Mallorca en el restaurante Es Vergeret con mesa privada y vistas al mar es la propuesta perfecta para tu pareja, haciendo de ello un momento inolvidable en vuestras vidas. <strong>Precio: desde 980 \u20ac + IVA.<\/strong><\/span><b>\u00a0Es necesario formalizar la reserva con un adelanto.<\/b><\/p>\n","protected":false},"featured_media":51276,"comment_status":"closed","ping_status":"closed","template":"","meta":[],"class_list":["post-51273","product","type-product","status-publish","has-post-thumbnail","hentry","product_cat-marriage-proposal-packages","product_tag-pedida-de-mano-en-mallorca","product_tag-pedida-de-mano-en-mallorca-en-el-restaurante-es-vergeret","product_tag-pedida-de-mano-en-mallorca-en-el-restaurante-es-vergeret-2026"],"_links":{"self":[{"href":"https:\/\/perfectvenue.es\/es\/wp-json\/wp\/v2\/product\/51273","targetHints":{"allow":["GET"]}}],"collection":[{"href":"https:\/\/perfectvenue.es\/es\/wp-json\/wp\/v2\/product"}],"about":[{"href":"https:\/\/perfectvenue.es\/es\/wp-json\/wp\/v2\/types\/product"}],"replies":[{"embeddable":true,"href":"https:\/\/perfectvenue.es\/es\/wp-json\/wp\/v2\/comments?post=51273"}],"wp:featuredmedia":[{"embeddable":true,"href":"https:\/\/perfectvenue.es\/es\/wp-json\/wp\/v2\/media\/51276"}],"wp:attachment":[{"href":"https:\/\/perfectvenue.es\/es\/wp-json\/wp\/v2\/media?parent=51273"}],"curies":[{"name":"wp","href":"https:\/\/api.w.org\/{rel}","templated":true}]}}