{"id":51267,"date":"2026-02-12T08:43:10","date_gmt":"2026-02-12T05:43:10","guid":{"rendered":"https:\/\/perfectvenue.es\/?post_type=product&#038;p=51267"},"modified":"2026-02-12T11:23:40","modified_gmt":"2026-02-12T08:23:40","slug":"marriage-proposal-in-mallorca-jumeirah-hotel","status":"publish","type":"product","link":"https:\/\/perfectvenue.es\/es\/product\/marriage-proposal-in-mallorca-jumeirah-hotel\/","title":{"rendered":"Una pedida de mano en Mallorca en el Hotel Jumeirah, un momento de lujo"},"content":{"rendered":"<p><\/p>\n<p style=\"text-align: justify;\"><span style=\"font-weight: 400;\">Este pack exclusivo ofrece la posibilidad de vivir una pedida de mano en Mallorca en el Hotel Jumeirah, uno de los enclaves m\u00e1s lujosos y emblem\u00e1ticos de la isla. Situado sobre los acantilados de la costa mallorquina, el hotel regala unas vistas impresionantes al Mediterr\u00e1neo, convirti\u00e9ndose en el marco perfecto para una declaraci\u00f3n inolvidable.<\/span><\/p>\n<p style=\"text-align: justify;\"><span style=\"font-weight: 400;\">La experiencia comienza con el acceso a una mesa privada preparada \u00fanicamente para vosotros, en un espacio elegante y con la m\u00e1xima privacidad. Un camarero privado estar\u00e1 a vuestra disposici\u00f3n durante toda la velada, asegur\u00e1ndose de que cada detalle fluya con naturalidad y confort. La atm\u00f3sfera, cuidada al mil\u00edmetro, combina romanticismo, exclusividad y el encanto inigualable del entorno mallorqu\u00edn.<\/span><\/p>\n<p style=\"text-align: justify;\"><span style=\"font-weight: 400;\">El momento gastron\u00f3mico llega con un men\u00fa degustaci\u00f3n de 5 pases dise\u00f1ado para dos personas, donde cada plato es una obra de arte que fusiona sabores mediterr\u00e1neos con influencias internacionales. Desde los aperitivos hasta el postre, cada propuesta est\u00e1 pensada para sorprender y acompa\u00f1ar la emoci\u00f3n de una noche que quedar\u00e1 marcada para siempre.<\/span><\/p>\n<p style=\"text-align: justify;\"><span style=\"font-weight: 400;\">Durante toda la experiencia, un fot\u00f3grafo profesional capturar\u00e1 discretamente cada mirada, sonrisa y gesto de complicidad. De esta manera, podr\u00e9is revivir una y otra vez el instante exacto en que se formula la gran pregunta, con el Mediterr\u00e1neo como tel\u00f3n de fondo.<\/span><\/p>\n<p style=\"text-align: justify;\"><span style=\"font-weight: 400;\">Esta pedida de mano en Mallorca en el Hotel Jumeirah es ideal para parejas que buscan vivir un momento exclusivo, \u00edntimo y lleno de detalles que conviertan el \u201cs\u00ed, quiero\u201d en una experiencia m\u00e1gica frente al mar.<\/span><\/p>\n<h3 style=\"text-align: justify;\"><span style=\"font-weight: 400;\">Lo que incluye tu pedida de mano en Mallorca en el hotel Jumeirah:\u00a0<\/span><\/h3>\n<ul style=\"text-align: justify;\">\n<li aria-level=\"1\"><b><span style=\"font-weight: 400;\">Fot\u00f3grafo<\/span><\/b><\/li>\n<li aria-level=\"1\"><span style=\"font-weight: 400;\">Mesa privada\u00a0<\/span><\/li>\n<li aria-level=\"1\"><span style=\"font-weight: 400;\">Camarero privado<\/span><\/li>\n<li aria-level=\"1\"><span style=\"font-weight: 400;\">Cena para dos personas<\/span><\/li>\n<li aria-level=\"1\"><b><span style=\"font-weight: 400;\">Planificaci\u00f3n y coordinaci\u00f3n de la propuesta de matrimonio<\/span><\/b><\/li>\n<\/ul>\n<p style=\"text-align: justify;\"><b>Precio: a consultar<\/b><\/p>\n<h3 style=\"text-align: justify;\"><span style=\"font-weight: 400;\">Se puede a\u00f1adir:<\/span><\/h3>\n<ul style=\"text-align: justify;\">\n<li style=\"font-weight: 400;\" aria-level=\"1\"><span style=\"font-weight: 400;\">Decoraci\u00f3n<\/span><\/li>\n<li aria-level=\"1\">Ramo de flores<\/li>\n<li style=\"font-weight: 400;\" aria-level=\"1\"><span style=\"font-weight: 400;\">Vide\u00f3grafo<\/span><\/li>\n<li style=\"font-weight: 400;\" aria-level=\"1\"><span style=\"font-weight: 400;\">M\u00fasica en directo<\/span><\/li>\n<li style=\"font-weight: 400;\" aria-level=\"1\"><span style=\"font-weight: 400;\">Transporte<\/span><\/li>\n<li style=\"font-weight: 400;\" aria-level=\"1\"><span style=\"font-weight: 400;\">\u00a1Configuralo como t\u00fa quieras!<\/span><\/li>\n<\/ul>\n<h3 style=\"text-align: justify;\"><span style=\"font-weight: 400;\">Facilidad de pago<\/span><\/h3>\n<p style=\"text-align: justify;\"><span style=\"font-weight: 400;\">\u00a1S\u00ed! Y es que no es necesario pagar \u00edntegramente el importe de la pedida de mano en Mallorca en el hotel Jumeirah. Simplemente es necesario reservar con un adelanto y el resto darla en el d\u00eda del evento.<\/span><\/p>\n<p style=\"text-align: justify;\"><span style=\"font-weight: 400;\">\u00a1Comodidad para ti!<\/span><\/p>\n<p style=\"text-align: justify;\"><span style=\"font-weight: 400;\">*Las tarifas no son reembolsables si el evento se cancela por cualquier motivo.<\/span><\/p>\n<p><\/p>","protected":false},"excerpt":{"rendered":"<p style=\"text-align: justify;\"><span style=\"font-weight: 400;\">Una pedida de mano en Mallorca en el Hotel Jumeirah es la propuesta perfecta para tu pareja, haciendo de ello un momento inolvidable en vuestras vidas. <\/span><b>Precio: a consultar. Es necesario formalizar la reserva con un adelanto.<\/b><\/p>\n","protected":false},"featured_media":50900,"comment_status":"closed","ping_status":"closed","template":"","meta":[],"class_list":["post-51267","product","type-product","status-publish","has-post-thumbnail","hentry","product_cat-marriage-proposal-packages","product_tag-mallorca-proposal","product_tag-pedida-de-mano-jumeirah-port-soler","product_tag-proposal-jumeirah-port-soler"],"_links":{"self":[{"href":"https:\/\/perfectvenue.es\/es\/wp-json\/wp\/v2\/product\/51267","targetHints":{"allow":["GET"]}}],"collection":[{"href":"https:\/\/perfectvenue.es\/es\/wp-json\/wp\/v2\/product"}],"about":[{"href":"https:\/\/perfectvenue.es\/es\/wp-json\/wp\/v2\/types\/product"}],"replies":[{"embeddable":true,"href":"https:\/\/perfectvenue.es\/es\/wp-json\/wp\/v2\/comments?post=51267"}],"wp:featuredmedia":[{"embeddable":true,"href":"https:\/\/perfectvenue.es\/es\/wp-json\/wp\/v2\/media\/50900"}],"wp:attachment":[{"href":"https:\/\/perfectvenue.es\/es\/wp-json\/wp\/v2\/media?parent=51267"}],"curies":[{"name":"wp","href":"https:\/\/api.w.org\/{rel}","templated":true}]}}