{"id":51261,"date":"2026-03-10T11:25:30","date_gmt":"2026-03-10T08:25:30","guid":{"rendered":"http:\/\/perfectvenue.es\/?post_type=product&#038;p=51261"},"modified":"2026-03-10T12:32:27","modified_gmt":"2026-03-10T09:32:27","slug":"marriage-proposal-in-mallorca-mariluz-restaurant","status":"publish","type":"product","link":"https:\/\/perfectvenue.es\/es\/product\/marriage-proposal-in-mallorca-mariluz-restaurant\/","title":{"rendered":"Pedida de mano en Mallorca en el restaurante Mariluz con vistas a la bah\u00eda"},"content":{"rendered":"<p><\/p>\n<p style=\"text-align: justify;\"><span style=\"font-weight: 400;\">Este pack te ofrece una pedida de mano en Mallorca en el restaurante Mariluz, un lugar con encanto situado frente a la bah\u00eda, donde la brisa marina y las vistas panor\u00e1micas se convierten en el escenario perfecto para un momento tan especial. Con un ambiente c\u00e1lido y elegante, este restaurante se transforma en el lugar ideal para sellar un \u201cs\u00ed, quiero\u201d inolvidable en la isla.<\/span><\/p>\n<p style=\"text-align: justify;\"><span style=\"font-weight: 400;\">La experiencia comienza con una mesa reservada en un espacio \u00edntimo y apartado dentro del restaurante, pensada para que la pareja disfrute de la m\u00e1xima privacidad sin perder la conexi\u00f3n con el entorno. Todo est\u00e1 cuidado con mimo y detalle, creando un ambiente rom\u00e1ntico que invita a disfrutar de la ocasi\u00f3n con total complicidad.<\/span><\/p>\n<p style=\"text-align: justify;\"><span style=\"font-weight: 400;\">Seguidamente, os espera una cena con vistas a la bah\u00eda, dise\u00f1ada para deleitar con sabores mediterr\u00e1neos y platos elaborados con ingredientes frescos de la m\u00e1s alta calidad. Cada bocado se convierte en parte de una experiencia gastron\u00f3mica que acompa\u00f1a la emoci\u00f3n de la velada.<\/span><\/p>\n<p style=\"text-align: justify;\"><span style=\"font-weight: 400;\">Durante toda la cena, un fot\u00f3grafo profesional estar\u00e1 presente de manera discreta, capturando las miradas, gestos y emociones de la pareja. As\u00ed, cada instante quedar\u00e1 inmortalizado en im\u00e1genes llenas de autenticidad y sentimiento.<\/span><\/p>\n<p style=\"text-align: justify;\"><span style=\"font-weight: 400;\">El gran momento llega cuando, bajo las luces nocturnas de la bah\u00eda y con el reflejo del mar como testigo, se formula la gran pregunta. La atm\u00f3sfera rom\u00e1ntica y la magia del entorno hacen que la propuesta se convierta en un recuerdo eterno.<\/span><\/p>\n<p style=\"text-align: justify;\"><span style=\"font-weight: 400;\">Esta pedida de mano en Mallorca en el restaurante Mariluz con vistas a la bah\u00eda es perfecta para quienes buscan una propuesta rom\u00e1ntica, \u00edntima y con la esencia del Mediterr\u00e1neo como tel\u00f3n de fondo.<\/span><\/p>\n<h3 style=\"text-align: justify;\"><span style=\"font-weight: 400;\">Lo que incluye tu pedida de mano en Mallorca en el restaurante Mariluz con vistas a la bah\u00eda:\u00a0<\/span><\/h3>\n<ul style=\"text-align: justify;\">\n<li aria-level=\"1\"><b><span style=\"font-weight: 400;\">Fot\u00f3grafo<\/span><\/b><\/li>\n<li aria-level=\"1\"><span style=\"font-weight: 400;\">Mesa reservada<\/span><\/li>\n<li aria-level=\"1\"><span style=\"font-weight: 400;\">Cena para dos personas<\/span><\/li>\n<li aria-level=\"1\"><b><span style=\"font-weight: 400;\">Planificaci\u00f3n y coordinaci\u00f3n de la propuesta de matrimonio<\/span><\/b><\/li>\n<\/ul>\n<p style=\"text-align: justify;\"><strong>Precio: desde 690 \u20ac + IVA<\/strong><\/p>\n<h3 style=\"text-align: justify;\"><span style=\"font-weight: 400;\">Se puede a\u00f1adir:<\/span><\/h3>\n<ul style=\"text-align: justify;\">\n<li aria-level=\"1\">V\u00eddeo (desde 290\u20ac)<\/li>\n<li style=\"font-weight: 400;\" aria-level=\"1\">Ramo de flores (desde 60\u20ac)<\/li>\n<li style=\"font-weight: 400;\" aria-level=\"1\">M\u00fasica en directo (desde 250\u20ac)<\/li>\n<li style=\"font-weight: 400;\" aria-level=\"1\">Decoraci\u00f3n extra (desde 200\u20ac)<\/li>\n<li style=\"font-weight: 400;\" aria-level=\"1\"><span style=\"font-weight: 400;\">\u00a1Configuralo como t\u00fa quieras!<\/span><\/li>\n<\/ul>\n<h3 style=\"text-align: justify;\"><span style=\"font-weight: 400;\">Facilidad de pago<\/span><\/h3>\n<p style=\"text-align: justify;\"><span style=\"font-weight: 400;\">\u00a1S\u00ed! Y es que no es necesario pagar \u00edntegramente el importe de la pedida de mano en Mallorca en el restaurante Mariluz. Simplemente es necesario reservar con un adelanto y el resto darla en el d\u00eda del evento.<\/span><\/p>\n<p style=\"text-align: justify;\"><span style=\"font-weight: 400;\">\u00a1Comodidad para ti!<\/span><\/p>\n<p style=\"text-align: justify;\"><span style=\"font-weight: 400;\">*Las tarifas no son reembolsables si el evento se cancela por cualquier motivo.<\/span><\/p>\n<p><\/p>","protected":false},"excerpt":{"rendered":"<p style=\"text-align: justify;\"><span style=\"font-weight: 400;\">Una pedida de mano en Mallorca en el restaurante Mariluz con vistas a la bah\u00eda es la propuesta perfecta para tu pareja, haciendo de ello un momento inolvidable en vuestras vidas. <strong>Precio: desde 690 \u20ac + IVA<\/strong><\/span><b>. Es necesario formalizar la reserva con un adelanto.<\/b><\/p>\n","protected":false},"featured_media":51266,"comment_status":"closed","ping_status":"closed","template":"","meta":[],"class_list":["post-51261","product","type-product","status-publish","has-post-thumbnail","hentry","product_cat-marriage-proposal-packages","product_tag-pedida-de-mano-en-mallorca","product_tag-pedida-de-mano-en-mallorca-en-el-restaurante-mariluz","product_tag-pedida-de-mano-en-mallorca-en-el-restaurante-mariluz-elegante"],"_links":{"self":[{"href":"https:\/\/perfectvenue.es\/es\/wp-json\/wp\/v2\/product\/51261","targetHints":{"allow":["GET"]}}],"collection":[{"href":"https:\/\/perfectvenue.es\/es\/wp-json\/wp\/v2\/product"}],"about":[{"href":"https:\/\/perfectvenue.es\/es\/wp-json\/wp\/v2\/types\/product"}],"replies":[{"embeddable":true,"href":"https:\/\/perfectvenue.es\/es\/wp-json\/wp\/v2\/comments?post=51261"}],"wp:featuredmedia":[{"embeddable":true,"href":"https:\/\/perfectvenue.es\/es\/wp-json\/wp\/v2\/media\/51266"}],"wp:attachment":[{"href":"https:\/\/perfectvenue.es\/es\/wp-json\/wp\/v2\/media?parent=51261"}],"curies":[{"name":"wp","href":"https:\/\/api.w.org\/{rel}","templated":true}]}}