{"id":51254,"date":"2026-03-17T10:25:45","date_gmt":"2026-03-17T07:25:45","guid":{"rendered":"https:\/\/perfectvenue.es\/?post_type=product&#038;p=51254"},"modified":"2026-03-17T12:55:31","modified_gmt":"2026-03-17T09:55:31","slug":"proposal-at-sa-vinyassa","status":"publish","type":"product","link":"https:\/\/perfectvenue.es\/es\/product\/proposal-at-sa-vinyassa\/","title":{"rendered":"Pedida de mano en Sa Vinyassa: una experiencia rom\u00e1ntica en un naranjal"},"content":{"rendered":"<p><\/p>\n<p style=\"text-align: justify;\">Si sue\u00f1as con una propuesta de matrimonio verdaderamente \u00fanica y rom\u00e1ntica en Mallorca, el huerto de naranjos de Sa Vinyassa en S\u00f3ller es uno de los lugares m\u00e1s encantadores de la isla. Enclavado en el coraz\u00f3n de la Serra de Tramuntana, Patrimonio de la Humanidad por la UNESCO, este m\u00e1gico jard\u00edn ofrece un entorno tranquilo, aut\u00e9ntico y de belleza natural para uno de los momentos m\u00e1s importantes de tu vida. Por eso, realizar tu pedida de mano en Sa Vinyassa es m\u00e1s que un acierto.<\/p>\n<p style=\"text-align: justify;\">Elegir Sa Vinyassa para tu compromiso en Mallorca significa elegir intimidad, belleza natural y autenticidad. Ya sea que prefir\u00e1is un ambiente sencillo y rom\u00e1ntico o uno m\u00e1s elegante con arreglos florales, velas y decoraci\u00f3n, todo se puede personalizar para reflejar vuestra relaci\u00f3n \u00fanica.<\/p>\n<p style=\"text-align: justify;\">Imagina caminar de la mano entre hileras de fragantes naranjos y limoneros, rodeados de impresionantes vistas a la monta\u00f1a, antes de sorprender a tu pareja con la pregunta definitiva: &#8220;\u00bfQuieres casarte conmigo?&#8221;.<\/p>\n<p style=\"text-align: justify;\">Como organizadores profesionales de propuestas de matrimonio en Mallorca, nos encargamos de cada detalle para que puedas relajarte y simplemente disfrutar del momento.<\/p>\n<p style=\"text-align: justify;\">Por eso, haced que vuestra pedida de mano en Mallorca no sea solo una pregunta, sino un recuerdo que guardar\u00e9is para siempre.<\/p>\n<h3 style=\"text-align: justify;\">El paquete de pedida de mano en Sa Vinyassa incluye:<\/h3>\n<ul>\n<li style=\"text-align: justify;\"><strong>Planificaci\u00f3n y coordinaci\u00f3n completas<\/strong>: Dise\u00f1aremos y organizaremos tu propuesta de principio a fin, garantizando una experiencia fluida y sin estr\u00e9s. Desde la elecci\u00f3n del lugar perfecto en el huerto hasta la planificaci\u00f3n de cada detalle, todo se adaptar\u00e1 a tu historia de amor.<\/li>\n<li style=\"text-align: justify;\"><span style=\"font-family: inherit;\"><strong>Fot\u00f3grafo profesional en Mallorca<\/strong>: Un fot\u00f3grafo discreto y experimentado estar\u00e1 ah\u00ed para capturar cada emoci\u00f3n, cada sonrisa y, por supuesto, el inolvidable momento del &#8220;s\u00ed&#8221;. Recibir\u00e1s una hermosa galer\u00eda de im\u00e1genes de alta calidad que atesorar\u00e1s para siempre.<\/span><\/li>\n<li style=\"text-align: justify;\"><span style=\"font-family: inherit;\"><strong>Aut\u00e9ntica experiencia mallorquina<\/strong>: Decoraci\u00f3n con coraz\u00f3n de lim\u00f3n.<\/span><\/li>\n<\/ul>\n<p><strong>Precio: desde 490 \u20ac + IVA<\/strong><\/p>\n<h3>Puedes a\u00f1adir:<\/h3>\n<ul>\n<li style=\"text-align: justify;\">V\u00eddeo (desde 290\u20ac)<\/li>\n<li style=\"text-align: justify;\">Ramo de flores (desde 60\u20ac)<\/li>\n<li style=\"text-align: justify;\">M\u00fasica en directo (desde 250\u20ac)<\/li>\n<li>Decoraci\u00f3n extra (desde 200\u20ac)<\/li>\n<li style=\"text-align: justify;\">Transporte (consultar precio)<\/li>\n<li style=\"text-align: justify;\">\u00a1Config\u00faralo a tu gusto!<\/li>\n<\/ul>\n<h3>Pago f\u00e1cil<\/h3>\n<p>\u00a1S\u00ed! No es necesario pagar el importe total de la experiencia de tu pedida de mano en el jard\u00edn de sa Vinyassa. <strong>Simplemente reserva con un anticipo de 280 \u20ac y paga el resto el d\u00eda del evento.<\/strong><\/p>\n<p>\u00a1Comodidad para ti!<\/p>\n<p>*Las tarifas no son reembolsables si el evento se cancela por cualquier motivo.<\/p>","protected":false},"excerpt":{"rendered":"<p style=\"text-align: justify;\">Pedida de mano en Sa Vinyassa: una experiencia rom\u00e1ntica en un naranjal. <strong>Precio: desde 490\u20ac + IVA. Reserva de 280\u20ac y paga el resto el d\u00eda del evento.<\/strong><\/p>\n","protected":false},"featured_media":54564,"comment_status":"closed","ping_status":"closed","template":"","meta":[],"class_list":["post-51254","product","type-product","status-publish","has-post-thumbnail","hentry","product_cat-marriage-proposal-packages","product_tag-pedida-de-mano-en-sa-vinyassa","product_tag-pedida-de-mano-en-sa-vinyassa-2026","product_tag-pedida-de-mano-en-sa-vinyassa-magica"],"_links":{"self":[{"href":"https:\/\/perfectvenue.es\/es\/wp-json\/wp\/v2\/product\/51254","targetHints":{"allow":["GET"]}}],"collection":[{"href":"https:\/\/perfectvenue.es\/es\/wp-json\/wp\/v2\/product"}],"about":[{"href":"https:\/\/perfectvenue.es\/es\/wp-json\/wp\/v2\/types\/product"}],"replies":[{"embeddable":true,"href":"https:\/\/perfectvenue.es\/es\/wp-json\/wp\/v2\/comments?post=51254"}],"wp:featuredmedia":[{"embeddable":true,"href":"https:\/\/perfectvenue.es\/es\/wp-json\/wp\/v2\/media\/54564"}],"wp:attachment":[{"href":"https:\/\/perfectvenue.es\/es\/wp-json\/wp\/v2\/media?parent=51254"}],"curies":[{"name":"wp","href":"https:\/\/api.w.org\/{rel}","templated":true}]}}