{"id":51241,"date":"2026-02-12T11:03:30","date_gmt":"2026-02-12T08:03:30","guid":{"rendered":"https:\/\/perfectvenue.es\/?post_type=product&#038;p=51241"},"modified":"2026-02-16T20:09:53","modified_gmt":"2026-02-16T17:09:53","slug":"proposal-in-salou","status":"publish","type":"product","link":"https:\/\/perfectvenue.es\/es\/product\/proposal-in-salou\/","title":{"rendered":"Una pedida de mano en Salou con letras \u201cMARRY ME\u201d iluminadas en la playa"},"content":{"rendered":"<p><\/p>\n<p style=\"text-align: justify;\"><span style=\"font-weight: 400;\">En un rinc\u00f3n de la costa Dorada puedes realizar tu pedida de mano en Salou, donde el mar, el atardecer y la brisa mediterr\u00e1nea se combinan para crear un ambiente inolvidable. Con su variedad de playas y calas, ofrece m\u00faltiples opciones para este tipo de sorpresa: desde la Cala Crancs hasta una zona m\u00e1s abierta en la Playa Larga. Tambi\u00e9n es posible organizarlo en una terraza con vistas al mar o en un hotel boutique con acceso privado a la playa.<\/span><\/p>\n<p style=\"text-align: justify;\"><span style=\"font-weight: 400;\">Esta pedida de mano en Salou es perfecta para quienes desean sorprender a su pareja con un gesto rom\u00e1ntico, elegante y cuidadosamente planeado. Por eso, nuestro servicio incluye la organizaci\u00f3n de la pedida, las letras de madera iluminadas, los p\u00e9talos de rosa, el fot\u00f3grafo y dos copas de champagne para brindar. \u00a1Super rom\u00e1ntico!<\/span><\/p>\n<p style=\"text-align: justify;\"><span style=\"font-weight: 400;\">El coraz\u00f3n hecho con p\u00e9talos de rosa, dispuesto sobre la arena o en un espacio privado con vistas al mar, es el complemento ideal. Pod\u00e9is caminar juntos hacia el coraz\u00f3n para el momento de la propuesta, pero tambi\u00e9n para realizar fotos inolvidables, lo que convierte el escenario en algo inolvidable. No obstante, tambi\u00e9n puedes incluir m\u00fasica en directo, un vide\u00f3grafo, un ramo de flores, y decoraci\u00f3n extra, \u00a1a tu gusto!<\/span><\/p>\n<p style=\"text-align: justify;\"><span style=\"font-weight: 400;\">En definitiva, una pedida de mano en Salou con letras de madera iluminadas &#8220;Marry Me&#8221; y un coraz\u00f3n de p\u00e9talos de rosa es una forma \u00fanica y profundamente emotiva de decir \u201cquiero pasar el resto de mi vida contigo\u201d. Un momento que quedar\u00e1 grabado para siempre en la memoria y en el coraz\u00f3n de ambos.<\/span><\/p>\n<h3><span style=\"font-weight: 400;\">Lo que incluye tu pedida de mano en Salou:<\/span><\/h3>\n<ul>\n<li aria-level=\"1\"><b><span style=\"font-weight: 400;\">Fot\u00f3grafo<\/span><\/b><\/li>\n<li aria-level=\"1\"><span style=\"font-weight: 400;\">Decoraci\u00f3n con letras iluminadas \u201cMARRY ME\u201d\u00a0<\/span><\/li>\n<li aria-level=\"1\"><span style=\"font-weight: 400;\">Coraz\u00f3n con p\u00e9talos de rosa<\/span><\/li>\n<li aria-level=\"1\"><b><span style=\"font-weight: 400;\">Organizaci\u00f3n de la propuesta de matrimonio<\/span><\/b><\/li>\n<\/ul>\n<p><b style=\"font-family: inherit;\">Precio: desde 490 euros + IVA<\/b><\/p>\n<h3><span style=\"font-weight: 400;\">Se puede a\u00f1adir:<\/span><\/h3>\n<ul>\n<li style=\"font-weight: 400;\" aria-level=\"1\"><span style=\"font-weight: 400;\">Video<\/span><\/li>\n<li aria-level=\"1\">Cava<\/li>\n<li style=\"font-weight: 400;\" aria-level=\"1\"><span style=\"font-weight: 400;\">M\u00fasica en directo<\/span><\/li>\n<li style=\"font-weight: 400;\" aria-level=\"1\"><span style=\"font-weight: 400;\">Ramo de flores<\/span><\/li>\n<li style=\"font-weight: 400;\" aria-level=\"1\"><span style=\"font-weight: 400;\">Decoraci\u00f3n extra<\/span><\/li>\n<li style=\"font-weight: 400;\" aria-level=\"1\"><span style=\"font-weight: 400;\">\u00a1Configuralo como t\u00fa quieras!<\/span><\/li>\n<\/ul>\n<h3><span style=\"font-weight: 400;\">Facilidad de pago<\/span><\/h3>\n<p><span style=\"font-weight: 400;\">No es necesario pagar \u00edntegramente el importe de la pedida de mano en Salou. Simplemente es necesario reservar con un adelanto (240 euros) y el resto darlo en el d\u00eda del evento. Por eso, \u00a1despreocupate y disfruta de tu d\u00eda!<\/span><\/p>\n<p><span style=\"font-weight: 400;\">\u00a1Comodidad para ti!<\/span><\/p>\n<p><span style=\"font-weight: 400;\">*Las tarifas no son reembolsables si el evento se cancela por cualquier motivo.<\/span><\/p>","protected":false},"excerpt":{"rendered":"<p style=\"text-align: justify;\"><b><span style=\"font-weight: 400;\">Una pedida de mano en Salou con letras \u201cMARRY ME\u201d en la playa es la propuesta perfecta para tu pareja. Crea un escenario rom\u00e1ntico al atardecer para empezar vuestra nueva vida en com\u00fan. <\/span>Precio: desde 490 euros + IVA. Es necesario formalizar la reserva (240 euros) con un adelanto.<\/b><\/p>\n","protected":false},"featured_media":51242,"comment_status":"closed","ping_status":"closed","template":"","meta":[],"class_list":["post-51241","product","type-product","status-publish","has-post-thumbnail","hentry","product_cat-marriage-proposal-packages","product_tag-pedida-de-mano-en-salou","product_tag-pedida-de-mano-en-salou-2026","product_tag-pedida-de-mano-en-salou-con-petalos-de-rosa","product_tag-proposal-salou","product_tag-8488"],"_links":{"self":[{"href":"https:\/\/perfectvenue.es\/es\/wp-json\/wp\/v2\/product\/51241","targetHints":{"allow":["GET"]}}],"collection":[{"href":"https:\/\/perfectvenue.es\/es\/wp-json\/wp\/v2\/product"}],"about":[{"href":"https:\/\/perfectvenue.es\/es\/wp-json\/wp\/v2\/types\/product"}],"replies":[{"embeddable":true,"href":"https:\/\/perfectvenue.es\/es\/wp-json\/wp\/v2\/comments?post=51241"}],"wp:featuredmedia":[{"embeddable":true,"href":"https:\/\/perfectvenue.es\/es\/wp-json\/wp\/v2\/media\/51242"}],"wp:attachment":[{"href":"https:\/\/perfectvenue.es\/es\/wp-json\/wp\/v2\/media?parent=51241"}],"curies":[{"name":"wp","href":"https:\/\/api.w.org\/{rel}","templated":true}]}}